{"id":1593,"date":"2018-08-30T17:55:12","date_gmt":"2018-08-30T15:55:12","guid":{"rendered":"https:\/\/www.cinela.fr\/?page_id=1593"},"modified":"2018-09-12T18:15:17","modified_gmt":"2018-09-12T16:15:17","slug":"actualites","status":"publish","type":"page","link":"https:\/\/www.cinela.fr\/fr\/actualites\/","title":{"rendered":"Actualit\u00e9s"},"content":{"rendered":"<div id='av_section_1'  class='avia-section av-g2j03-b7bcc2ba9055ae8b2085d670865d0b14 header_color avia-section-small avia-no-shadow  avia-builder-el-0  el_before_av_masonry_entries  avia-builder-el-first  avia-bg-style-scroll container_wrap fullsize'  ><div class='container av-section-cont-open' ><main  role=\"main\" itemprop=\"mainContentOfPage\"  class='template-page content  av-content-full alpha units'><div class='post-entry post-entry-type-page post-entry-1593'><div class='entry-content-wrapper clearfix'>\n<section  class='av_textblock_section av-eyqin-bb0b0b3c4832a0f560dc63b734ee521c '   itemscope=\"itemscope\" itemtype=\"https:\/\/schema.org\/CreativeWork\" ><div class='avia_textblock'  itemprop=\"text\" ><h1>Actualit\u00e9s<\/h1>\n<\/div><\/section>\n<div class=\"breadcrumbs \"><nav class=\"woocommerce-breadcrumb\" aria-label=\"Breadcrumb\"><span class=\"last-crumb\">Accueil<\/span><\/nav><\/div>\n\n<div id='av-masonry-1' class='av-masonry av-jlhyjq90-411b4d088e3d09f89531fabfb1aabca9 noHover av-fixed-size av-1px-gap av-hover-overlay-active av-masonry-animation-active av-masonry-col-flexible av-caption-always av-caption-style- av-masonry-entries ' data-post_id=\"1593\"><div class=\"av-masonry-container isotope av-js-disabled\"><div class='av-masonry-entry isotope-item av-masonry-item-no-image '><\/div><a href=\"https:\/\/www.cinela.fr\/fr\/gammes-de-produits\/suspensions-a-isolateurs-elliptiques-e-osix\/e-osix-pour-sony-ecm-778-8-1-00-r\/\"  id='av-masonry-1-item-14542' data-av-masonry-item='14542' class='av-masonry-entry isotope-item post-14542 product type-product status-publish product_cat-suspensions-a-isolateurs-elliptiques-e-osix first instock shipping-taxable product-type-simple  av-masonry-item-no-image' title=\"E-OSIX pour SONY ECM-778 (8-1-00-R)\"   itemscope=\"itemscope\" itemtype=\"https:\/\/schema.org\/CreativeWork\" ><div class='av-inner-masonry-sizer'><\/div><figure class='av-inner-masonry main_color'><figcaption class='av-inner-masonry-content site-background'><div class='av-inner-masonry-content-pos'><div class='av-inner-masonry-content-pos-content'><div class='avia-arrow'><\/div><h3 class='av-masonry-entry-title entry-title '  itemprop=\"headline\" >E-OSIX pour SONY ECM-778 (8-1-00-R)<\/h3><div class='av-masonry-entry-content entry-content'  itemprop=\"text\" >Suspension d\u00e9di\u00e9e au microphone SONY ECM-778.<br \/>\nBerceau n\u00b08<br \/>\nIsolateurs\u2026<\/div><span class=\"av-masonry-price price\"><\/span><\/div><\/div><\/figcaption><\/figure><\/a><!--end av-masonry entry--><a href=\"https:\/\/www.cinela.fr\/fr\/gammes-de-produits\/microphones\/sony-ecm778\/\"  id='av-masonry-1-item-14540' data-av-masonry-item='14540' class='av-masonry-entry isotope-item post-14540 product type-product status-publish product_cat-microphones  instock shipping-taxable product-type-external  av-masonry-item-no-image' title=\"SONY ECM778\"   itemscope=\"itemscope\" itemtype=\"https:\/\/schema.org\/CreativeWork\" ><div class='av-inner-masonry-sizer'><\/div><figure class='av-inner-masonry main_color'><figcaption class='av-inner-masonry-content site-background'><div class='av-inner-masonry-content-pos'><div class='av-inner-masonry-content-pos-content'><div class='avia-arrow'><\/div><h3 class='av-masonry-entry-title entry-title '  itemprop=\"headline\" >SONY ECM778<\/h3><span class=\"av-masonry-price price\"><\/span><\/div><\/div><\/figcaption><\/figure><\/a><!--end av-masonry entry--><a href=\"https:\/\/www.cinela.fr\/fr\/gammes-de-produits\/accessoires-autres\/molette-principale-de-serrage-pour-rotule-2ax\/\"  id='av-masonry-1-item-14538' data-av-masonry-item='14538' class='av-masonry-entry isotope-item post-14538 product type-product status-publish product_cat-accessoires-autres  instock shipping-taxable product-type-simple  av-masonry-item-no-image' title=\"Molette principale de serrage pour rotule 2AX\"   itemscope=\"itemscope\" itemtype=\"https:\/\/schema.org\/CreativeWork\" ><div class='av-inner-masonry-sizer'><\/div><figure class='av-inner-masonry main_color'><figcaption class='av-inner-masonry-content site-background'><div class='av-inner-masonry-content-pos'><div class='av-inner-masonry-content-pos-content'><div class='avia-arrow'><\/div><h3 class='av-masonry-entry-title entry-title '  itemprop=\"headline\" >Molette principale de serrage pour rotule 2AX<\/h3><div class='av-masonry-entry-content entry-content'  itemprop=\"text\" >Molette principale de serrage pour rotule 2AX<br \/>\nVid\u00e9o de pr\u00e9sentation\u2026<\/div><span class=\"av-masonry-price price\"><\/span><\/div><\/div><\/figcaption><\/figure><\/a><!--end av-masonry entry--><a href=\"https:\/\/www.cinela.fr\/fr\/gammes-de-produits\/bonnettes-piano\/bonnette-piano-ms-pour-cmit-cmc6-rotule-2-axes\/\"  id='av-masonry-1-item-14536' data-av-masonry-item='14536' class='av-masonry-entry isotope-item post-14536 product type-product status-publish product_cat-bonnettes-piano  instock shipping-taxable product-type-simple  av-masonry-item-no-image' title=\"Bonnette PIANO MS pour CMIT + CMC6 rotule 2 axes\"   itemscope=\"itemscope\" itemtype=\"https:\/\/schema.org\/CreativeWork\" ><div class='av-inner-masonry-sizer'><\/div><figure class='av-inner-masonry main_color'><figcaption class='av-inner-masonry-content site-background'><div class='av-inner-masonry-content-pos'><div class='av-inner-masonry-content-pos-content'><div class='avia-arrow'><\/div><h3 class='av-masonry-entry-title entry-title '  itemprop=\"headline\" >Bonnette PIANO MS pour CMIT + CMC6 rotule 2 axes<\/h3><span class=\"av-masonry-price price\"><\/span><\/div><\/div><\/figcaption><\/figure><\/a><!--end av-masonry entry--><a href=\"https:\/\/www.cinela.fr\/fr\/gammes-de-produits\/accessoires-autres\/kit-rotule-2ax-pour-piano\/\"  id='av-masonry-1-item-14525' data-av-masonry-item='14525' class='av-masonry-entry isotope-item post-14525 product type-product status-publish product_cat-accessoires-autres last instock shipping-taxable product-type-simple  av-masonry-item-no-image' title=\"KIT Rotule \u00ab\u00a02AX\u00a0\u00bb pour PIANO\"   itemscope=\"itemscope\" itemtype=\"https:\/\/schema.org\/CreativeWork\" ><div class='av-inner-masonry-sizer'><\/div><figure class='av-inner-masonry main_color'><figcaption class='av-inner-masonry-content site-background'><div class='av-inner-masonry-content-pos'><div class='av-inner-masonry-content-pos-content'><div class='avia-arrow'><\/div><h3 class='av-masonry-entry-title entry-title '  itemprop=\"headline\" >KIT Rotule \u00ab\u00a02AX\u00a0\u00bb pour PIANO<\/h3><div class='av-masonry-entry-content entry-content'  itemprop=\"text\" >KIT de pi\u00e8ces pour une \u00e9volution compl\u00e8te de la rotule PIANO.<br \/>\nMod\u00e8le\u2026<\/div><span class=\"av-masonry-price price\"><\/span><\/div><\/div><\/figcaption><\/figure><\/a><!--end av-masonry entry--><a href=\"https:\/\/www.cinela.fr\/fr\/gammes-de-produits\/accessoires-autres\/kit-rotule-2ax-pour-albert\/\"  id='av-masonry-1-item-14527' data-av-masonry-item='14527' class='av-masonry-entry isotope-item post-14527 product type-product status-publish product_cat-accessoires-autres first instock shipping-taxable product-type-simple  av-masonry-item-no-image' title=\"KIT Rotule \u00ab\u00a02AX\u00a0\u00bb pour ALBERT\"   itemscope=\"itemscope\" itemtype=\"https:\/\/schema.org\/CreativeWork\" ><div class='av-inner-masonry-sizer'><\/div><figure class='av-inner-masonry main_color'><figcaption class='av-inner-masonry-content site-background'><div class='av-inner-masonry-content-pos'><div class='av-inner-masonry-content-pos-content'><div class='avia-arrow'><\/div><h3 class='av-masonry-entry-title entry-title '  itemprop=\"headline\" >KIT Rotule \u00ab\u00a02AX\u00a0\u00bb pour ALBERT<\/h3><div class='av-masonry-entry-content entry-content'  itemprop=\"text\" >KIT de pi\u00e8ces pour une \u00e9volution compl\u00e8te de la rotule ALBERT.<br \/>\nMod\u00e8le\u2026<\/div><span class=\"av-masonry-price price\"><\/span><\/div><\/div><\/figcaption><\/figure><\/a><!--end av-masonry entry--><a href=\"https:\/\/www.cinela.fr\/fr\/gammes-de-produits\/accessoires-autres\/kit-rotule-2ax-pour-zephyx\/\"  id='av-masonry-1-item-14529' data-av-masonry-item='14529' class='av-masonry-entry isotope-item post-14529 product type-product status-publish product_cat-accessoires-autres  instock shipping-taxable product-type-simple  av-masonry-item-no-image' title=\"KIT Rotule \u00ab\u00a02AX\u00a0\u00bb pour ZEPHYX\"   itemscope=\"itemscope\" itemtype=\"https:\/\/schema.org\/CreativeWork\" ><div class='av-inner-masonry-sizer'><\/div><figure class='av-inner-masonry main_color'><figcaption class='av-inner-masonry-content site-background'><div class='av-inner-masonry-content-pos'><div class='av-inner-masonry-content-pos-content'><div class='avia-arrow'><\/div><h3 class='av-masonry-entry-title entry-title '  itemprop=\"headline\" >KIT Rotule \u00ab\u00a02AX\u00a0\u00bb pour ZEPHYX<\/h3><div class='av-masonry-entry-content entry-content'  itemprop=\"text\" >KIT de pi\u00e8ces pour une \u00e9volution compl\u00e8te de la rotule ZEPHYX.<br \/>\nMod\u00e8le\u2026<\/div><span class=\"av-masonry-price price\"><\/span><\/div><\/div><\/figcaption><\/figure><\/a><!--end av-masonry entry--><a href=\"https:\/\/www.cinela.fr\/fr\/gammes-de-produits\/suspensions-gamme-classique-osix\/suspension-ortf-pour-sennheiser-mkh8040\/\"  id='av-masonry-1-item-14521' data-av-masonry-item='14521' class='av-masonry-entry isotope-item post-14521 product type-product status-publish product_cat-suspensions-gamme-classique-osix  instock shipping-taxable product-type-simple  av-masonry-item-no-image' title=\"Suspension ORTF pour Sennheiser MKH8040\"   itemscope=\"itemscope\" itemtype=\"https:\/\/schema.org\/CreativeWork\" ><div class='av-inner-masonry-sizer'><\/div><figure class='av-inner-masonry main_color'><figcaption class='av-inner-masonry-content site-background'><div class='av-inner-masonry-content-pos'><div class='av-inner-masonry-content-pos-content'><div class='avia-arrow'><\/div><h3 class='av-masonry-entry-title entry-title '  itemprop=\"headline\" >Suspension ORTF pour Sennheiser MKH8040<\/h3><div class='av-masonry-entry-content entry-content'  itemprop=\"text\" >Suspension \u00e0 trois isolateurs \"crois\u00e9s\" permettant de visser\u2026<\/div><span class=\"av-masonry-price price\"><\/span><\/div><\/div><\/figcaption><\/figure><\/a><!--end av-masonry entry--><a href=\"https:\/\/www.cinela.fr\/fr\/gammes-de-produits\/accessoires-autres\/kit-rotule-2ax-pour-pianissimo\/\"  id='av-masonry-1-item-14523' data-av-masonry-item='14523' class='av-masonry-entry isotope-item post-14523 product type-product status-publish product_cat-accessoires-autres  instock shipping-taxable product-type-simple  av-masonry-item-no-image' title=\"KIT Rotule \u00ab\u00a02AX\u00a0\u00bb pour PIANISSIMO\"   itemscope=\"itemscope\" itemtype=\"https:\/\/schema.org\/CreativeWork\" ><div class='av-inner-masonry-sizer'><\/div><figure class='av-inner-masonry main_color'><figcaption class='av-inner-masonry-content site-background'><div class='av-inner-masonry-content-pos'><div class='av-inner-masonry-content-pos-content'><div class='avia-arrow'><\/div><h3 class='av-masonry-entry-title entry-title '  itemprop=\"headline\" >KIT Rotule \u00ab\u00a02AX\u00a0\u00bb pour PIANISSIMO<\/h3><div class='av-masonry-entry-content entry-content'  itemprop=\"text\" >KIT de pi\u00e8ces pour une \u00e9volution compl\u00e8te de la rotule PIANISSIMO.<br \/>\nMod\u00e8le\u2026<\/div><span class=\"av-masonry-price price\"><\/span><\/div><\/div><\/figcaption><\/figure><\/a><!--end av-masonry entry--><a href=\"https:\/\/www.cinela.fr\/fr\/gammes-de-produits\/bonnettes-pianissimo\/bonnette-pianissimo-xlr5-mkh-8018-versatile\/\"  id='av-masonry-1-item-14513' data-av-masonry-item='14513' class='av-masonry-entry isotope-item post-14513 product type-product status-publish product_cat-bonnettes-pianissimo last instock shipping-taxable product-type-simple  av-masonry-item-no-image' title=\"Bonnette PIANISSIMO XLR5 (MKH 8018) VERSATILE\"   itemscope=\"itemscope\" itemtype=\"https:\/\/schema.org\/CreativeWork\" ><div class='av-inner-masonry-sizer'><\/div><figure class='av-inner-masonry main_color'><figcaption class='av-inner-masonry-content site-background'><div class='av-inner-masonry-content-pos'><div class='av-inner-masonry-content-pos-content'><div class='avia-arrow'><\/div><h3 class='av-masonry-entry-title entry-title '  itemprop=\"headline\" >Bonnette PIANISSIMO XLR5 (MKH 8018) VERSATILE<\/h3><div class='av-masonry-entry-content entry-content'  itemprop=\"text\" >Bonnette anti-vent pour microphone Sennheiser MKH 8018 (MS, XY)<br \/>\nVersion\u2026<\/div><span class=\"av-masonry-price price\"><\/span><\/div><\/div><\/figcaption><\/figure><\/a><!--end av-masonry entry--><a href=\"https:\/\/www.cinela.fr\/fr\/gammes-de-produits\/cosi-3\/cosi-cage-xl-22mm-holder-reusine\/\"  id='av-masonry-1-item-14509' data-av-masonry-item='14509' class='av-masonry-entry isotope-item post-14509 product type-product status-publish product_cat-cosi-3 first instock shipping-taxable product-type-simple  av-masonry-item-no-image' title=\"COSI, Cage XL, 22mm holder r\u00e9usin\u00e9\"   itemscope=\"itemscope\" itemtype=\"https:\/\/schema.org\/CreativeWork\" ><div class='av-inner-masonry-sizer'><\/div><figure class='av-inner-masonry main_color'><figcaption class='av-inner-masonry-content site-background'><div class='av-inner-masonry-content-pos'><div class='av-inner-masonry-content-pos-content'><div class='avia-arrow'><\/div><h3 class='av-masonry-entry-title entry-title '  itemprop=\"headline\" >COSI, Cage XL, 22mm holder r\u00e9usin\u00e9<\/h3><div class='av-masonry-entry-content entry-content'  itemprop=\"text\" >COSI XL, d\u00e9di\u00e9e au micro SENNHEISER MKH8018 (MS).<br \/>\nCage Extra\u2026<\/div><span class=\"av-masonry-price price\"><\/span><\/div><\/div><\/figcaption><\/figure><\/a><!--end av-masonry entry--><a href=\"https:\/\/www.cinela.fr\/fr\/gammes-de-produits\/bonnettes-pianissimo\/bonnette-pianissimo-xlr5-mkh-8018-dediee\/\"  id='av-masonry-1-item-14511' data-av-masonry-item='14511' class='av-masonry-entry isotope-item post-14511 product type-product status-publish product_cat-bonnettes-pianissimo  instock shipping-taxable product-type-simple  av-masonry-item-no-image' title=\"Bonnette PIANISSIMO XLR5 (MKH 8018) D\u00e9di\u00e9e\"   itemscope=\"itemscope\" itemtype=\"https:\/\/schema.org\/CreativeWork\" ><div class='av-inner-masonry-sizer'><\/div><figure class='av-inner-masonry main_color'><figcaption class='av-inner-masonry-content site-background'><div class='av-inner-masonry-content-pos'><div class='av-inner-masonry-content-pos-content'><div class='avia-arrow'><\/div><h3 class='av-masonry-entry-title entry-title '  itemprop=\"headline\" >Bonnette PIANISSIMO XLR5 (MKH 8018) D\u00e9di\u00e9e<\/h3><div class='av-masonry-entry-content entry-content'  itemprop=\"text\" >Bonnette anti-vent pour microphone Sennheiser MKH 8018 (MS, XY)<br \/>\nVersion\u2026<\/div><span class=\"av-masonry-price price\"><\/span><\/div><\/div><\/figcaption><\/figure><\/a><!--end av-masonry entry--><\/div><a class='av-masonry-pagination av-masonry-load-more' href='#load-more'  data-link='category, 16'  data-term_rel='IN'  data-wc_prod_visible=''  data-wc_prod_hidden=''  data-wc_prod_featured=''  data-wc_prod_sale=''  data-prod_order_by=''  data-prod_order=''  data-date_filter=''  data-date_filter_start=''  data-date_filter_end=''  data-date_filter_format='yy\/mm\/dd'  data-period_filter_unit_1=''  data-period_filter_unit_2=''  data-page_element_filter=''  data-sort='no'  data-query_orderby='date'  data-query_order='DESC'  data-caption_elements='title excerpt'  data-caption_styling=''  data-caption_display='always'  data-img_copyright=''  data-size='fixed masonry'  data-orientation=''  data-image_size='masonry'  data-gap='1px'  data-columns='flexible'  data-av-desktop-columns=''  data-av-medium-columns=''  data-av-small-columns=''  data-av-mini-columns=''  data-items='12'  data-paginate='load_more'  data-color=''  data-custom_bg=''  data-img_copyright_font=''  data-av-desktop-font-img_copyright_font=''  data-av-medium-font-img_copyright_font=''  data-av-small-font-img_copyright_font=''  data-av-mini-font-img_copyright_font=''  data-img_copyright_color=''  data-img_copyright_bg=''  data-animation='active'  data-animation_duration=''  data-animation_custom_bg_color=''  data-animation_custom_bg_color_multi_list=''  data-animation_z_index_curtain='100'  data-overlay_fx='active'  data-img_scrset=''  data-lazy_loading='disabled'  data-av-desktop-hide=''  data-av-medium-hide=''  data-av-small-hide=''  data-av-mini-hide=''  data-alb_description=''  data-id=''  data-custom_class=''  data-template_class=''  data-av_uid='av-jlhyjq90'  data-sc_version='1.0'  data-ids=''  data-action=''  data-post_type='post, page, attachment, revision, nav_menu_item, custom_css, customize_changeset, oembed_cache, user_request, wp_block, wp_template, wp_template_part, wp_global_styles, wp_navigation, wp_font_family, wp_font_face, product, product_variation, shop_order, shop_order_refund, shop_order_placehold, alb_custom_layout, avia_framework_post, wpcf7_contact_form, dealer, portfolio'  data-offset='0'  data-container_links='active'  data-link_dest=''  data-lightbox_text=''  data-container_class='av-masonry-entries'  data-auto_ratio='1.7'  data-set_breadcrumb='1'  data-custom_markup=''  data-taxonomy='category'  data-categories=''  data-avno='2335586f62'>Charger plus<\/a><\/div>\n","protected":false},"excerpt":{"rendered":"","protected":false},"author":1,"featured_media":0,"parent":0,"menu_order":0,"comment_status":"closed","ping_status":"closed","template":"","meta":{"footnotes":""},"class_list":["post-1593","page","type-page","status-publish","hentry"],"_links":{"self":[{"href":"https:\/\/www.cinela.fr\/fr\/wp-json\/wp\/v2\/pages\/1593","targetHints":{"allow":["GET"]}}],"collection":[{"href":"https:\/\/www.cinela.fr\/fr\/wp-json\/wp\/v2\/pages"}],"about":[{"href":"https:\/\/www.cinela.fr\/fr\/wp-json\/wp\/v2\/types\/page"}],"author":[{"embeddable":true,"href":"https:\/\/www.cinela.fr\/fr\/wp-json\/wp\/v2\/users\/1"}],"replies":[{"embeddable":true,"href":"https:\/\/www.cinela.fr\/fr\/wp-json\/wp\/v2\/comments?post=1593"}],"version-history":[{"count":0,"href":"https:\/\/www.cinela.fr\/fr\/wp-json\/wp\/v2\/pages\/1593\/revisions"}],"wp:attachment":[{"href":"https:\/\/www.cinela.fr\/fr\/wp-json\/wp\/v2\/media?parent=1593"}],"curies":[{"name":"wp","href":"https:\/\/api.w.org\/{rel}","templated":true}]}}