{"id":3573,"date":"2020-02-20T14:56:54","date_gmt":"2020-02-20T13:56:54","guid":{"rendered":"https:\/\/www.cinela.fr\/?page_id=3573"},"modified":"2023-03-31T17:00:54","modified_gmt":"2023-03-31T15:00:54","slug":"kelly","status":"publish","type":"page","link":"https:\/\/www.cinela.fr\/fr\/kelly\/","title":{"rendered":"Kelly"},"content":{"rendered":"<div id='av_section_1'  class='avia-section av-g2j03-b7bcc2ba9055ae8b2085d670865d0b14 header_color avia-section-small avia-no-shadow  avia-builder-el-0  el_before_av_layout_row  avia-builder-el-first  avia-bg-style-scroll container_wrap fullsize'  ><div class='container av-section-cont-open' ><main  role=\"main\" itemprop=\"mainContentOfPage\"  class='template-page content  av-content-full alpha units'><div class='post-entry post-entry-type-page post-entry-3573'><div class='entry-content-wrapper clearfix'>\n<section  class='av_textblock_section av-eyqin-f2fe1dee251a9af54dbe0623166d626b '   itemscope=\"itemscope\" itemtype=\"https:\/\/schema.org\/CreativeWork\" ><div class='avia_textblock'  itemprop=\"text\" ><h1>Protections anti-pluie KELLY<\/h1>\n<p>2012&nbsp;: Sortie de la KELLY<\/p>\n<\/div><\/section>\n<div class=\"breadcrumbs \"><nav class=\"woocommerce-breadcrumb\" aria-label=\"Breadcrumb\"><span class=\"last-crumb\">Accueil<\/span><\/nav><\/div>\n\n<\/div><\/div><\/main><!-- close content main element --><\/div><\/div><div id='av-layout-grid-1'  class='av-layout-grid-container av-1dwwr-bfd0ed741ae1b126e4fc827648920957 entry-content-wrapper alternate_color av-flex-cells  avia-builder-el-3  el_after_av_section  el_before_av_section  grid-row-not-first  container_wrap fullsize'  >\n\n<style type=\"text\/css\" data-created_by=\"avia_inline_auto\" id=\"style-css-av-ddoyv-6472988a854cf581382a179efd0f9133\">\n.flex_cell.av-ddoyv-6472988a854cf581382a179efd0f9133{\nvertical-align:top;\n}\n.responsive #top #wrap_all .flex_cell.av-ddoyv-6472988a854cf581382a179efd0f9133{\npadding:30px 30px 30px 30px !important;\n}\n<\/style>\n<div class='flex_cell av-ddoyv-6472988a854cf581382a179efd0f9133 av-gridrow-cell av_three_fourth no_margin  avia-builder-el-4  el_before_av_cell_one_fourth  avia-builder-el-first  content-align-top'  ><div class='flex_cell_inner'><section  class='av_textblock_section av-lcuo3zzz-7c81219a352fda36d3c36cfcf3e30d2b '   itemscope=\"itemscope\" itemtype=\"https:\/\/schema.org\/CreativeWork\" ><div class='avia_textblock'  itemprop=\"text\" ><h2>Protections anti-pluie d\u00e9di\u00e9es aux bonnettes anti-vent de la marque CINELA<\/h2>\n<p>Protection anti-pluie d\u00e9di\u00e9e \u00e0 chacune des bonnettes anti-vent : ALBERT, PIANO, PIANISSIMO, ZEPHYX et SURROUND\/3D, constitu\u00e9e d&rsquo;une mousse de 3 cm d&rsquo;\u00e9paisseur \u00e0 grosses alv\u00e9oles ouvertes.<\/p>\n\n\t\t<style type=\"text\/css\">\n\t\t\t#gallery-1 {\n\t\t\t\tmargin: auto;\n\t\t\t}\n\t\t\t#gallery-1 .gallery-item {\n\t\t\t\tfloat: left;\n\t\t\t\tmargin-top: 10px;\n\t\t\t\ttext-align: center;\n\t\t\t\twidth: 33%;\n\t\t\t}\n\t\t\t#gallery-1 img {\n\t\t\t\tborder: 2px solid #cfcfcf;\n\t\t\t}\n\t\t\t#gallery-1 .gallery-caption {\n\t\t\t\tmargin-left: 0;\n\t\t\t}\n\t\t\t\/* see gallery_shortcode() in wp-includes\/media.php *\/\n\t\t<\/style>\n\t\t<div id='gallery-1' class='gallery galleryid-3573 gallery-columns-3 gallery-size-medium'><dl class='gallery-item'>\n\t\t\t<dt class='gallery-icon landscape'>\n\t\t\t\t<a href='https:\/\/www.cinela.fr\/wp-content\/uploads\/2023\/02\/PIA-KELLY-B.jpg'><img loading=\"lazy\" decoding=\"async\" width=\"300\" height=\"240\" src=\"https:\/\/www.cinela.fr\/wp-content\/uploads\/2023\/02\/PIA-KELLY-B-300x240.jpg\" class=\"attachment-medium size-medium\" alt=\"PIA-KELLY-B\" srcset=\"https:\/\/www.cinela.fr\/wp-content\/uploads\/2023\/02\/PIA-KELLY-B-300x240.jpg 300w, https:\/\/www.cinela.fr\/wp-content\/uploads\/2023\/02\/PIA-KELLY-B-1030x823.jpg 1030w, https:\/\/www.cinela.fr\/wp-content\/uploads\/2023\/02\/PIA-KELLY-B-768x614.jpg 768w, https:\/\/www.cinela.fr\/wp-content\/uploads\/2023\/02\/PIA-KELLY-B-1536x1228.jpg 1536w, https:\/\/www.cinela.fr\/wp-content\/uploads\/2023\/02\/PIA-KELLY-B-1500x1199.jpg 1500w, https:\/\/www.cinela.fr\/wp-content\/uploads\/2023\/02\/PIA-KELLY-B-705x564.jpg 705w, https:\/\/www.cinela.fr\/wp-content\/uploads\/2023\/02\/PIA-KELLY-B-450x360.jpg 450w, https:\/\/www.cinela.fr\/wp-content\/uploads\/2023\/02\/PIA-KELLY-B-600x480.jpg 600w, https:\/\/www.cinela.fr\/wp-content\/uploads\/2023\/02\/PIA-KELLY-B.jpg 2000w\" sizes=\"auto, (max-width: 300px) 100vw, 300px\" \/><\/a>\n\t\t\t<\/dt><\/dl><dl class='gallery-item'>\n\t\t\t<dt class='gallery-icon landscape'>\n\t\t\t\t<a href='https:\/\/www.cinela.fr\/wp-content\/uploads\/2023\/02\/Z-KELLY-C.jpg'><img loading=\"lazy\" decoding=\"async\" width=\"300\" height=\"260\" src=\"https:\/\/www.cinela.fr\/wp-content\/uploads\/2023\/02\/Z-KELLY-C-300x260.jpg\" class=\"attachment-medium size-medium\" alt=\"Z-KELLY-C\" srcset=\"https:\/\/www.cinela.fr\/wp-content\/uploads\/2023\/02\/Z-KELLY-C-300x260.jpg 300w, https:\/\/www.cinela.fr\/wp-content\/uploads\/2023\/02\/Z-KELLY-C-1030x894.jpg 1030w, https:\/\/www.cinela.fr\/wp-content\/uploads\/2023\/02\/Z-KELLY-C-768x666.jpg 768w, https:\/\/www.cinela.fr\/wp-content\/uploads\/2023\/02\/Z-KELLY-C-1536x1332.jpg 1536w, https:\/\/www.cinela.fr\/wp-content\/uploads\/2023\/02\/Z-KELLY-C-1500x1301.jpg 1500w, https:\/\/www.cinela.fr\/wp-content\/uploads\/2023\/02\/Z-KELLY-C-705x612.jpg 705w, https:\/\/www.cinela.fr\/wp-content\/uploads\/2023\/02\/Z-KELLY-C-450x390.jpg 450w, https:\/\/www.cinela.fr\/wp-content\/uploads\/2023\/02\/Z-KELLY-C-600x521.jpg 600w, https:\/\/www.cinela.fr\/wp-content\/uploads\/2023\/02\/Z-KELLY-C.jpg 2000w\" sizes=\"auto, (max-width: 300px) 100vw, 300px\" \/><\/a>\n\t\t\t<\/dt><\/dl><dl class='gallery-item'>\n\t\t\t<dt class='gallery-icon landscape'>\n\t\t\t\t<a href='https:\/\/www.cinela.fr\/wp-content\/uploads\/2023\/02\/Al-KELLY-B.jpg'><img loading=\"lazy\" decoding=\"async\" width=\"300\" height=\"207\" src=\"https:\/\/www.cinela.fr\/wp-content\/uploads\/2023\/02\/Al-KELLY-B-300x207.jpg\" class=\"attachment-medium size-medium\" alt=\"Al-KELLY-B\" srcset=\"https:\/\/www.cinela.fr\/wp-content\/uploads\/2023\/02\/Al-KELLY-B-300x207.jpg 300w, https:\/\/www.cinela.fr\/wp-content\/uploads\/2023\/02\/Al-KELLY-B-1030x710.jpg 1030w, https:\/\/www.cinela.fr\/wp-content\/uploads\/2023\/02\/Al-KELLY-B-768x530.jpg 768w, https:\/\/www.cinela.fr\/wp-content\/uploads\/2023\/02\/Al-KELLY-B-1536x1059.jpg 1536w, https:\/\/www.cinela.fr\/wp-content\/uploads\/2023\/02\/Al-KELLY-B-1500x1034.jpg 1500w, https:\/\/www.cinela.fr\/wp-content\/uploads\/2023\/02\/Al-KELLY-B-705x486.jpg 705w, https:\/\/www.cinela.fr\/wp-content\/uploads\/2023\/02\/Al-KELLY-B-450x310.jpg 450w, https:\/\/www.cinela.fr\/wp-content\/uploads\/2023\/02\/Al-KELLY-B-600x414.jpg 600w, https:\/\/www.cinela.fr\/wp-content\/uploads\/2023\/02\/Al-KELLY-B.jpg 2000w\" sizes=\"auto, (max-width: 300px) 100vw, 300px\" \/><\/a>\n\t\t\t<\/dt><\/dl><br style=\"clear: both\" \/>\n\t\t<\/div>\n\n<p>&nbsp;Par principe de la Kelly, chaque goutte de pluie se brise silencieusement dans les grosses alv\u00e9oles de la mousse, puis glisse le long du tissu interne lui-m\u00eame imperm\u00e9abilis\u00e9 \u00e0 l&rsquo;aide du spray Nikwak<sup>\u00ae<\/sup>. La taille importante des alv\u00e9oles permet aussi de favoriser l&rsquo;\u00e9coulement et l&rsquo;\u00e9vacuation naturelle de l&rsquo;eau hors de la mousse (effet d&rsquo;\u00e9ponge limit\u00e9).<\/p>\n<h4 style=\"color: #f6c913;\">En savoir plus<\/h4>\n<\/div><\/section>\n<\/div><\/div>\n<style type=\"text\/css\" data-created_by=\"avia_inline_auto\" id=\"style-css-av-cbypn-3646a5d5fd8c2f73a659fef92349342e\">\n.flex_cell.av-cbypn-3646a5d5fd8c2f73a659fef92349342e{\nvertical-align:top;\n}\n.responsive #top #wrap_all .flex_cell.av-cbypn-3646a5d5fd8c2f73a659fef92349342e{\npadding:30px 30px 30px 30px !important;\n}\n<\/style>\n<div class='flex_cell av-cbypn-3646a5d5fd8c2f73a659fef92349342e av-gridrow-cell av_one_fourth no_margin  avia-builder-el-6  el_after_av_cell_three_fourth  avia-builder-el-last  content-align-top'  ><div class='flex_cell_inner'>\n<style type=\"text\/css\" data-created_by=\"avia_inline_auto\" id=\"style-css-av-lfic4347-54b03b75ff7b0a6880e39a70c5ca4738\">\n.avia-image-container.av-lfic4347-54b03b75ff7b0a6880e39a70c5ca4738 img.avia_image{\nbox-shadow:none;\n}\n.avia-image-container.av-lfic4347-54b03b75ff7b0a6880e39a70c5ca4738 .av-image-caption-overlay-center{\ncolor:#ffffff;\n}\n<\/style>\n<div  class='avia-image-container av-lfic4347-54b03b75ff7b0a6880e39a70c5ca4738 av-styling- avia-align-center  avia-builder-el-7  avia-builder-el-no-sibling '   itemprop=\"image\" itemscope=\"itemscope\" itemtype=\"https:\/\/schema.org\/ImageObject\" ><div class=\"avia-image-container-inner\"><div class=\"avia-image-overlay-wrap\"><img decoding=\"async\" fetchpriority=\"high\" class='wp-image-13081 avia-img-lazy-loading-not-13081 avia_image ' src=\"https:\/\/www.cinela.fr\/wp-content\/uploads\/2023\/02\/KELLY-Genne-Kelly.jpg\" alt='KELLY-Genne Kelly' title='KELLY-Genne Kelly'  height=\"1509\" width=\"1300\"  itemprop=\"thumbnailUrl\" srcset=\"https:\/\/www.cinela.fr\/wp-content\/uploads\/2023\/02\/KELLY-Genne-Kelly.jpg 1300w, https:\/\/www.cinela.fr\/wp-content\/uploads\/2023\/02\/KELLY-Genne-Kelly-258x300.jpg 258w, https:\/\/www.cinela.fr\/wp-content\/uploads\/2023\/02\/KELLY-Genne-Kelly-887x1030.jpg 887w, https:\/\/www.cinela.fr\/wp-content\/uploads\/2023\/02\/KELLY-Genne-Kelly-768x891.jpg 768w, https:\/\/www.cinela.fr\/wp-content\/uploads\/2023\/02\/KELLY-Genne-Kelly-1292x1500.jpg 1292w, https:\/\/www.cinela.fr\/wp-content\/uploads\/2023\/02\/KELLY-Genne-Kelly-607x705.jpg 607w, https:\/\/www.cinela.fr\/wp-content\/uploads\/2023\/02\/KELLY-Genne-Kelly-450x522.jpg 450w, https:\/\/www.cinela.fr\/wp-content\/uploads\/2023\/02\/KELLY-Genne-Kelly-600x696.jpg 600w\" sizes=\"(max-width: 1300px) 100vw, 1300px\" \/><\/div><\/div><\/div>\n<\/div><\/div><\/div><div id='av_section_2'  class='avia-section av-jkkwmc6g-98f3134af0e6e08ce54f0fa0219b399a main_color avia-section-default avia-no-border-styling  avia-builder-el-8  el_after_av_layout_row  el_before_av_layout_row  bg-bleu-clair avia-bg-style-scroll container_wrap fullsize'  ><div class='container av-section-cont-open' ><div class='template-page content  av-content-full alpha units'><div class='post-entry post-entry-type-page post-entry-3573'><div class='entry-content-wrapper clearfix'>\n<div  class='avia-product-slider-container av-6z03v-eb97253f04d21878e7f26e3b416b71a2 template-shop avia-content-slider avia-content-grid-active shop_columns_5  avia-builder-el-9  avia-builder-el-no-sibling  bg-bleu-clair avia-content-slider-odd  avia-builder-el-9  avia-builder-el-no-sibling  bg-bleu-clair av-slideshow-ui av-slider-hover-pause av-slideshow-manual av-loop-once av-loop-manual-endless avia-product-slider1' data-slideshow-options=\"{&quot;animation&quot;:&quot;fade&quot;,&quot;autoplay&quot;:false,&quot;loop_autoplay&quot;:&quot;once&quot;,&quot;interval&quot;:5,&quot;loop_manual&quot;:&quot;manual-endless&quot;,&quot;autoplay_stopper&quot;:false,&quot;noNavigation&quot;:false,&quot;bg_slider&quot;:false,&quot;keep_padding&quot;:false,&quot;hoverpause&quot;:true,&quot;show_slide_delay&quot;:0}\"><div class='avia-content-slider-inner'><ul class=\"products\"><li class=\"product type-product post-12234 status-publish first instock product_cat-protections-pluie-kelly shipping-taxable product-type-simple\">\n\t<div class='inner_product main_color wrapped_style noLightbox  av-product-class-no_button'><a href=\"https:\/\/www.cinela.fr\/fr\/gammes-de-produits\/protections-pluie-kelly\/protection-anti-pluie-pour-bonnette-zephyx\/\" class=\"woocommerce-LoopProduct-link woocommerce-loop-product__link\"><div class=\"cinela-img-container\"><img loading=\"lazy\" decoding=\"async\" src=\"https:\/\/www.cinela.fr\/wp-content\/uploads\/cinela_images_thumbs\/product_164_1240-250x250.jpg\" width=\"250\" height=\"250\"><div class=\"loop-sku\">Z-KELLY<\/div><\/div><div class='inner_product_header'><div class='avia-arrow'><\/div><div class='inner_product_header_table'><div class='inner_product_header_cell'><h3 class=\"woocommerce-loop-product__title\">Protection anti-pluie pour bonnette ZEPHYX<\/h3>\n<\/div><\/div><\/div><\/a><\/div><\/li>\n<li class=\"product type-product post-12238 status-publish instock product_cat-protections-pluie-kelly shipping-taxable product-type-simple\">\n\t<div class='inner_product main_color wrapped_style noLightbox  av-product-class-no_button'><a href=\"https:\/\/www.cinela.fr\/fr\/gammes-de-produits\/protections-pluie-kelly\/protection-anti-pluie-pour-bonnette-albert\/\" class=\"woocommerce-LoopProduct-link woocommerce-loop-product__link\"><div class=\"cinela-img-container\"><img loading=\"lazy\" decoding=\"async\" src=\"https:\/\/www.cinela.fr\/wp-content\/uploads\/cinela_images_thumbs\/product_165_1220-250x250.jpg\" width=\"250\" height=\"250\"><div class=\"loop-sku\">AL-KELLY<\/div><\/div><div class='inner_product_header'><div class='avia-arrow'><\/div><div class='inner_product_header_table'><div class='inner_product_header_cell'><h3 class=\"woocommerce-loop-product__title\">Protection anti-pluie pour bonnette ALBERT<\/h3>\n<\/div><\/div><\/div><\/a><\/div><\/li>\n<li class=\"product type-product post-10914 status-publish instock product_cat-protections-pluie-kelly shipping-taxable product-type-simple\">\n\t<div class='inner_product main_color wrapped_style noLightbox  av-product-class-no_button'><a href=\"https:\/\/www.cinela.fr\/fr\/gammes-de-produits\/protections-pluie-kelly\/protection-anti-pluie-pour-bonnette-piano\/\" class=\"woocommerce-LoopProduct-link woocommerce-loop-product__link\"><div class=\"cinela-img-container\"><img loading=\"lazy\" decoding=\"async\" src=\"https:\/\/www.cinela.fr\/wp-content\/uploads\/cinela_images_thumbs\/product_145_1229-250x250.jpg\" width=\"250\" height=\"250\"><div class=\"loop-sku\">PIA-KELLY<\/div><\/div><div class='inner_product_header'><div class='avia-arrow'><\/div><div class='inner_product_header_table'><div class='inner_product_header_cell'><h3 class=\"woocommerce-loop-product__title\">Protection anti pluie pour bonnette PIANO<\/h3>\n<\/div><\/div><\/div><\/a><\/div><\/li>\n<li class=\"product type-product post-12322 status-publish instock product_cat-protections-pluie-kelly shipping-taxable product-type-simple\">\n\t<div class='inner_product main_color wrapped_style noLightbox  av-product-class-no_button'><a href=\"https:\/\/www.cinela.fr\/fr\/gammes-de-produits\/protections-pluie-kelly\/protection-pluie-pianissimo\/\" class=\"woocommerce-LoopProduct-link woocommerce-loop-product__link\"><div class=\"cinela-img-container\"><img loading=\"lazy\" decoding=\"async\" src=\"https:\/\/www.cinela.fr\/wp-content\/uploads\/cinela_images_thumbs\/product_226_1235-250x250.jpg\" width=\"250\" height=\"250\"><div class=\"loop-sku\">PIANI-KELLY<\/div><\/div><div class='inner_product_header'><div class='avia-arrow'><\/div><div class='inner_product_header_table'><div class='inner_product_header_cell'><h3 class=\"woocommerce-loop-product__title\">Protection pluie PIANISSIMO<\/h3>\n<\/div><\/div><\/div><\/a><\/div><\/li>\n<\/ul><\/div><\/div><div class=\"clear\"><\/div>\n<\/p>\n<\/div><\/div><\/div><!-- close content main div --><\/div><\/div><div id='av-layout-grid-2'  class='av-layout-grid-container av-6fteut-bad0edff67c61a8a7841820bb2ba5f6c entry-content-wrapper main_color av-flex-cells  container_wrap fullsize'  >\n\n<style type=\"text\/css\" data-created_by=\"avia_inline_auto\" id=\"style-css-av-4xu95h-f4e40ca9181806604c79844ebc0852d7\">\n.flex_cell.av-4xu95h-f4e40ca9181806604c79844ebc0852d7{\nvertical-align:top;\n}\n.responsive #top #wrap_all .flex_cell.av-4xu95h-f4e40ca9181806604c79844ebc0852d7{\npadding:30px 30px 30px 30px !important;\n}\n<\/style>\n<div class='flex_cell av-4xu95h-f4e40ca9181806604c79844ebc0852d7 av-gridrow-cell av_two_third no_margin content-align-top'  ><div class='flex_cell_inner'><section  class='av_textblock_section av-d2m4j-652d3d0a97f62818259eff6422ca0416 '   itemscope=\"itemscope\" itemtype=\"https:\/\/schema.org\/CreativeWork\" ><div class='avia_textblock'  itemprop=\"text\" ><h2>Protections anti-pluie KELLY<\/h2>\n<p>Sa forme ajust\u00e9e \u00e9pouse intimement la forme de la bonnette et permet de conserver la maniabilit\u00e9 en perchant. Il est <strong>impossible <\/strong>et risqu\u00e9 d&rsquo;ajouter une fourrure sous la protection anti-pluie (d\u00e9formation de la mousse, alt\u00e9ration significative de la courbe de r\u00e9ponse, fourrure gorg\u00e9e d\u2019eau et ballotement excessif).<\/p>\n<p>En fonction de la force du vent et de l\u2019intensit\u00e9 de la pluie, il faut faire le meilleur choix entre l\u2019ajout de la fourrure ou de la protection anti-pluie. C\u2019est votre exp\u00e9rience et vos oreilles qui orienteront votre choix&nbsp;!<\/p>\n<p>Pour que cette protection soit efficace, il est <span style=\"font-family: Arial, serif;\"><span style=\"font-size: small;\"><strong>indispensable<\/strong> d\u2019imperm\u00e9abiliser, au pr\u00e9alable, les deux tissus constituant la premi\u00e8re peau de la bonnette, ceci afin que l\u2019eau ne traverse pas le tissu.<\/span><\/span><\/p>\n<p><strong>NE SURTOUT PAS<\/strong> <strong>impr\u00e9gner la mousse elle-m\u00eame<\/strong> cela aurait pour effet n\u00e9faste de retenir l\u2019eau dans ses alv\u00e9oles. La protection est accompagn\u00e9e d\u2019un spray anti-d\u00e9perlant Nikwak<sup>\u00ae<\/sup> de 150ml. (voir notice explicative).<\/p>\n<p>A titre de protection compl\u00e9mentaire, il est fortement conseill\u00e9 d&#8217;emballer les prises XLR externes \u00e0 l&rsquo;aide de film plastique alimentaire !<\/p>\n<\/div><\/section>\n<\/div><\/div>\n<style type=\"text\/css\" data-created_by=\"avia_inline_auto\" id=\"style-css-av-20vqx1-a4631a2f8f4d52fc820d1c09d01ac450\">\n.flex_cell.av-20vqx1-a4631a2f8f4d52fc820d1c09d01ac450{\nvertical-align:top;\n}\n.responsive #top #wrap_all .flex_cell.av-20vqx1-a4631a2f8f4d52fc820d1c09d01ac450{\npadding:30px 30px 30px 30px !important;\n}\n<\/style>\n<div class='flex_cell av-20vqx1-a4631a2f8f4d52fc820d1c09d01ac450 av-gridrow-cell av_one_third no_margin content-align-top'  ><div class='flex_cell_inner'><section  class='av_textblock_section av-ler5lw43-c07c4d8251be198dad0179a4e3f7bd7e '   itemscope=\"itemscope\" itemtype=\"https:\/\/schema.org\/CreativeWork\" ><div class='avia_textblock'  itemprop=\"text\" >\n\t\t<style type=\"text\/css\">\n\t\t\t#gallery-2 {\n\t\t\t\tmargin: auto;\n\t\t\t}\n\t\t\t#gallery-2 .gallery-item {\n\t\t\t\tfloat: left;\n\t\t\t\tmargin-top: 10px;\n\t\t\t\ttext-align: center;\n\t\t\t\twidth: 50%;\n\t\t\t}\n\t\t\t#gallery-2 img {\n\t\t\t\tborder: 2px solid #cfcfcf;\n\t\t\t}\n\t\t\t#gallery-2 .gallery-caption {\n\t\t\t\tmargin-left: 0;\n\t\t\t}\n\t\t\t\/* see gallery_shortcode() in wp-includes\/media.php *\/\n\t\t<\/style>\n\t\t<div id='gallery-2' class='gallery galleryid-12322 gallery-columns-2 gallery-size-medium'><dl class='gallery-item'>\n\t\t\t<dt class='gallery-icon portrait'>\n\t\t\t\t<a href='https:\/\/www.cinela.fr\/wp-content\/uploads\/2023\/02\/Nikwak-spray.jpg'><img loading=\"lazy\" decoding=\"async\" width=\"209\" height=\"300\" src=\"https:\/\/www.cinela.fr\/wp-content\/uploads\/2023\/02\/Nikwak-spray-209x300.jpg\" class=\"attachment-medium size-medium\" alt=\"Nikwak spray\" srcset=\"https:\/\/www.cinela.fr\/wp-content\/uploads\/2023\/02\/Nikwak-spray-209x300.jpg 209w, https:\/\/www.cinela.fr\/wp-content\/uploads\/2023\/02\/Nikwak-spray-716x1030.jpg 716w, https:\/\/www.cinela.fr\/wp-content\/uploads\/2023\/02\/Nikwak-spray-768x1104.jpg 768w, https:\/\/www.cinela.fr\/wp-content\/uploads\/2023\/02\/Nikwak-spray-1068x1536.jpg 1068w, https:\/\/www.cinela.fr\/wp-content\/uploads\/2023\/02\/Nikwak-spray-1043x1500.jpg 1043w, https:\/\/www.cinela.fr\/wp-content\/uploads\/2023\/02\/Nikwak-spray-490x705.jpg 490w, https:\/\/www.cinela.fr\/wp-content\/uploads\/2023\/02\/Nikwak-spray-450x647.jpg 450w, https:\/\/www.cinela.fr\/wp-content\/uploads\/2023\/02\/Nikwak-spray-600x863.jpg 600w, https:\/\/www.cinela.fr\/wp-content\/uploads\/2023\/02\/Nikwak-spray.jpg 1391w\" sizes=\"auto, (max-width: 209px) 100vw, 209px\" \/><\/a>\n\t\t\t<\/dt><\/dl><dl class='gallery-item'>\n\t\t\t<dt class='gallery-icon landscape'>\n\t\t\t\t<a href='https:\/\/www.cinela.fr\/wp-content\/uploads\/2023\/02\/No-Nikwak-on-foam-scaled.jpg'><img loading=\"lazy\" decoding=\"async\" width=\"300\" height=\"290\" src=\"https:\/\/www.cinela.fr\/wp-content\/uploads\/2023\/02\/No-Nikwak-on-foam-300x290.jpg\" class=\"attachment-medium size-medium\" alt=\"No Nikwak on foam\" srcset=\"https:\/\/www.cinela.fr\/wp-content\/uploads\/2023\/02\/No-Nikwak-on-foam-300x290.jpg 300w, https:\/\/www.cinela.fr\/wp-content\/uploads\/2023\/02\/No-Nikwak-on-foam-1030x996.jpg 1030w, https:\/\/www.cinela.fr\/wp-content\/uploads\/2023\/02\/No-Nikwak-on-foam-768x743.jpg 768w, https:\/\/www.cinela.fr\/wp-content\/uploads\/2023\/02\/No-Nikwak-on-foam-1536x1485.jpg 1536w, https:\/\/www.cinela.fr\/wp-content\/uploads\/2023\/02\/No-Nikwak-on-foam-2048x1980.jpg 2048w, https:\/\/www.cinela.fr\/wp-content\/uploads\/2023\/02\/No-Nikwak-on-foam-36x36.jpg 36w, https:\/\/www.cinela.fr\/wp-content\/uploads\/2023\/02\/No-Nikwak-on-foam-1500x1450.jpg 1500w, https:\/\/www.cinela.fr\/wp-content\/uploads\/2023\/02\/No-Nikwak-on-foam-705x682.jpg 705w, https:\/\/www.cinela.fr\/wp-content\/uploads\/2023\/02\/No-Nikwak-on-foam-450x435.jpg 450w, https:\/\/www.cinela.fr\/wp-content\/uploads\/2023\/02\/No-Nikwak-on-foam-600x580.jpg 600w\" sizes=\"auto, (max-width: 300px) 100vw, 300px\" \/><\/a>\n\t\t\t<\/dt><\/dl><br style=\"clear: both\" \/><dl class='gallery-item'>\n\t\t\t<dt class='gallery-icon landscape'>\n\t\t\t\t<a href='https:\/\/www.cinela.fr\/wp-content\/uploads\/2023\/02\/Nikwak-fabric-scaled.jpg'><img loading=\"lazy\" decoding=\"async\" width=\"300\" height=\"233\" src=\"https:\/\/www.cinela.fr\/wp-content\/uploads\/2023\/02\/Nikwak-fabric-300x233.jpg\" class=\"attachment-medium size-medium\" alt=\"Nikwak-fabric\" srcset=\"https:\/\/www.cinela.fr\/wp-content\/uploads\/2023\/02\/Nikwak-fabric-300x233.jpg 300w, https:\/\/www.cinela.fr\/wp-content\/uploads\/2023\/02\/Nikwak-fabric-1030x800.jpg 1030w, https:\/\/www.cinela.fr\/wp-content\/uploads\/2023\/02\/Nikwak-fabric-768x597.jpg 768w, https:\/\/www.cinela.fr\/wp-content\/uploads\/2023\/02\/Nikwak-fabric-1536x1194.jpg 1536w, https:\/\/www.cinela.fr\/wp-content\/uploads\/2023\/02\/Nikwak-fabric-2048x1591.jpg 2048w, https:\/\/www.cinela.fr\/wp-content\/uploads\/2023\/02\/Nikwak-fabric-1500x1166.jpg 1500w, https:\/\/www.cinela.fr\/wp-content\/uploads\/2023\/02\/Nikwak-fabric-705x548.jpg 705w, https:\/\/www.cinela.fr\/wp-content\/uploads\/2023\/02\/Nikwak-fabric-450x350.jpg 450w, https:\/\/www.cinela.fr\/wp-content\/uploads\/2023\/02\/Nikwak-fabric-600x466.jpg 600w\" sizes=\"auto, (max-width: 300px) 100vw, 300px\" \/><\/a>\n\t\t\t<\/dt><\/dl><dl class='gallery-item'>\n\t\t\t<dt class='gallery-icon landscape'>\n\t\t\t\t<a href='https:\/\/www.cinela.fr\/wp-content\/uploads\/2023\/02\/Nikwak-on-fabric-scaled.jpg'><img loading=\"lazy\" decoding=\"async\" width=\"300\" height=\"202\" src=\"https:\/\/www.cinela.fr\/wp-content\/uploads\/2023\/02\/Nikwak-on-fabric-300x202.jpg\" class=\"attachment-medium size-medium\" alt=\"Nikwak on fabric\" srcset=\"https:\/\/www.cinela.fr\/wp-content\/uploads\/2023\/02\/Nikwak-on-fabric-300x202.jpg 300w, https:\/\/www.cinela.fr\/wp-content\/uploads\/2023\/02\/Nikwak-on-fabric-1030x693.jpg 1030w, https:\/\/www.cinela.fr\/wp-content\/uploads\/2023\/02\/Nikwak-on-fabric-768x516.jpg 768w, https:\/\/www.cinela.fr\/wp-content\/uploads\/2023\/02\/Nikwak-on-fabric-1536x1033.jpg 1536w, https:\/\/www.cinela.fr\/wp-content\/uploads\/2023\/02\/Nikwak-on-fabric-2048x1377.jpg 2048w, https:\/\/www.cinela.fr\/wp-content\/uploads\/2023\/02\/Nikwak-on-fabric-1500x1009.jpg 1500w, https:\/\/www.cinela.fr\/wp-content\/uploads\/2023\/02\/Nikwak-on-fabric-705x474.jpg 705w, https:\/\/www.cinela.fr\/wp-content\/uploads\/2023\/02\/Nikwak-on-fabric-450x303.jpg 450w, https:\/\/www.cinela.fr\/wp-content\/uploads\/2023\/02\/Nikwak-on-fabric-600x403.jpg 600w\" sizes=\"auto, (max-width: 300px) 100vw, 300px\" \/><\/a>\n\t\t\t<\/dt><\/dl><br style=\"clear: both\" \/>\n\t\t<\/div>\n\n<\/div><\/section>\n<\/div><\/div>\n<\/div>\n","protected":false},"excerpt":{"rendered":"Protections anti-pluie d\u00e9di\u00e9es","protected":false},"author":1,"featured_media":13819,"parent":0,"menu_order":8,"comment_status":"closed","ping_status":"closed","template":"","meta":{"footnotes":""},"class_list":["post-3573","page","type-page","status-publish","has-post-thumbnail","hentry"],"_links":{"self":[{"href":"https:\/\/www.cinela.fr\/fr\/wp-json\/wp\/v2\/pages\/3573","targetHints":{"allow":["GET"]}}],"collection":[{"href":"https:\/\/www.cinela.fr\/fr\/wp-json\/wp\/v2\/pages"}],"about":[{"href":"https:\/\/www.cinela.fr\/fr\/wp-json\/wp\/v2\/types\/page"}],"author":[{"embeddable":true,"href":"https:\/\/www.cinela.fr\/fr\/wp-json\/wp\/v2\/users\/1"}],"replies":[{"embeddable":true,"href":"https:\/\/www.cinela.fr\/fr\/wp-json\/wp\/v2\/comments?post=3573"}],"version-history":[{"count":26,"href":"https:\/\/www.cinela.fr\/fr\/wp-json\/wp\/v2\/pages\/3573\/revisions"}],"predecessor-version":[{"id":14118,"href":"https:\/\/www.cinela.fr\/fr\/wp-json\/wp\/v2\/pages\/3573\/revisions\/14118"}],"wp:featuredmedia":[{"embeddable":true,"href":"https:\/\/www.cinela.fr\/fr\/wp-json\/wp\/v2\/media\/13819"}],"wp:attachment":[{"href":"https:\/\/www.cinela.fr\/fr\/wp-json\/wp\/v2\/media?parent=3573"}],"curies":[{"name":"wp","href":"https:\/\/api.w.org\/{rel}","templated":true}]}}