{"id":51,"date":"2018-08-01T11:06:14","date_gmt":"2018-08-01T09:06:14","guid":{"rendered":"https:\/\/www.cinela.fr\/?page_id=51"},"modified":"2023-04-07T14:13:04","modified_gmt":"2023-04-07T12:13:04","slug":"accueil","status":"publish","type":"page","link":"https:\/\/www.cinela.fr\/fr\/","title":{"rendered":"Accueil"},"content":{"rendered":"\n<style type=\"text\/css\" data-created_by=\"avia_inline_auto\" id=\"style-css-av-a1hxf-ebf71e97e4ab1aebf3f710b9d1afb822\">\n.avia-section.av-a1hxf-ebf71e97e4ab1aebf3f710b9d1afb822{\nbackground-repeat:no-repeat;\nbackground-image:url(https:\/\/www.cinela.fr\/wp-content\/uploads\/2023\/03\/Photo-Page-Accueil-Gabriel-1-scaled.jpg);\nbackground-position:50% 0%;\nbackground-attachment:scroll;\n}\n<\/style>\n<div id='av_section_1'  class='avia-section av-a1hxf-ebf71e97e4ab1aebf3f710b9d1afb822 main_color avia-section-default avia-no-shadow  avia-builder-el-0  el_before_av_section  avia-builder-el-first  bandeau-accueil avia-bg-style-scroll container_wrap fullsize'  data-section-bg-repeat='no-repeat'><div class='container av-section-cont-open' ><main  role=\"main\" itemprop=\"mainContentOfPage\"  class='template-page content  av-content-full alpha units'><div class='post-entry post-entry-type-page post-entry-51'><div class='entry-content-wrapper clearfix'>\n<\/div><\/div><\/main><!-- close content main element --><\/div><\/div><div id='av_section_2'  class='avia-section av-9i53b-9ee037144d00ffebd85cb1485a84c9b4 header_color avia-section-small avia-no-border-styling  avia-builder-el-1  el_after_av_section  el_before_av_layout_row  avia-bg-style-scroll container_wrap fullsize'  ><div class='container av-section-cont-open' ><div class='template-page content  av-content-full alpha units'><div class='post-entry post-entry-type-page post-entry-51'><div class='entry-content-wrapper clearfix'>\n<section  class='av_textblock_section av-8s2tj-9394f53e08b99c3c7c4e3e9c47f0fbbd '   itemscope=\"itemscope\" itemtype=\"https:\/\/schema.org\/CreativeWork\" ><div class='avia_textblock'  itemprop=\"text\" ><h3>Fabricant de protections anti-vent et anti-vibratoire pour microphones de prise de son<\/h3>\n<p>Pour l\u2019industrie du cin\u00e9ma et du film documentaire<\/p>\n<\/div><\/section>\n\n<\/div><\/div><\/div><!-- close content main div --><\/div><\/div><div id='av-layout-grid-1'  class='av-layout-grid-container av-86k7f-85c4ebdfd617ee6c0918b92db0128b6b entry-content-wrapper alternate_color av-flex-cells  avia-builder-el-3  el_after_av_section  el_before_av_section  cell-separator grid-row-not-first  container_wrap fullsize'  >\n\n<style type=\"text\/css\" data-created_by=\"avia_inline_auto\" id=\"style-css-av-7dhiv-4d4a5e553565e8a9bfb358cdc6214b09\">\n.flex_cell.av-7dhiv-4d4a5e553565e8a9bfb358cdc6214b09{\nvertical-align:top;\n}\n.responsive #top #wrap_all .flex_cell.av-7dhiv-4d4a5e553565e8a9bfb358cdc6214b09{\npadding:30px 30px 30px 30px !important;\n}\n<\/style>\n<div class='flex_cell av-7dhiv-4d4a5e553565e8a9bfb358cdc6214b09 av-gridrow-cell av_one_half no_margin  avia-builder-el-4  el_before_av_cell_one_half  avia-builder-el-first  content-align-top'  ><div class='flex_cell_inner'><section  class='av_textblock_section av-6nz8j-9d1a26488b86fa4a5ff8900bd0545530 '   itemscope=\"itemscope\" itemtype=\"https:\/\/schema.org\/CreativeWork\" ><div class='avia_textblock'  itemprop=\"text\" ><h3>Acc\u00e8s direct \u00e0 notre catalogue de produits pour la prise de son<\/h3>\n<\/div><\/section><br \/>\n<div class=\"micro_selector \"><form action=\"https:\/\/www.cinela.fr\/fr\/compatibilites-microphones\/\" action=\"GET\"><input type=\"hidden\" name=\"lang\" value=\"fr\"><script>var microphones = [{\"id\":13199,\"label\":\"Schoeps CMC 6 + Capsule MK 4\\\/41\"},{\"id\":13263,\"label\":\"Schoeps CMC 6 + Capsule MK 8\"},{\"id\":13286,\"label\":\"Schoeps CMC 6 + CUT60 + Capsule MK 4\\\/41\"},{\"id\":14199,\"label\":\"Schoeps CMC 6 + CUT60 + Capsule MK 8\"},{\"id\":14245,\"label\":\"Schoeps CMC 6 + GVC + MK\"},{\"id\":14422,\"label\":\"Schoeps CMD 42 + MK\"},{\"id\":13209,\"label\":\"Schoeps MiniCMIT\"},{\"id\":13203,\"label\":\"Schoeps CMIT 5U\"},{\"id\":13243,\"label\":\"Schoeps SuperCMIT\"},{\"id\":14463,\"label\":\"Schoeps KMIT + CMC1U\"},{\"id\":14479,\"label\":\"Schoeps KMIT + CMC1L\"},{\"id\":14505,\"label\":\"Schoeps KMIT + CMC6\\\/CMD42\"},{\"id\":13271,\"label\":\"Schoeps mini CMC 1 L + MK 4\\\/41 , Lemo\"},{\"id\":13275,\"label\":\"Schoeps mini CMC 1 L + MK 8, Lemo\"},{\"id\":13294,\"label\":\"Schoeps mini CMC 1 L + CUT60 +  MK 4\\\/41 , Lemo\"},{\"id\":14251,\"label\":\"Schoeps mini CMC 1 L + CUT60 +  MK 8 , Lemo\"},{\"id\":14247,\"label\":\"Schoeps mini CMC 1 U +  MK 4\\\/41 , XLR\"},{\"id\":13267,\"label\":\"Schoeps mini CMC 1 U + MK 8, XLR\"},{\"id\":14164,\"label\":\"Schoeps mini CMC 1 U + CUT60 +  MK 4 \\\/41, XLR\"},{\"id\":14249,\"label\":\"Schoeps mini CMC 1 U + CUT60 +  MK8 , XLR\"},{\"id\":13237,\"label\":\"Schoeps compact CCM 4\\\/41 , Lemo\"},{\"id\":13279,\"label\":\"Schoeps compact CCM 4 V , caps. verticale, Lemo\"},{\"id\":13211,\"label\":\"Schoeps compact CCM 8 , Lemo\"},{\"id\":13205,\"label\":\"Schoeps ORTF MSTC 74 U or 64 U\"},{\"id\":13207,\"label\":\"Schoeps CMXY\"},{\"id\":14195,\"label\":\"Sennheiser MKH 20\"},{\"id\":13171,\"label\":\"Sennheiser MKH 30\"},{\"id\":13173,\"label\":\"Sennheiser MKH 40\\\/50\"},{\"id\":13181,\"label\":\"Sennheiser MKH 60\"},{\"id\":13169,\"label\":\"Sennheiser MKH 416\"},{\"id\":14388,\"label\":\"Sennheiser MKH 8030\"},{\"id\":14201,\"label\":\"Sennheiser MKH 8040\\\/8050\"},{\"id\":13223,\"label\":\"Sennheiser MKH 8060 , XLR\"},{\"id\":14253,\"label\":\"Sennheiser MKH 8060 , MZF\"},{\"id\":14330,\"label\":\"Sennheiser MKH 8060 , MZF , XLR\"},{\"id\":14255,\"label\":\"Sennheiser MKH 8060 , MZF , MZL\"},{\"id\":14507,\"label\":\"Sennheiser MKH 8018\"},{\"id\":13225,\"label\":\"Sennheiser AMBEO VR Mic\"},{\"id\":13183,\"label\":\"Sennheiser MKH 418\"},{\"id\":13219,\"label\":\"Neumann KM 120 (Ancien mod\\u00e8le)\"},{\"id\":13185,\"label\":\"Neumann KM 140\\\/150 (Ancien mod\\u00e8le)\"},{\"id\":13189,\"label\":\"Neumann KM 184\\\/185\"},{\"id\":13220,\"label\":\"Neumann KMA + KK184\\\/185\"},{\"id\":13255,\"label\":\"Neumann KMA + KK120\"},{\"id\":13193,\"label\":\"Neumann KMR 81\"},{\"id\":13195,\"label\":\"Neumann RSM 191\"},{\"id\":13216,\"label\":\"DPA 4011B\\\/4018B\"},{\"id\":13218,\"label\":\"DPA 4011C\\\/4018C\"},{\"id\":13165,\"label\":\"DPA 4017B\"},{\"id\":13167,\"label\":\"DPA 4017C\"},{\"id\":14368,\"label\":\"DPA 2017\"},{\"id\":13251,\"label\":\"Sanken CS-1e\"},{\"id\":13197,\"label\":\"Sanken CS-3e\"},{\"id\":13229,\"label\":\"Sanken CS-M1\"},{\"id\":13231,\"label\":\"Sanken CMS-50\"},{\"id\":14540,\"label\":\"SONY ECM778\"},{\"id\":14197,\"label\":\"audio-technica BP4029\"},{\"id\":13259,\"label\":\"Ambient Emesser ATE 208\\\/308\"}]<\/script><div class=\"select-row\"><div class=\"select\"><select name=\"micro[]\"><option value=\"\">S\u00e9lectionnez un micro<\/option><option value=\"13199\">Schoeps CMC 6 + Capsule MK 4\/41<\/option><option value=\"13263\">Schoeps CMC 6 + Capsule MK 8<\/option><option value=\"13286\">Schoeps CMC 6 + CUT60 + Capsule MK 4\/41<\/option><option value=\"14199\">Schoeps CMC 6 + CUT60 + Capsule MK 8<\/option><option value=\"14245\">Schoeps CMC 6 + GVC + MK<\/option><option value=\"14422\">Schoeps CMD 42 + MK<\/option><option value=\"13209\">Schoeps MiniCMIT<\/option><option value=\"13203\">Schoeps CMIT 5U<\/option><option value=\"13243\">Schoeps SuperCMIT<\/option><option value=\"14463\">Schoeps KMIT + CMC1U<\/option><option value=\"14479\">Schoeps KMIT + CMC1L<\/option><option value=\"14505\">Schoeps KMIT + CMC6\/CMD42<\/option><option value=\"13271\">Schoeps mini CMC 1 L + MK 4\/41 , Lemo<\/option><option value=\"13275\">Schoeps mini CMC 1 L + MK 8, Lemo<\/option><option value=\"13294\">Schoeps mini CMC 1 L + CUT60 +  MK 4\/41 , Lemo<\/option><option value=\"14251\">Schoeps mini CMC 1 L + CUT60 +  MK 8 , Lemo<\/option><option value=\"14247\">Schoeps mini CMC 1 U +  MK 4\/41 , XLR<\/option><option value=\"13267\">Schoeps mini CMC 1 U + MK 8, XLR<\/option><option value=\"14164\">Schoeps mini CMC 1 U + CUT60 +  MK 4 \/41, XLR<\/option><option value=\"14249\">Schoeps mini CMC 1 U + CUT60 +  MK8 , XLR<\/option><option value=\"13237\">Schoeps compact CCM 4\/41 , Lemo<\/option><option value=\"13279\">Schoeps compact CCM 4 V , caps. verticale, Lemo<\/option><option value=\"13211\">Schoeps compact CCM 8 , Lemo<\/option><option value=\"13205\">Schoeps ORTF MSTC 74 U or 64 U<\/option><option value=\"13207\">Schoeps CMXY<\/option><option value=\"14195\">Sennheiser MKH 20<\/option><option value=\"13171\">Sennheiser MKH 30<\/option><option value=\"13173\">Sennheiser MKH 40\/50<\/option><option value=\"13181\">Sennheiser MKH 60<\/option><option value=\"13169\">Sennheiser MKH 416<\/option><option value=\"14388\">Sennheiser MKH 8030<\/option><option value=\"14201\">Sennheiser MKH 8040\/8050<\/option><option value=\"13223\">Sennheiser MKH 8060 , XLR<\/option><option value=\"14253\">Sennheiser MKH 8060 , MZF<\/option><option value=\"14330\">Sennheiser MKH 8060 , MZF , XLR<\/option><option value=\"14255\">Sennheiser MKH 8060 , MZF , MZL<\/option><option value=\"14507\">Sennheiser MKH 8018<\/option><option value=\"13225\">Sennheiser AMBEO VR Mic<\/option><option value=\"13183\">Sennheiser MKH 418<\/option><option value=\"13219\">Neumann KM 120 (Ancien mod\u00e8le)<\/option><option value=\"13185\">Neumann KM 140\/150 (Ancien mod\u00e8le)<\/option><option value=\"13189\">Neumann KM 184\/185<\/option><option value=\"13220\">Neumann KMA + KK184\/185<\/option><option value=\"13255\">Neumann KMA + KK120<\/option><option value=\"13193\">Neumann KMR 81<\/option><option value=\"13195\">Neumann RSM 191<\/option><option value=\"13216\">DPA 4011B\/4018B<\/option><option value=\"13218\">DPA 4011C\/4018C<\/option><option value=\"13165\">DPA 4017B<\/option><option value=\"13167\">DPA 4017C<\/option><option value=\"14368\">DPA 2017<\/option><option value=\"13251\">Sanken CS-1e<\/option><option value=\"13197\">Sanken CS-3e<\/option><option value=\"13229\">Sanken CS-M1<\/option><option value=\"13231\">Sanken CMS-50<\/option><option value=\"14540\">SONY ECM778<\/option><option value=\"14197\">audio-technica BP4029<\/option><option value=\"13259\">Ambient Emesser ATE 208\/308<\/option><\/select><\/div><button type=\"button\" class=\"cinela-button\" onclick=\"jQuery(this).parent().remove();\" class=\"remove_mic\">\u2014<\/button><\/div><div class=\"controls\"><button type=\"button\" class=\"cinela-button add_mic m0\"><span>Ajouter un micro<\/span><span class=\"cinela-plus\"><\/span><\/button><button class=\"cinela-button search\">Lancer la recherche<\/button><\/div><\/form><\/div><\/p>\n<\/div><\/div>\n<style type=\"text\/css\" data-created_by=\"avia_inline_auto\" id=\"style-css-av-65sdj-8e0697bf4457a2657919553a31ad9e54\">\n.flex_cell.av-65sdj-8e0697bf4457a2657919553a31ad9e54{\nvertical-align:top;\n}\n.responsive #top #wrap_all .flex_cell.av-65sdj-8e0697bf4457a2657919553a31ad9e54{\npadding:30px 30px 30px 30px !important;\n}\n<\/style>\n<div class='flex_cell av-65sdj-8e0697bf4457a2657919553a31ad9e54 av-gridrow-cell av_one_half no_margin  avia-builder-el-7  el_after_av_cell_one_half  avia-builder-el-last  content-align-top'  ><div class='flex_cell_inner'><section  class='av_textblock_section av-5kswb-f28a56b25912b88e6b523de0b3c6ef25 '   itemscope=\"itemscope\" itemtype=\"https:\/\/schema.org\/CreativeWork\" ><div class='avia_textblock'  itemprop=\"text\" ><h3>D\u00e9couvrez nos derni\u00e8res actualit\u00e9s<\/h3>\n<\/div><\/section><br \/>\n<br \/>\n<\/p>\n<\/div><\/div>\n<\/div>\n<div id='av_section_3'  class='avia-section av-4xzzj-82ed6689bd685d2f1adadf31582029af main_color avia-section-small avia-no-border-styling  avia-builder-el-11  el_after_av_layout_row  avia-builder-el-last  avia-bg-style-scroll container_wrap fullsize'  ><div class='container av-section-cont-open' ><div class='template-page content  av-content-full alpha units'><div class='post-entry post-entry-type-page post-entry-51'><div class='entry-content-wrapper clearfix'>\n<section  class='av_textblock_section av-49e13-5593e04b7e310af3bd4f0b0aee2639f5 '   itemscope=\"itemscope\" itemtype=\"https:\/\/schema.org\/CreativeWork\" ><div class='avia_textblock'  itemprop=\"text\" ><h3>D\u00e9couvrez nos gammes compl\u00e8tes pour vos microphones professionnels<\/h3>\n<p><strong>Cinela<\/strong> propose des gammes de suspensions, de bonnettes anti-vent&nbsp;et de protections pluie&nbsp;pour microphones de prise de son, adapt\u00e9es aux tournages de fiction et aux documentaires.<\/p>\n<p>Le but principal est l&rsquo;optimisation des performances sur plusieurs crit\u00e8res essentiels :<br \/>\n&#8211; Protection au vent<br \/>\n&#8211; Transparence acoustique<br \/>\n&#8211; Bruits de manipulation<br \/>\n&#8211; Ergonomie<br \/>\n&#8211; R\u00e9duction du poids<\/p>\n<\/div><\/section>\n<div class=\"cinela_categories_associated_pages bg-bleu-clair gammes-page-accueil\"><div class=\"tiles split-6\"><a class=\"clickable_image_and_text img-bottom bg-bleu-clair gammes-page-accueil\" href=\"https:\/\/www.cinela.fr\/fr\/cosi\/\" ><div class=\"clicable-img\"><img loading=\"lazy\" decoding=\"async\" src=\"https:\/\/www.cinela.fr\/wp-content\/uploads\/2020\/03\/Photo-COSI-300x300.jpg\" width=\"300\" height=\"300\"\/><p class=\"excerpt\">Suspensions-bonnettes anti-vent compactes<\/p><\/div><div class=\"avia_textblock\"><div class=\"title\">Cosi<\/div><\/div><\/a><a class=\"clickable_image_and_text img-bottom bg-bleu-clair gammes-page-accueil\" href=\"https:\/\/www.cinela.fr\/fr\/osix\/\" ><div class=\"clicable-img\"><img loading=\"lazy\" decoding=\"async\" src=\"https:\/\/www.cinela.fr\/wp-content\/uploads\/2023\/03\/OSIX-LOGO_7176-bis-300x300.jpg\" width=\"300\" height=\"300\"\/><p class=\"excerpt\">Suspension \u00e0 isolateurs crois\u00e9s<\/p><\/div><div class=\"avia_textblock\"><div class=\"title\">Osix<\/div><\/div><\/a><a class=\"clickable_image_and_text img-bottom bg-bleu-clair gammes-page-accueil\" href=\"https:\/\/www.cinela.fr\/fr\/e-osix\/\" ><div class=\"clicable-img\"><img loading=\"lazy\" decoding=\"async\" src=\"https:\/\/www.cinela.fr\/wp-content\/uploads\/2023\/03\/E-OSIX-LOGO_9864-bis-300x300.jpg\" width=\"300\" height=\"300\"\/><p class=\"excerpt\">Suspensions modulaires \u00e0 isolateurs elliptiques<\/p><\/div><div class=\"avia_textblock\"><div class=\"title\">E-Osix<\/div><\/div><\/a><a class=\"clickable_image_and_text img-bottom bg-bleu-clair gammes-page-accueil\" href=\"https:\/\/www.cinela.fr\/fr\/zephyx\/\" ><div class=\"clicable-img\"><img loading=\"lazy\" decoding=\"async\" src=\"https:\/\/www.cinela.fr\/wp-content\/uploads\/2023\/03\/ZEPHYX-LOGO_9889-Bis-300x300.jpg\" width=\"300\" height=\"300\"\/><p class=\"excerpt\">Bonnettes anti-vent classiques \u00e0 cage d\u00e9montable<\/p><\/div><div class=\"avia_textblock\"><div class=\"title\">Zephyx<\/div><\/div><\/a><a class=\"clickable_image_and_text img-bottom bg-bleu-clair gammes-page-accueil\" href=\"https:\/\/www.cinela.fr\/fr\/piano\/\" ><div class=\"clicable-img\"><img loading=\"lazy\" decoding=\"async\" src=\"https:\/\/www.cinela.fr\/wp-content\/uploads\/2023\/03\/PIANO-LOGO_9690-Bis-2-300x300.jpg\" width=\"300\" height=\"300\"\/><p class=\"excerpt\">Bonnettes anti-vent pour microphones semi-canons longs<\/p><\/div><div class=\"avia_textblock\"><div class=\"title\">Piano<\/div><\/div><\/a><a class=\"clickable_image_and_text img-bottom bg-bleu-clair gammes-page-accueil\" href=\"https:\/\/www.cinela.fr\/fr\/pianissimo\/\" ><div class=\"clicable-img\"><img loading=\"lazy\" decoding=\"async\" src=\"https:\/\/www.cinela.fr\/wp-content\/uploads\/2023\/03\/PIANI-LOGO_9254-bis-1-300x300.jpg\" width=\"300\" height=\"300\"\/><p class=\"excerpt\">Bonnettes anti-vent pour microphones semi-canons courts<\/p><\/div><div class=\"avia_textblock\"><div class=\"title\">Pianissimo<\/div><\/div><\/a><a class=\"clickable_image_and_text img-bottom bg-bleu-clair gammes-page-accueil\" href=\"https:\/\/www.cinela.fr\/fr\/albert\/\" ><div class=\"clicable-img\"><img loading=\"lazy\" decoding=\"async\" src=\"https:\/\/www.cinela.fr\/wp-content\/uploads\/2023\/03\/ALBERT-LOGO_9599-Bis-300x300.jpg\" width=\"300\" height=\"300\"\/><p class=\"excerpt\">Bonnettes anti-vent lat\u00e9rale pour couple st\u00e9r\u00e9ophonique<\/p><\/div><div class=\"avia_textblock\"><div class=\"title\">Albert<\/div><\/div><\/a><a class=\"clickable_image_and_text img-bottom bg-bleu-clair gammes-page-accueil\" href=\"https:\/\/www.cinela.fr\/fr\/kelly\/\" ><div class=\"clicable-img\"><img loading=\"lazy\" decoding=\"async\" src=\"https:\/\/www.cinela.fr\/wp-content\/uploads\/2023\/03\/KELLY-LOGO_7395-293x300.jpg\" width=\"293\" height=\"300\"\/><p class=\"excerpt\">Protections anti-pluie d\u00e9di\u00e9es<\/p><\/div><div class=\"avia_textblock\"><div class=\"title\">Kelly<\/div><\/div><\/a><a class=\"clickable_image_and_text img-bottom bg-bleu-clair gammes-page-accueil\" href=\"https:\/\/www.cinela.fr\/fr\/leonard\/\" ><div class=\"clicable-img\"><img loading=\"lazy\" decoding=\"async\" src=\"https:\/\/www.cinela.fr\/wp-content\/uploads\/2023\/03\/LEO-LOGO-New-1-300x300.jpg\" width=\"300\" height=\"300\"\/><p class=\"excerpt\">Boules anti-vent \u00e0 fixation directe<\/p><\/div><div class=\"avia_textblock\"><div class=\"title\">Leo<\/div><\/div><\/a><a class=\"clickable_image_and_text img-bottom bg-bleu-clair gammes-page-accueil\" href=\"https:\/\/www.cinela.fr\/fr\/pieces-et-accessoires\/\" ><div class=\"clicable-img\"><img loading=\"lazy\" decoding=\"async\" src=\"https:\/\/www.cinela.fr\/wp-content\/uploads\/2023\/03\/Accessories-LOGO_9993-300x296.jpg\" width=\"300\" height=\"296\"\/><p class=\"excerpt\"><\/p><\/div><div class=\"avia_textblock\"><div class=\"title\">Pi\u00e8ces et accessoires<\/div><\/div><\/a><\/div><\/div>\n\n","protected":false},"excerpt":{"rendered":"","protected":false},"author":1,"featured_media":0,"parent":0,"menu_order":0,"comment_status":"closed","ping_status":"closed","template":"","meta":{"footnotes":""},"class_list":["post-51","page","type-page","status-publish","hentry"],"_links":{"self":[{"href":"https:\/\/www.cinela.fr\/fr\/wp-json\/wp\/v2\/pages\/51","targetHints":{"allow":["GET"]}}],"collection":[{"href":"https:\/\/www.cinela.fr\/fr\/wp-json\/wp\/v2\/pages"}],"about":[{"href":"https:\/\/www.cinela.fr\/fr\/wp-json\/wp\/v2\/types\/page"}],"author":[{"embeddable":true,"href":"https:\/\/www.cinela.fr\/fr\/wp-json\/wp\/v2\/users\/1"}],"replies":[{"embeddable":true,"href":"https:\/\/www.cinela.fr\/fr\/wp-json\/wp\/v2\/comments?post=51"}],"version-history":[{"count":12,"href":"https:\/\/www.cinela.fr\/fr\/wp-json\/wp\/v2\/pages\/51\/revisions"}],"predecessor-version":[{"id":14281,"href":"https:\/\/www.cinela.fr\/fr\/wp-json\/wp\/v2\/pages\/51\/revisions\/14281"}],"wp:attachment":[{"href":"https:\/\/www.cinela.fr\/fr\/wp-json\/wp\/v2\/media?parent=51"}],"curies":[{"name":"wp","href":"https:\/\/api.w.org\/{rel}","templated":true}]}}