{"id":57,"date":"2018-08-01T11:08:24","date_gmt":"2018-08-01T09:08:24","guid":{"rendered":"https:\/\/www.cinela.fr\/?page_id=57"},"modified":"2020-02-20T12:16:53","modified_gmt":"2020-02-20T11:16:53","slug":"mesures","status":"publish","type":"page","link":"https:\/\/www.cinela.fr\/fr\/mesures\/","title":{"rendered":"Mesures"},"content":{"rendered":"<div id='av_section_1'  class='avia-section av-g2j03-b7bcc2ba9055ae8b2085d670865d0b14 header_color avia-section-small avia-no-shadow  avia-builder-el-0  el_before_av_layout_row  avia-builder-el-first  avia-bg-style-scroll container_wrap fullsize'  ><div class='container av-section-cont-open' ><main  role=\"main\" itemprop=\"mainContentOfPage\"  class='template-page content  av-content-full alpha units'><div class='post-entry post-entry-type-page post-entry-57'><div class='entry-content-wrapper clearfix'>\n<section  class='av_textblock_section av-eyqin-bb0b0b3c4832a0f560dc63b734ee521c '   itemscope=\"itemscope\" itemtype=\"https:\/\/schema.org\/CreativeWork\" ><div class='avia_textblock'  itemprop=\"text\" ><h1>Mesures<\/h1>\n<p><span class=\"cinela-barre\">N\u00e9cessite les bons instruments et la bonne connaissance de leur fonctionnement<br \/>\n<\/span><\/p>\n<\/div><\/section>\n<div class=\"breadcrumbs \"><nav class=\"woocommerce-breadcrumb\" aria-label=\"Breadcrumb\"><span class=\"last-crumb\">Accueil<\/span><\/nav><\/div>\n\n<\/div><\/div><\/main><!-- close content main element --><\/div><\/div><div id='av-layout-grid-1'  class='av-layout-grid-container av-jldvo5w2-14e7d23b6ee3b4de6112bb140279f324 entry-content-wrapper alternate_color av-flex-cells  avia-builder-el-3  el_after_av_section  el_before_av_section  grid-row-not-first  container_wrap fullsize'  >\n<div class='flex_cell av-1ded1-761c2817dff289641157e47655084c09 av-gridrow-cell av_two_third no_margin  avia-builder-el-4  el_before_av_cell_one_third  avia-builder-el-first '  ><div class='flex_cell_inner'><section  class='av_textblock_section av-jldvmeek-1b8a61e236c0dbd1d8bf5739cea57d43 '   itemscope=\"itemscope\" itemtype=\"https:\/\/schema.org\/CreativeWork\" ><div class='avia_textblock'  itemprop=\"text\" ><h2>L&rsquo;\u00e9tat d&rsquo;esprit Cinela<\/h2>\n<\/div><\/section><br \/>\n\n<style type=\"text\/css\" data-created_by=\"avia_inline_auto\" id=\"style-css-av-jldvmwqb-995ee86b017d292545ca60c78b31aee1\">\n.flex_column.av-jldvmwqb-995ee86b017d292545ca60c78b31aee1{\nborder-radius:0px 0px 0px 0px;\npadding:0px 0px 0px 0px;\n}\n<\/style>\n<div  class='flex_column av-jldvmwqb-995ee86b017d292545ca60c78b31aee1 av_one_half  avia-builder-el-6  el_after_av_textblock  el_before_av_one_half  first flex_column_div av-zero-column-padding  column-top-margin'     ><section  class='av_textblock_section av-jldvns7w-37b0a6e7d5acfd30426d1fb9aad5d4bb '   itemscope=\"itemscope\" itemtype=\"https:\/\/schema.org\/CreativeWork\" ><div class='avia_textblock'  itemprop=\"text\" ><h3>Notre savoir-faire nous permet de trouver une solution \u00e0 chaque probl\u00e9matique.<\/h3>\n<p>Notre savoir-faire nous permet de trouver une solution \u00e0 chaque probl\u00e9matique. Selon les caract\u00e9ristiques de vos microphones, nous sommes en mesure de vous fournir les solutions ad\u00e9quates.<\/p>\n<p>This is Photoshop&rsquo;s version of Lorem Ipsum. Proin gravida nibh vel velit auctor aliquet. Aenean sollicitudin, lorem quis bibendum auctor, nisi elit consequat ipsum, nec sagittis sem nibh id elit. Duis sed odio sit amet nibh vulputate cursus a sit amet mauris. Morbi accumsan ipsum velit. Nam nec tellus a odio tincidunt auctor a ornare odio. Sed non mauris vitae erat consequat auctor eu in elit. Class aptent taciti sociosqu ad litora torquent per conubia nostra, per inceptos himenaeos. Mauris in erat justo. Nullam ac urna eu felis dapibus condimentum sit amet a augue. Sed non neque elit. Sed ut imperdiet nisi. Proin condimentum fermentum nunc. Etiam pharetra, erat sed fermentum feugiat, velit mauris egestas quam, ut aliquam massa nisl quis neque. Suspendisse in orci enim.<\/p>\n<\/div><\/section><\/div>\n<style type=\"text\/css\" data-created_by=\"avia_inline_auto\" id=\"style-css-av-jldvmwqb-82f3786a92ddaf173526f015bd44e8d4\">\n.flex_column.av-jldvmwqb-82f3786a92ddaf173526f015bd44e8d4{\nborder-radius:0px 0px 0px 0px;\npadding:0px 0px 0px 0px;\n}\n<\/style>\n<div  class='flex_column av-jldvmwqb-82f3786a92ddaf173526f015bd44e8d4 av_one_half  avia-builder-el-8  el_after_av_one_half  avia-builder-el-last  cell-separator flex_column_div av-zero-column-padding  column-top-margin'     ><section  class='av_textblock_section av-jldvns7w-37b0a6e7d5acfd30426d1fb9aad5d4bb '   itemscope=\"itemscope\" itemtype=\"https:\/\/schema.org\/CreativeWork\" ><div class='avia_textblock'  itemprop=\"text\" ><h3>Notre savoir-faire nous permet de trouver une solution \u00e0 chaque probl\u00e9matique.<\/h3>\n<p>Notre savoir-faire nous permet de trouver une solution \u00e0 chaque probl\u00e9matique. Selon les caract\u00e9ristiques de vos microphones, nous sommes en mesure de vous fournir les solutions ad\u00e9quates.<\/p>\n<p>This is Photoshop&rsquo;s version of Lorem Ipsum. Proin gravida nibh vel velit auctor aliquet. Aenean sollicitudin, lorem quis bibendum auctor, nisi elit consequat ipsum, nec sagittis sem nibh id elit. Duis sed odio sit amet nibh vulputate cursus a sit amet mauris. Morbi accumsan ipsum velit. Nam nec tellus a odio tincidunt auctor a ornare odio. Sed non mauris vitae erat consequat auctor eu in elit. Class aptent taciti sociosqu ad litora torquent per conubia nostra, per inceptos himenaeos. Mauris in erat justo. Nullam ac urna eu felis dapibus condimentum sit amet a augue. Sed non neque elit. Sed ut imperdiet nisi. Proin condimentum fermentum nunc. Etiam pharetra, erat sed fermentum feugiat, velit mauris egestas quam, ut aliquam massa nisl quis neque. Suspendisse in orci enim.<\/p>\n<\/div><\/section><\/div><\/p>\n<\/div><\/div><div class='flex_cell av-srm5-c5a5b19d3111c8a14fb7f0817cbbca20 av-gridrow-cell av_one_third no_margin  avia-builder-el-10  el_after_av_cell_two_third  avia-builder-el-last '  ><div class='flex_cell_inner'><section  class='av_textblock_section av-jldvns7w-37b0a6e7d5acfd30426d1fb9aad5d4bb '   itemscope=\"itemscope\" itemtype=\"https:\/\/schema.org\/CreativeWork\" ><div class='avia_textblock'  itemprop=\"text\" ><h3>Notre savoir-faire nous permet de trouver une solution \u00e0 chaque probl\u00e9matique.<\/h3>\n<p>Notre savoir-faire nous permet de trouver une solution \u00e0 chaque probl\u00e9matique. Selon les caract\u00e9ristiques de vos microphones, nous sommes en mesure de vous fournir les solutions ad\u00e9quates.<\/p>\n<p>This is Photoshop&rsquo;s version of Lorem Ipsum. Proin gravida nibh vel velit auctor aliquet. Aenean sollicitudin, lorem quis bibendum auctor, nisi elit consequat ipsum, nec sagittis sem nibh id elit. Duis sed odio sit amet nibh vulputate cursus a sit amet mauris. Morbi accumsan ipsum velit. Nam nec tellus a odio tincidunt auctor a ornare odio. Sed non mauris vitae erat consequat auctor eu in elit. Class aptent taciti sociosqu ad litora torquent per conubia nostra, per inceptos himenaeos. Mauris in erat justo. Nullam ac urna eu felis dapibus condimentum sit amet a augue. Sed non neque elit. Sed ut imperdiet nisi. Proin condimentum fermentum nunc. Etiam pharetra, erat sed fermentum feugiat, velit mauris egestas quam, ut aliquam massa nisl quis neque. Suspendisse in orci enim.<\/p>\n<\/div><\/section>\n<\/div><\/div>\n<\/div>\n<div id='av_section_2'  class='avia-section av-35wi9-b39c1b266d2c71d16307071fefe8737d main_color avia-section-default avia-no-border-styling  avia-builder-el-12  el_after_av_layout_row  el_before_av_section  avia-bg-style-scroll container_wrap fullsize'  ><div class='container av-section-cont-open' ><div class='template-page content  av-content-full alpha units'><div class='post-entry post-entry-type-page post-entry-57'><div class='entry-content-wrapper clearfix'>\n<section  class='av_textblock_section av-2iun9-10c68c6c710c87fb3028e3bf1a5f5229 '   itemscope=\"itemscope\" itemtype=\"https:\/\/schema.org\/CreativeWork\" ><div class='avia_textblock'  itemprop=\"text\" ><h2>Click here to add your own text<\/h2>\n<\/div><\/section>\n\n<style type=\"text\/css\" data-created_by=\"avia_inline_auto\" id=\"style-css-av-1ygdx-41f559bc622e9264512f4b9a12f58218\">\n.flex_column.av-1ygdx-41f559bc622e9264512f4b9a12f58218{\nborder-radius:0px 0px 0px 0px;\npadding:0px 0px 0px 0px;\n}\n<\/style>\n<div  class='flex_column av-1ygdx-41f559bc622e9264512f4b9a12f58218 av_one_half  avia-builder-el-14  el_after_av_textblock  el_before_av_one_half  first flex_column_div av-zero-column-padding  column-top-margin'     ><section  class='av_textblock_section av-1dm8d-1c5ba7a724e74d77dff684449b6a1105 '   itemscope=\"itemscope\" itemtype=\"https:\/\/schema.org\/CreativeWork\" ><div class='avia_textblock'  itemprop=\"text\" ><p>Click here to add your own text<\/p>\n<\/div><\/section><\/div>\n<style type=\"text\/css\" data-created_by=\"avia_inline_auto\" id=\"style-css-av-owyh-502b56e9579297385ae52f3f5000c2ba\">\n.flex_column.av-owyh-502b56e9579297385ae52f3f5000c2ba{\nborder-radius:0px 0px 0px 0px;\npadding:0px 0px 0px 0px;\n}\n<\/style>\n<div  class='flex_column av-owyh-502b56e9579297385ae52f3f5000c2ba av_one_half  avia-builder-el-16  el_after_av_one_half  avia-builder-el-last  flex_column_div av-zero-column-padding  column-top-margin'     ><style type=\"text\/css\" data-created_by=\"avia_inline_auto\" id=\"style-css-av-1jb3b-fc7c55c081232322fbb74f927a202dab\">\n.avia-image-container.av-1jb3b-fc7c55c081232322fbb74f927a202dab img.avia_image{\nbox-shadow:none;\n}\n.avia-image-container.av-1jb3b-fc7c55c081232322fbb74f927a202dab .av-caption-image-overlay-bg{\nopacity:1;\nbackground-color:#f6ca13;\n}\n.avia-image-container.av-1jb3b-fc7c55c081232322fbb74f927a202dab .av-image-caption-overlay-center{\ncolor:#000000;\n}\n<\/style>\n<div  class='avia-image-container av-1jb3b-fc7c55c081232322fbb74f927a202dab av-styling- avia-align-center  avia-builder-el-17  avia-builder-el-no-sibling  noHover av-overlay-hover-deactivate'   itemprop=\"image\" itemscope=\"itemscope\" itemtype=\"https:\/\/schema.org\/ImageObject\" ><div class=\"avia-image-container-inner\"><div class=\"avia-image-overlay-wrap\"><div class=\"av-image-caption-overlay\"><div class=\"av-caption-image-overlay-bg\"><\/div><div class=\"av-image-caption-overlay-position\"><div class=\"av-image-caption-overlay-center\"><p>You&rsquo;re after my leaves, aren&rsquo;cha?<\/p>\n<\/div><\/div><\/div><img decoding=\"async\" fetchpriority=\"high\" class='wp-image-1496 avia-img-lazy-loading-not-1496 avia_image ' src=\"https:\/\/www.cinela.fr\/wp-content\/uploads\/2018\/08\/lemu-morlaas.jpg\" alt='' title='lemu-morlaas'  height=\"563\" width=\"1000\"  itemprop=\"thumbnailUrl\" srcset=\"https:\/\/www.cinela.fr\/wp-content\/uploads\/2018\/08\/lemu-morlaas.jpg 1000w, https:\/\/www.cinela.fr\/wp-content\/uploads\/2018\/08\/lemu-morlaas-300x169.jpg 300w, https:\/\/www.cinela.fr\/wp-content\/uploads\/2018\/08\/lemu-morlaas-768x432.jpg 768w, https:\/\/www.cinela.fr\/wp-content\/uploads\/2018\/08\/lemu-morlaas-705x397.jpg 705w, https:\/\/www.cinela.fr\/wp-content\/uploads\/2018\/08\/lemu-morlaas-600x338.jpg 600w\" sizes=\"(max-width: 1000px) 100vw, 1000px\" \/><\/div><\/div><\/div><\/div><\/div><\/div><\/div><!-- close content main div --><\/div><\/div><div id='av_section_3'  class='avia-section av-35wi9-337002ed33f881b3bed0157113fe5467 header_color avia-section-default avia-no-border-styling  avia-builder-el-18  el_after_av_section  el_before_av_section  avia-bg-style-scroll container_wrap fullsize'  ><div class='container av-section-cont-open' ><div class='template-page content  av-content-full alpha units'><div class='post-entry post-entry-type-page post-entry-57'><div class='entry-content-wrapper clearfix'>\n<section  class='av_textblock_section av-2iun9-10c68c6c710c87fb3028e3bf1a5f5229 '   itemscope=\"itemscope\" itemtype=\"https:\/\/schema.org\/CreativeWork\" ><div class='avia_textblock'  itemprop=\"text\" ><h2>Click here to add your own text<\/h2>\n<\/div><\/section>\n\n<style type=\"text\/css\" data-created_by=\"avia_inline_auto\" id=\"style-css-av-owyh-61b3c00a4bd6f37be3e845a6747ef6b0\">\n.flex_column.av-owyh-61b3c00a4bd6f37be3e845a6747ef6b0{\nborder-radius:0px 0px 0px 0px;\npadding:0px 0px 0px 0px;\n}\n<\/style>\n<div  class='flex_column av-owyh-61b3c00a4bd6f37be3e845a6747ef6b0 av_one_half  avia-builder-el-20  el_after_av_textblock  el_before_av_one_half  first flex_column_div av-zero-column-padding  column-top-margin'     ><style type=\"text\/css\" data-created_by=\"avia_inline_auto\" id=\"style-css-av-1jb3b-fc7c55c081232322fbb74f927a202dab\">\n.avia-image-container.av-1jb3b-fc7c55c081232322fbb74f927a202dab img.avia_image{\nbox-shadow:none;\n}\n.avia-image-container.av-1jb3b-fc7c55c081232322fbb74f927a202dab .av-caption-image-overlay-bg{\nopacity:1;\nbackground-color:#f6ca13;\n}\n.avia-image-container.av-1jb3b-fc7c55c081232322fbb74f927a202dab .av-image-caption-overlay-center{\ncolor:#000000;\n}\n<\/style>\n<div  class='avia-image-container av-1jb3b-fc7c55c081232322fbb74f927a202dab av-styling- avia-align-center  avia-builder-el-21  avia-builder-el-no-sibling  noHover av-overlay-hover-deactivate'   itemprop=\"image\" itemscope=\"itemscope\" itemtype=\"https:\/\/schema.org\/ImageObject\" ><div class=\"avia-image-container-inner\"><div class=\"avia-image-overlay-wrap\"><div class=\"av-image-caption-overlay\"><div class=\"av-caption-image-overlay-bg\"><\/div><div class=\"av-image-caption-overlay-position\"><div class=\"av-image-caption-overlay-center\"><p>Well, come and get it, if you dare!<\/p>\n<\/div><\/div><\/div><img decoding=\"async\" fetchpriority=\"high\" class='wp-image-1496 avia-img-lazy-loading-not-1496 avia_image ' src=\"https:\/\/www.cinela.fr\/wp-content\/uploads\/2018\/08\/lemu-morlaas.jpg\" alt='' title='lemu-morlaas'  height=\"563\" width=\"1000\"  itemprop=\"thumbnailUrl\" srcset=\"https:\/\/www.cinela.fr\/wp-content\/uploads\/2018\/08\/lemu-morlaas.jpg 1000w, https:\/\/www.cinela.fr\/wp-content\/uploads\/2018\/08\/lemu-morlaas-300x169.jpg 300w, https:\/\/www.cinela.fr\/wp-content\/uploads\/2018\/08\/lemu-morlaas-768x432.jpg 768w, https:\/\/www.cinela.fr\/wp-content\/uploads\/2018\/08\/lemu-morlaas-705x397.jpg 705w, https:\/\/www.cinela.fr\/wp-content\/uploads\/2018\/08\/lemu-morlaas-600x338.jpg 600w\" sizes=\"(max-width: 1000px) 100vw, 1000px\" \/><\/div><\/div><\/div><\/div>\n<style type=\"text\/css\" data-created_by=\"avia_inline_auto\" id=\"style-css-av-1ygdx-17d588bdba9ff16d7fd2a6a46b7e7560\">\n.flex_column.av-1ygdx-17d588bdba9ff16d7fd2a6a46b7e7560{\nborder-radius:0px 0px 0px 0px;\npadding:0px 0px 0px 0px;\n}\n<\/style>\n<div  class='flex_column av-1ygdx-17d588bdba9ff16d7fd2a6a46b7e7560 av_one_half  avia-builder-el-22  el_after_av_one_half  avia-builder-el-last  flex_column_div av-zero-column-padding  column-top-margin'     ><section  class='av_textblock_section av-1dm8d-1c5ba7a724e74d77dff684449b6a1105 '   itemscope=\"itemscope\" itemtype=\"https:\/\/schema.org\/CreativeWork\" ><div class='avia_textblock'  itemprop=\"text\" ><p>Click here to add your own text<\/p>\n<\/div><\/section><\/div>\n<\/p>\n<\/div><\/div><\/div><!-- close content main div --><\/div><\/div><div id='av_section_4'  class='avia-section av-35wi9-b39c1b266d2c71d16307071fefe8737d main_color avia-section-default avia-no-border-styling  avia-builder-el-24  el_after_av_section  avia-builder-el-last  avia-bg-style-scroll container_wrap fullsize'  ><div class='container av-section-cont-open' ><div class='template-page content  av-content-full alpha units'><div class='post-entry post-entry-type-page post-entry-57'><div class='entry-content-wrapper clearfix'>\n<section  class='av_textblock_section av-2iun9-10c68c6c710c87fb3028e3bf1a5f5229 '   itemscope=\"itemscope\" itemtype=\"https:\/\/schema.org\/CreativeWork\" ><div class='avia_textblock'  itemprop=\"text\" ><h2>Click here to add your own text<\/h2>\n<\/div><\/section>\n\n<style type=\"text\/css\" data-created_by=\"avia_inline_auto\" id=\"style-css-av-1ygdx-41f559bc622e9264512f4b9a12f58218\">\n.flex_column.av-1ygdx-41f559bc622e9264512f4b9a12f58218{\nborder-radius:0px 0px 0px 0px;\npadding:0px 0px 0px 0px;\n}\n<\/style>\n<div  class='flex_column av-1ygdx-41f559bc622e9264512f4b9a12f58218 av_one_half  avia-builder-el-26  el_after_av_textblock  el_before_av_one_half  first flex_column_div av-zero-column-padding  column-top-margin'     ><section  class='av_textblock_section av-1dm8d-1c5ba7a724e74d77dff684449b6a1105 '   itemscope=\"itemscope\" itemtype=\"https:\/\/schema.org\/CreativeWork\" ><div class='avia_textblock'  itemprop=\"text\" ><p>Click here to add your own text<\/p>\n<\/div><\/section><\/div>\n<style type=\"text\/css\" data-created_by=\"avia_inline_auto\" id=\"style-css-av-owyh-502b56e9579297385ae52f3f5000c2ba\">\n.flex_column.av-owyh-502b56e9579297385ae52f3f5000c2ba{\nborder-radius:0px 0px 0px 0px;\npadding:0px 0px 0px 0px;\n}\n<\/style>\n<div  class='flex_column av-owyh-502b56e9579297385ae52f3f5000c2ba av_one_half  avia-builder-el-28  el_after_av_one_half  avia-builder-el-last  flex_column_div av-zero-column-padding  column-top-margin'     ><style type=\"text\/css\" data-created_by=\"avia_inline_auto\" id=\"style-css-av-1jb3b-fc7c55c081232322fbb74f927a202dab\">\n.avia-image-container.av-1jb3b-fc7c55c081232322fbb74f927a202dab img.avia_image{\nbox-shadow:none;\n}\n.avia-image-container.av-1jb3b-fc7c55c081232322fbb74f927a202dab .av-caption-image-overlay-bg{\nopacity:1;\nbackground-color:#f6ca13;\n}\n.avia-image-container.av-1jb3b-fc7c55c081232322fbb74f927a202dab .av-image-caption-overlay-center{\ncolor:#000000;\n}\n<\/style>\n<div  class='avia-image-container av-1jb3b-fc7c55c081232322fbb74f927a202dab av-styling- avia-align-center  avia-builder-el-29  avia-builder-el-no-sibling  noHover av-overlay-hover-deactivate'   itemprop=\"image\" itemscope=\"itemscope\" itemtype=\"https:\/\/schema.org\/ImageObject\" ><div class=\"avia-image-container-inner\"><div class=\"avia-image-overlay-wrap\"><div class=\"av-image-caption-overlay\"><div class=\"av-caption-image-overlay-bg\"><\/div><div class=\"av-image-caption-overlay-position\"><div class=\"av-image-caption-overlay-center\"><p>You strange fluffy-furry thingy!<\/p>\n<\/div><\/div><\/div><img decoding=\"async\" fetchpriority=\"high\" class='wp-image-1496 avia-img-lazy-loading-not-1496 avia_image ' src=\"https:\/\/www.cinela.fr\/wp-content\/uploads\/2018\/08\/lemu-morlaas.jpg\" alt='' title='lemu-morlaas'  height=\"563\" width=\"1000\"  itemprop=\"thumbnailUrl\" srcset=\"https:\/\/www.cinela.fr\/wp-content\/uploads\/2018\/08\/lemu-morlaas.jpg 1000w, https:\/\/www.cinela.fr\/wp-content\/uploads\/2018\/08\/lemu-morlaas-300x169.jpg 300w, https:\/\/www.cinela.fr\/wp-content\/uploads\/2018\/08\/lemu-morlaas-768x432.jpg 768w, https:\/\/www.cinela.fr\/wp-content\/uploads\/2018\/08\/lemu-morlaas-705x397.jpg 705w, https:\/\/www.cinela.fr\/wp-content\/uploads\/2018\/08\/lemu-morlaas-600x338.jpg 600w\" sizes=\"(max-width: 1000px) 100vw, 1000px\" \/><\/div><\/div><\/div><\/div>\n\n","protected":false},"excerpt":{"rendered":"","protected":false},"author":1,"featured_media":0,"parent":0,"menu_order":0,"comment_status":"closed","ping_status":"closed","template":"","meta":{"footnotes":""},"class_list":["post-57","page","type-page","status-publish","hentry"],"_links":{"self":[{"href":"https:\/\/www.cinela.fr\/fr\/wp-json\/wp\/v2\/pages\/57","targetHints":{"allow":["GET"]}}],"collection":[{"href":"https:\/\/www.cinela.fr\/fr\/wp-json\/wp\/v2\/pages"}],"about":[{"href":"https:\/\/www.cinela.fr\/fr\/wp-json\/wp\/v2\/types\/page"}],"author":[{"embeddable":true,"href":"https:\/\/www.cinela.fr\/fr\/wp-json\/wp\/v2\/users\/1"}],"replies":[{"embeddable":true,"href":"https:\/\/www.cinela.fr\/fr\/wp-json\/wp\/v2\/comments?post=57"}],"version-history":[{"count":1,"href":"https:\/\/www.cinela.fr\/fr\/wp-json\/wp\/v2\/pages\/57\/revisions"}],"predecessor-version":[{"id":3544,"href":"https:\/\/www.cinela.fr\/fr\/wp-json\/wp\/v2\/pages\/57\/revisions\/3544"}],"wp:attachment":[{"href":"https:\/\/www.cinela.fr\/fr\/wp-json\/wp\/v2\/media?parent=57"}],"curies":[{"name":"wp","href":"https:\/\/api.w.org\/{rel}","templated":true}]}}