{"id":10760,"date":"2020-05-05T11:42:23","date_gmt":"2020-05-05T09:42:23","guid":{"rendered":"https:\/\/www.cinela.fr\/gammes-de-produits\/non%20class\u00e9\/suspension-pour-schoeps-cmc\/"},"modified":"2024-06-10T16:45:38","modified_gmt":"2024-06-10T14:45:38","slug":"suspension-pour-schoeps-cmc","status":"publish","type":"product","link":"https:\/\/www.cinela.fr\/fr\/gammes-de-produits\/suspensions-gamme-classique-osix\/suspension-pour-schoeps-cmc\/","title":{"rendered":"Suspension d\u00e9di\u00e9e pour Schoeps CMC (sans CUT1 ni GVC)"},"content":{"rendered":"<p><strong>OSIX 2<\/strong> a \u00e9t\u00e9 con\u00e7ue pour un microphone SCHOEPS de la s\u00e9rie CMC, compos\u00e9 d&rsquo;un corps CMC 3, 4, 5 ou 6 et d&rsquo;une capsule de la s\u00e9rie Colette.<br \/>\n\u00c9galement compatible avec le corps <strong>CMD42<\/strong> (signal num\u00e9rique) m\u00eame si le c\u00e2ble n&rsquo;est pas sp\u00e9cifiquement de type AES\/EBU.<\/p>\n<p>Usage int\u00e9rieur\/ext\u00e9rieur avec mousse (B5 ou B5D) ou boule LEO-20 avec ou sans fourrure.<br \/>\nIl est \u00e9galement possible d&rsquo;adapter toute la gamme des bonnettes anti-vent de la s\u00e9rie Schoeps, y compris la protection \u00e0 poils W 20 R1. <\/p>\n<p>Isolateur avant: C3<br \/>\nIsolateur arri\u00e8re: D3<\/p>\n","protected":false},"excerpt":{"rendered":"OSIX 2 a \u00e9t\u00e9 con\u00e7ue pour un microphone SCHOEPS de la s\u00e9rie CMC, compos\u00e9 d&rsquo;un corps CMC 3, 4, 5 ou 6 et d&rsquo;une capsule de la s\u00e9rie Colette. \u00c9galement compatible avec le corps CMD42 (signal num\u00e9rique) m\u00eame si le c\u00e2ble n&rsquo;est pas sp\u00e9cifiquement de type AES\/EBU. Usage int\u00e9rieur\/ext\u00e9rieur avec mousse (B5 ou B5D) ou [&hellip;]","protected":false},"featured_media":0,"template":"","meta":[],"product_brand":[],"product_cat":[139],"product_tag":[],"class_list":{"0":"post-10760","1":"product","2":"type-product","3":"status-publish","5":"product_cat-suspensions-gamme-classique-osix","7":"first","8":"instock","9":"shipping-taxable","10":"product-type-simple"},"_links":{"self":[{"href":"https:\/\/www.cinela.fr\/fr\/wp-json\/wp\/v2\/product\/10760","targetHints":{"allow":["GET"]}}],"collection":[{"href":"https:\/\/www.cinela.fr\/fr\/wp-json\/wp\/v2\/product"}],"about":[{"href":"https:\/\/www.cinela.fr\/fr\/wp-json\/wp\/v2\/types\/product"}],"wp:attachment":[{"href":"https:\/\/www.cinela.fr\/fr\/wp-json\/wp\/v2\/media?parent=10760"}],"wp:term":[{"taxonomy":"product_brand","embeddable":true,"href":"https:\/\/www.cinela.fr\/fr\/wp-json\/wp\/v2\/product_brand?post=10760"},{"taxonomy":"product_cat","embeddable":true,"href":"https:\/\/www.cinela.fr\/fr\/wp-json\/wp\/v2\/product_cat?post=10760"},{"taxonomy":"product_tag","embeddable":true,"href":"https:\/\/www.cinela.fr\/fr\/wp-json\/wp\/v2\/product_tag?post=10760"}],"curies":[{"name":"wp","href":"https:\/\/api.w.org\/{rel}","templated":true}]}}