{"id":10762,"date":"2020-05-05T11:42:23","date_gmt":"2020-05-05T09:42:23","guid":{"rendered":"https:\/\/www.cinela.fr\/gammes-de-produits\/non%20class\u00e9\/suspension-serie-mkh-20-50\/"},"modified":"2023-05-12T14:49:27","modified_gmt":"2023-05-12T12:49:27","slug":"suspension-serie-mkh-20-50","status":"publish","type":"product","link":"https:\/\/www.cinela.fr\/fr\/gammes-de-produits\/suspensions-gamme-classique-osix\/suspension-serie-mkh-20-50\/","title":{"rendered":"Suspension d\u00e9di\u00e9e pour Sennheiser MKH 50"},"content":{"rendered":"<p>OSIX 3 a \u00e9t\u00e9 con\u00e7ue pour un microphone SENNHEISER MKH 20\/40\/50. <\/p>\n<p>En compromis int\u00e9rieur\/ext\u00e9rieur, il est possible d&rsquo;adapter toutes les bonnettes mousse pr\u00e9vues pour ce microphone ainsi que la bonnette LEO-25, avec ou sans fourrure.<\/p>\n<p>Compte tenu de la sensibilit\u00e9 particuli\u00e8re de ce microphone aux basses fr\u00e9quences (MKH 40\/50), la souplesse de la suspension est maximale et il est d\u00e9conseill\u00e9 de l&rsquo;utiliser pour d&rsquo;autres types de microphones, notamment plus lourds ou plus longs. <\/p>\n<p>Isolateur avant: A3<br \/>\nIsolateur arri\u00e8re: B2<\/p>\n","protected":false},"excerpt":{"rendered":"OSIX 3 a \u00e9t\u00e9 con\u00e7ue pour un microphone SENNHEISER MKH 20\/40\/50. En compromis int\u00e9rieur\/ext\u00e9rieur, il est possible d&rsquo;adapter toutes les bonnettes mousse pr\u00e9vues pour ce microphone ainsi que la bonnette LEO-25, avec ou sans fourrure. Compte tenu de la sensibilit\u00e9 particuli\u00e8re de ce microphone aux basses fr\u00e9quences (MKH 40\/50), la souplesse de la suspension est [&hellip;]","protected":false},"featured_media":0,"template":"","meta":[],"product_brand":[],"product_cat":[139],"product_tag":[],"class_list":{"0":"post-10762","1":"product","2":"type-product","3":"status-publish","5":"product_cat-suspensions-gamme-classique-osix","7":"first","8":"instock","9":"shipping-taxable","10":"product-type-simple"},"_links":{"self":[{"href":"https:\/\/www.cinela.fr\/fr\/wp-json\/wp\/v2\/product\/10762","targetHints":{"allow":["GET"]}}],"collection":[{"href":"https:\/\/www.cinela.fr\/fr\/wp-json\/wp\/v2\/product"}],"about":[{"href":"https:\/\/www.cinela.fr\/fr\/wp-json\/wp\/v2\/types\/product"}],"wp:attachment":[{"href":"https:\/\/www.cinela.fr\/fr\/wp-json\/wp\/v2\/media?parent=10762"}],"wp:term":[{"taxonomy":"product_brand","embeddable":true,"href":"https:\/\/www.cinela.fr\/fr\/wp-json\/wp\/v2\/product_brand?post=10762"},{"taxonomy":"product_cat","embeddable":true,"href":"https:\/\/www.cinela.fr\/fr\/wp-json\/wp\/v2\/product_cat?post=10762"},{"taxonomy":"product_tag","embeddable":true,"href":"https:\/\/www.cinela.fr\/fr\/wp-json\/wp\/v2\/product_tag?post=10762"}],"curies":[{"name":"wp","href":"https:\/\/api.w.org\/{rel}","templated":true}]}}