{"id":10764,"date":"2020-05-05T11:42:23","date_gmt":"2020-05-05T09:42:23","guid":{"rendered":"https:\/\/www.cinela.fr\/gammes-de-produits\/non%20class\u00e9\/suspension-specifique-mkh-60\/"},"modified":"2023-05-12T14:49:27","modified_gmt":"2023-05-12T12:49:27","slug":"suspension-specifique-mkh-60","status":"publish","type":"product","link":"https:\/\/www.cinela.fr\/fr\/gammes-de-produits\/suspensions-gamme-classique-osix\/suspension-specifique-mkh-60\/","title":{"rendered":"Suspension pour Sennheiser MKH 60 (non valable pour MKH 70)"},"content":{"rendered":"<p>L&rsquo;OSIX 3-60 a \u00e9t\u00e9 con\u00e7ue pour le microphone SENNHEISER MKH 60 \u00e9quip\u00e9 de sa bonnette mousse d&rsquo;origine ou d&rsquo;une fourrure l\u00e9g\u00e8re.<\/p>\n<p>Isolateur avant: A4<br \/>\nIsolateur arri\u00e8re: B4<\/p>\n","protected":false},"excerpt":{"rendered":"L&rsquo;OSIX 3-60 a \u00e9t\u00e9 con\u00e7ue pour le microphone SENNHEISER MKH 60 \u00e9quip\u00e9 de sa bonnette mousse d&rsquo;origine ou d&rsquo;une fourrure l\u00e9g\u00e8re. Isolateur avant: A4 Isolateur arri\u00e8re: B4","protected":false},"featured_media":0,"template":"","meta":[],"product_brand":[],"product_cat":[139],"product_tag":[],"class_list":{"0":"post-10764","1":"product","2":"type-product","3":"status-publish","5":"product_cat-suspensions-gamme-classique-osix","7":"first","8":"instock","9":"shipping-taxable","10":"product-type-simple"},"_links":{"self":[{"href":"https:\/\/www.cinela.fr\/fr\/wp-json\/wp\/v2\/product\/10764","targetHints":{"allow":["GET"]}}],"collection":[{"href":"https:\/\/www.cinela.fr\/fr\/wp-json\/wp\/v2\/product"}],"about":[{"href":"https:\/\/www.cinela.fr\/fr\/wp-json\/wp\/v2\/types\/product"}],"wp:attachment":[{"href":"https:\/\/www.cinela.fr\/fr\/wp-json\/wp\/v2\/media?parent=10764"}],"wp:term":[{"taxonomy":"product_brand","embeddable":true,"href":"https:\/\/www.cinela.fr\/fr\/wp-json\/wp\/v2\/product_brand?post=10764"},{"taxonomy":"product_cat","embeddable":true,"href":"https:\/\/www.cinela.fr\/fr\/wp-json\/wp\/v2\/product_cat?post=10764"},{"taxonomy":"product_tag","embeddable":true,"href":"https:\/\/www.cinela.fr\/fr\/wp-json\/wp\/v2\/product_tag?post=10764"}],"curies":[{"name":"wp","href":"https:\/\/api.w.org\/{rel}","templated":true}]}}