{"id":10766,"date":"2020-05-05T11:42:24","date_gmt":"2020-05-05T09:42:24","guid":{"rendered":"https:\/\/www.cinela.fr\/gammes-de-produits\/non%20class\u00e9\/suspension-pour-couple-ortf-schoeps-mstc64\/"},"modified":"2023-05-12T14:49:27","modified_gmt":"2023-05-12T12:49:27","slug":"suspension-pour-couple-ortf-schoeps-mstc64","status":"publish","type":"product","link":"https:\/\/www.cinela.fr\/fr\/gammes-de-produits\/suspensions-gamme-classique-osix\/suspension-pour-couple-ortf-schoeps-mstc64\/","title":{"rendered":"Suspension pour Schoeps ORTF MSTC (XLR5 M\/F)"},"content":{"rendered":"<p>Cette suspension est d\u00e9di\u00e9e au microphone SCHOEPS ORTF type MSTC monobloc. La rotule st\u00e9r\u00e9o permet une orientation totale de la t\u00eate de prise de son.<\/p>\n<p>La suspension est fournie avec un raccord XLR 5 broches m\u00e2le-femelle.<\/p>\n<p>Toutes les bonnettes Schoeps sont utilisables, y compris la version \u00e0 poils W 20 R1, mais il est impossible d&rsquo;adapter la Rycote Baby Ball Gag (BBG).<\/p>\n<p>Isolateurs gauche et droite: B4<\/p>\n","protected":false},"excerpt":{"rendered":"Cette suspension est d\u00e9di\u00e9e au microphone SCHOEPS ORTF type MSTC monobloc. La rotule st\u00e9r\u00e9o permet une orientation totale de la t\u00eate de prise de son. La suspension est fournie avec un raccord XLR 5 broches m\u00e2le-femelle. Toutes les bonnettes Schoeps sont utilisables, y compris la version \u00e0 poils W 20 R1, mais il est impossible [&hellip;]","protected":false},"featured_media":0,"template":"","meta":[],"product_brand":[],"product_cat":[139],"product_tag":[],"class_list":{"0":"post-10766","1":"product","2":"type-product","3":"status-publish","5":"product_cat-suspensions-gamme-classique-osix","7":"first","8":"instock","9":"shipping-taxable","10":"product-type-simple"},"_links":{"self":[{"href":"https:\/\/www.cinela.fr\/fr\/wp-json\/wp\/v2\/product\/10766","targetHints":{"allow":["GET"]}}],"collection":[{"href":"https:\/\/www.cinela.fr\/fr\/wp-json\/wp\/v2\/product"}],"about":[{"href":"https:\/\/www.cinela.fr\/fr\/wp-json\/wp\/v2\/types\/product"}],"wp:attachment":[{"href":"https:\/\/www.cinela.fr\/fr\/wp-json\/wp\/v2\/media?parent=10766"}],"wp:term":[{"taxonomy":"product_brand","embeddable":true,"href":"https:\/\/www.cinela.fr\/fr\/wp-json\/wp\/v2\/product_brand?post=10766"},{"taxonomy":"product_cat","embeddable":true,"href":"https:\/\/www.cinela.fr\/fr\/wp-json\/wp\/v2\/product_cat?post=10766"},{"taxonomy":"product_tag","embeddable":true,"href":"https:\/\/www.cinela.fr\/fr\/wp-json\/wp\/v2\/product_tag?post=10766"}],"curies":[{"name":"wp","href":"https:\/\/api.w.org\/{rel}","templated":true}]}}