{"id":10768,"date":"2020-05-05T11:42:24","date_gmt":"2020-05-05T09:42:24","guid":{"rendered":"https:\/\/www.cinela.fr\/gammes-de-produits\/non%20class\u00e9\/suspension-pour-schoeps-cmit\/"},"modified":"2026-02-21T22:27:43","modified_gmt":"2026-02-21T21:27:43","slug":"suspension-pour-schoeps-cmit","status":"publish","type":"product","link":"https:\/\/www.cinela.fr\/fr\/gammes-de-produits\/suspensions-gamme-classique-osix\/suspension-pour-schoeps-cmit\/","title":{"rendered":"Suspension pour Schoeps CMIT"},"content":{"rendered":"<p>OSIX CMIT est une adaptation pour le microphone Schoeps CMIT 5. <\/p>\n<p>Usage en compromis int\u00e9rieur\/ext\u00e9rieur avec une simple mousse ou un protection \u00e0 fourrure. <\/p>\n<p>L&rsquo;usage du filtre forte pente (+18dB\/oct), int\u00e9gr\u00e9 au CMIT (au plus pr\u00e8s de la XLR), est recommand\u00e9.<\/p>\n<p>Isolateur avant: A3<br \/>\nIsolateur arri\u00e8re: B3<\/p>\n<p>Compatible SuperCMIT<\/p>\n","protected":false},"excerpt":{"rendered":"OSIX CMIT est une adaptation pour le microphone Schoeps CMIT 5. Usage en compromis int\u00e9rieur\/ext\u00e9rieur avec une simple mousse ou un protection \u00e0 fourrure. L&rsquo;usage du filtre forte pente (+18dB\/oct), int\u00e9gr\u00e9 au CMIT (au plus pr\u00e8s de la XLR), est recommand\u00e9. Isolateur avant: A3 Isolateur arri\u00e8re: B3 Compatible SuperCMIT","protected":false},"featured_media":0,"template":"","meta":[],"product_brand":[],"product_cat":[139],"product_tag":[],"class_list":{"0":"post-10768","1":"product","2":"type-product","3":"status-publish","5":"product_cat-suspensions-gamme-classique-osix","7":"first","8":"instock","9":"shipping-taxable","10":"product-type-simple"},"_links":{"self":[{"href":"https:\/\/www.cinela.fr\/fr\/wp-json\/wp\/v2\/product\/10768","targetHints":{"allow":["GET"]}}],"collection":[{"href":"https:\/\/www.cinela.fr\/fr\/wp-json\/wp\/v2\/product"}],"about":[{"href":"https:\/\/www.cinela.fr\/fr\/wp-json\/wp\/v2\/types\/product"}],"wp:attachment":[{"href":"https:\/\/www.cinela.fr\/fr\/wp-json\/wp\/v2\/media?parent=10768"}],"wp:term":[{"taxonomy":"product_brand","embeddable":true,"href":"https:\/\/www.cinela.fr\/fr\/wp-json\/wp\/v2\/product_brand?post=10768"},{"taxonomy":"product_cat","embeddable":true,"href":"https:\/\/www.cinela.fr\/fr\/wp-json\/wp\/v2\/product_cat?post=10768"},{"taxonomy":"product_tag","embeddable":true,"href":"https:\/\/www.cinela.fr\/fr\/wp-json\/wp\/v2\/product_tag?post=10768"}],"curies":[{"name":"wp","href":"https:\/\/api.w.org\/{rel}","templated":true}]}}