{"id":10788,"date":"2020-05-05T11:42:26","date_gmt":"2020-05-05T09:42:26","guid":{"rendered":"https:\/\/www.cinela.fr\/gammes-de-produits\/non%20class\u00e9\/bonnette-zephyx-equipee-osix-2-cmc\/"},"modified":"2023-05-12T14:49:29","modified_gmt":"2023-05-12T12:49:29","slug":"bonnette-zephyx-equipee-osix-2-cmc","status":"publish","type":"product","link":"https:\/\/www.cinela.fr\/fr\/gammes-de-produits\/bonnettes-zephyx\/bonnette-zephyx-equipee-osix-2-cmc\/","title":{"rendered":"Bonnette ZEPHYX \u00e9quip\u00e9e OSIX 2"},"content":{"rendered":"<p>Bonnette compl\u00e8te compos\u00e9e d\u2019un Bloc suspension pour Schoeps CMC (R\u00e9f X-SET-1) et d\u2019un ensemble anti-vent Z-WIND. <\/p>\n<p>Le Bloc suspension se d\u00e9visse rapidement de la cage pour une utilisation int\u00e9rieure imm\u00e9diate.<\/p>\n<p>Note: l&rsquo;usage de la bonnette Schoeps B5D \u00e0 l&rsquo;int\u00e9rieur de la Zephyx est recommand\u00e9 lorsque le tissu Z-COVER est utilis\u00e9 sans fourrure suppl\u00e9mentaire.<\/p>\n","protected":false},"excerpt":{"rendered":"Bonnette compl\u00e8te compos\u00e9e d\u2019un Bloc suspension pour Schoeps CMC (R\u00e9f X-SET-1) et d\u2019un ensemble anti-vent Z-WIND. Le Bloc suspension se d\u00e9visse rapidement de la cage pour une utilisation int\u00e9rieure imm\u00e9diate. Note: l&rsquo;usage de la bonnette Schoeps B5D \u00e0 l&rsquo;int\u00e9rieur de la Zephyx est recommand\u00e9 lorsque le tissu Z-COVER est utilis\u00e9 sans fourrure suppl\u00e9mentaire.","protected":false},"featured_media":0,"template":"","meta":[],"product_brand":[],"product_cat":[145],"product_tag":[],"class_list":{"0":"post-10788","1":"product","2":"type-product","3":"status-publish","5":"product_cat-bonnettes-zephyx","7":"first","8":"instock","9":"shipping-taxable","10":"product-type-simple"},"_links":{"self":[{"href":"https:\/\/www.cinela.fr\/fr\/wp-json\/wp\/v2\/product\/10788","targetHints":{"allow":["GET"]}}],"collection":[{"href":"https:\/\/www.cinela.fr\/fr\/wp-json\/wp\/v2\/product"}],"about":[{"href":"https:\/\/www.cinela.fr\/fr\/wp-json\/wp\/v2\/types\/product"}],"wp:attachment":[{"href":"https:\/\/www.cinela.fr\/fr\/wp-json\/wp\/v2\/media?parent=10788"}],"wp:term":[{"taxonomy":"product_brand","embeddable":true,"href":"https:\/\/www.cinela.fr\/fr\/wp-json\/wp\/v2\/product_brand?post=10788"},{"taxonomy":"product_cat","embeddable":true,"href":"https:\/\/www.cinela.fr\/fr\/wp-json\/wp\/v2\/product_cat?post=10788"},{"taxonomy":"product_tag","embeddable":true,"href":"https:\/\/www.cinela.fr\/fr\/wp-json\/wp\/v2\/product_tag?post=10788"}],"curies":[{"name":"wp","href":"https:\/\/api.w.org\/{rel}","templated":true}]}}