{"id":10806,"date":"2020-05-05T11:42:28","date_gmt":"2020-05-05T09:42:28","guid":{"rendered":"https:\/\/www.cinela.fr\/gammes-de-produits\/non%20class\u00e9\/suspension-pour-sennheiser-mkh418\/"},"modified":"2023-05-12T14:49:30","modified_gmt":"2023-05-12T12:49:30","slug":"suspension-pour-sennheiser-mkh418","status":"publish","type":"product","link":"https:\/\/www.cinela.fr\/fr\/gammes-de-produits\/suspensions-gamme-classique-osix\/suspension-pour-sennheiser-mkh418\/","title":{"rendered":"Suspension pour for Sennheiser MKH 418 (XLR5 M\/F)"},"content":{"rendered":"<p>Adaptation pour le micro MS MKH418 avec raccord XLR 5 broches. <\/p>\n<p>Elle est \u00e9quip\u00e9e de la nouvelle embase de rotule SW-UL-D, ce qui permet une orientation du micro ind\u00e9pendante de celle de la perche ou du support. <\/p>\n<p>Isolateur avant: A4<br \/>\nIsolateur arri\u00e8re: B3<\/p>\n","protected":false},"excerpt":{"rendered":"Adaptation pour le micro MS MKH418 avec raccord XLR 5 broches. Elle est \u00e9quip\u00e9e de la nouvelle embase de rotule SW-UL-D, ce qui permet une orientation du micro ind\u00e9pendante de celle de la perche ou du support. Isolateur avant: A4 Isolateur arri\u00e8re: B3","protected":false},"featured_media":0,"template":"","meta":[],"product_brand":[],"product_cat":[139],"product_tag":[],"class_list":{"0":"post-10806","1":"product","2":"type-product","3":"status-publish","5":"product_cat-suspensions-gamme-classique-osix","7":"first","8":"instock","9":"shipping-taxable","10":"product-type-simple"},"_links":{"self":[{"href":"https:\/\/www.cinela.fr\/fr\/wp-json\/wp\/v2\/product\/10806","targetHints":{"allow":["GET"]}}],"collection":[{"href":"https:\/\/www.cinela.fr\/fr\/wp-json\/wp\/v2\/product"}],"about":[{"href":"https:\/\/www.cinela.fr\/fr\/wp-json\/wp\/v2\/types\/product"}],"wp:attachment":[{"href":"https:\/\/www.cinela.fr\/fr\/wp-json\/wp\/v2\/media?parent=10806"}],"wp:term":[{"taxonomy":"product_brand","embeddable":true,"href":"https:\/\/www.cinela.fr\/fr\/wp-json\/wp\/v2\/product_brand?post=10806"},{"taxonomy":"product_cat","embeddable":true,"href":"https:\/\/www.cinela.fr\/fr\/wp-json\/wp\/v2\/product_cat?post=10806"},{"taxonomy":"product_tag","embeddable":true,"href":"https:\/\/www.cinela.fr\/fr\/wp-json\/wp\/v2\/product_tag?post=10806"}],"curies":[{"name":"wp","href":"https:\/\/api.w.org\/{rel}","templated":true}]}}