{"id":10810,"date":"2020-05-05T11:42:28","date_gmt":"2020-05-05T09:42:28","guid":{"rendered":"https:\/\/www.cinela.fr\/gammes-de-produits\/non%20class\u00e9\/bonnette-zephyx-pour-schoeps-cmxy\/"},"modified":"2023-05-12T14:49:31","modified_gmt":"2023-05-12T12:49:31","slug":"bonnette-zephyx-pour-schoeps-cmxy","status":"publish","type":"product","link":"https:\/\/www.cinela.fr\/fr\/gammes-de-produits\/bonnettes-zephyx\/bonnette-zephyx-pour-schoeps-cmxy\/","title":{"rendered":"Bonnette ZEPHYX compl\u00e8te pour CMXY"},"content":{"rendered":"<p>Zephyx compl\u00e8te constitu\u00e9e du bloc suspension X-SET-CMXY adapt\u00e9e au micro Schoeps CMXY 4V Ug (XLR5), d&rsquo;un ensemble anti-vent Z-WIND et d&rsquo;une ceinture de s\u00e9curit\u00e9 BELT-CMXY.  <\/p>\n<p>Les capsules doivent \u00eatre dans le prolongement de la partie principale du corps (angle nul de rotule) pour un positionnement parfait au coeur du volume.  <\/p>\n<p>La bonnette est donc \u00e0 manipuler en position verticale pour une prise de son frontale.<\/p>\n","protected":false},"excerpt":{"rendered":"Zephyx compl\u00e8te constitu\u00e9e du bloc suspension X-SET-CMXY adapt\u00e9e au micro Schoeps CMXY 4V Ug (XLR5), d&rsquo;un ensemble anti-vent Z-WIND et d&rsquo;une ceinture de s\u00e9curit\u00e9 BELT-CMXY. Les capsules doivent \u00eatre dans le prolongement de la partie principale du corps (angle nul de rotule) pour un positionnement parfait au coeur du volume. La bonnette est donc \u00e0 [&hellip;]","protected":false},"featured_media":0,"template":"","meta":[],"product_brand":[],"product_cat":[145],"product_tag":[],"class_list":{"0":"post-10810","1":"product","2":"type-product","3":"status-publish","5":"product_cat-bonnettes-zephyx","7":"first","8":"instock","9":"shipping-taxable","10":"product-type-simple"},"_links":{"self":[{"href":"https:\/\/www.cinela.fr\/fr\/wp-json\/wp\/v2\/product\/10810","targetHints":{"allow":["GET"]}}],"collection":[{"href":"https:\/\/www.cinela.fr\/fr\/wp-json\/wp\/v2\/product"}],"about":[{"href":"https:\/\/www.cinela.fr\/fr\/wp-json\/wp\/v2\/types\/product"}],"wp:attachment":[{"href":"https:\/\/www.cinela.fr\/fr\/wp-json\/wp\/v2\/media?parent=10810"}],"wp:term":[{"taxonomy":"product_brand","embeddable":true,"href":"https:\/\/www.cinela.fr\/fr\/wp-json\/wp\/v2\/product_brand?post=10810"},{"taxonomy":"product_cat","embeddable":true,"href":"https:\/\/www.cinela.fr\/fr\/wp-json\/wp\/v2\/product_cat?post=10810"},{"taxonomy":"product_tag","embeddable":true,"href":"https:\/\/www.cinela.fr\/fr\/wp-json\/wp\/v2\/product_tag?post=10810"}],"curies":[{"name":"wp","href":"https:\/\/api.w.org\/{rel}","templated":true}]}}