{"id":10832,"date":"2020-05-05T11:42:30","date_gmt":"2020-05-05T09:42:30","guid":{"rendered":"https:\/\/www.cinela.fr\/gammes-de-produits\/non%20class\u00e9\/cable-2-x-lemo-xlr5m-pour-ccm-ms\/"},"modified":"2023-08-03T11:24:37","modified_gmt":"2023-08-03T09:24:37","slug":"cable-2-x-lemo-xlr5m-pour-ccm-ms","status":"publish","type":"product","link":"https:\/\/www.cinela.fr\/fr\/gammes-de-produits\/bonnettes-zephyx\/cable-2-x-lemo-xlr5m-pour-ccm-ms\/","title":{"rendered":"C\u00e2ble 2 x Lemo\/XLR5M pour Z-CCM-MS"},"content":{"rendered":"<p>C\u00e2ble adapt\u00e9 \u00e0 la Zephyx Z-CCM-MS (qui n&rsquo;est plus fabriqu\u00e9e)<\/p>\n<p>C\u00f4t\u00e9 micros, les c\u00e2bles sont fins et souples pour une att\u00e9nuation maximale des bruits de c\u00e2bles.  <\/p>\n<p>C\u00f4t\u00e9 XLR5M \u00e0 contacts dor\u00e9s, le c\u00e2ble est renforc\u00e9 pour une meilleure r\u00e9sistance m\u00e9canique.  <\/p>\n<p>Le circuit imprim\u00e9 central se loge dans l&rsquo;axe principal interne \u00e0 la bonnette et assure un positionnement parfait des c\u00e2bles.<\/p>\n","protected":false},"excerpt":{"rendered":"C\u00e2ble adapt\u00e9 \u00e0 la Zephyx Z-CCM-MS (qui n&rsquo;est plus fabriqu\u00e9e) C\u00f4t\u00e9 micros, les c\u00e2bles sont fins et souples pour une att\u00e9nuation maximale des bruits de c\u00e2bles. C\u00f4t\u00e9 XLR5M \u00e0 contacts dor\u00e9s, le c\u00e2ble est renforc\u00e9 pour une meilleure r\u00e9sistance m\u00e9canique. Le circuit imprim\u00e9 central se loge dans l&rsquo;axe principal interne \u00e0 la bonnette et assure [&hellip;]","protected":false},"featured_media":0,"template":"","meta":[],"product_brand":[],"product_cat":[145],"product_tag":[],"class_list":{"0":"post-10832","1":"product","2":"type-product","3":"status-publish","5":"product_cat-bonnettes-zephyx","7":"first","8":"instock","9":"shipping-taxable","10":"product-type-simple"},"_links":{"self":[{"href":"https:\/\/www.cinela.fr\/fr\/wp-json\/wp\/v2\/product\/10832","targetHints":{"allow":["GET"]}}],"collection":[{"href":"https:\/\/www.cinela.fr\/fr\/wp-json\/wp\/v2\/product"}],"about":[{"href":"https:\/\/www.cinela.fr\/fr\/wp-json\/wp\/v2\/types\/product"}],"wp:attachment":[{"href":"https:\/\/www.cinela.fr\/fr\/wp-json\/wp\/v2\/media?parent=10832"}],"wp:term":[{"taxonomy":"product_brand","embeddable":true,"href":"https:\/\/www.cinela.fr\/fr\/wp-json\/wp\/v2\/product_brand?post=10832"},{"taxonomy":"product_cat","embeddable":true,"href":"https:\/\/www.cinela.fr\/fr\/wp-json\/wp\/v2\/product_cat?post=10832"},{"taxonomy":"product_tag","embeddable":true,"href":"https:\/\/www.cinela.fr\/fr\/wp-json\/wp\/v2\/product_tag?post=10832"}],"curies":[{"name":"wp","href":"https:\/\/api.w.org\/{rel}","templated":true}]}}