{"id":10846,"date":"2020-05-05T11:42:32","date_gmt":"2020-05-05T09:42:32","guid":{"rendered":"https:\/\/www.cinela.fr\/gammes-de-produits\/non%20class\u00e9\/kit-isolateurs-av-ar-pour-osix-3-osix-cmit\/"},"modified":"2023-09-21T10:28:04","modified_gmt":"2023-09-21T08:28:04","slug":"kit-isolateurs-av-ar-pour-osix-3-osix-cmit","status":"publish","type":"product","link":"https:\/\/www.cinela.fr\/fr\/gammes-de-produits\/accessoires-autres\/kit-isolateurs-av-ar-pour-osix-3-osix-cmit\/","title":{"rendered":"Kit de rechange pour OSIX CMIT"},"content":{"rendered":"<p>Ensemble constitu\u00e9 de:<\/p>\n<ul>\n<li>1 isolateur plastique A3 (avant) + vis<\/li>\n<li>1 isolateur plastique B3 (arri\u00e8re) + vis<\/li>\n<li>1 paire de but\u00e9e caoutchouc<\/li>\n<li>1 cl\u00e9 6 pans 2mm<\/li>\n<li>1 notice de montage<\/li>\n<\/ul>\n<p>Kit adapt\u00e9 pour OSIX CMIT<\/p>\n<p>Vid\u00e9o d&rsquo;installation (passage m\u00e9tal -&gt; plastique):<br \/>\n<a href=\"https:\/\/www.youtube.com\/watch?v=q8Y4Rhqeseo\">https:\/\/www.youtube.com\/watch?v=q8Y4Rhqeseo<\/a><\/p>\n<p>Pour l&rsquo;OSIX 3, adapt\u00e9e au MKH50, il faut commander la r\u00e9f\u00e9rence KIT A3\/B2<\/p>\n","protected":false},"excerpt":{"rendered":"Ensemble constitu\u00e9 de: 1 isolateur plastique A3 (avant) + vis 1 isolateur plastique B3 (arri\u00e8re) + vis 1 paire de but\u00e9e caoutchouc 1 cl\u00e9 6 pans 2mm 1 notice de montage Kit adapt\u00e9 pour OSIX CMIT Vid\u00e9o d&rsquo;installation (passage m\u00e9tal -&gt; plastique): https:\/\/www.youtube.com\/watch?v=q8Y4Rhqeseo Pour l&rsquo;OSIX 3, adapt\u00e9e au MKH50, il faut commander la r\u00e9f\u00e9rence KIT [&hellip;]","protected":false},"featured_media":0,"template":"","meta":[],"product_brand":[],"product_cat":[151],"product_tag":[],"class_list":{"0":"post-10846","1":"product","2":"type-product","3":"status-publish","5":"product_cat-accessoires-autres","7":"first","8":"instock","9":"shipping-taxable","10":"product-type-simple"},"_links":{"self":[{"href":"https:\/\/www.cinela.fr\/fr\/wp-json\/wp\/v2\/product\/10846","targetHints":{"allow":["GET"]}}],"collection":[{"href":"https:\/\/www.cinela.fr\/fr\/wp-json\/wp\/v2\/product"}],"about":[{"href":"https:\/\/www.cinela.fr\/fr\/wp-json\/wp\/v2\/types\/product"}],"wp:attachment":[{"href":"https:\/\/www.cinela.fr\/fr\/wp-json\/wp\/v2\/media?parent=10846"}],"wp:term":[{"taxonomy":"product_brand","embeddable":true,"href":"https:\/\/www.cinela.fr\/fr\/wp-json\/wp\/v2\/product_brand?post=10846"},{"taxonomy":"product_cat","embeddable":true,"href":"https:\/\/www.cinela.fr\/fr\/wp-json\/wp\/v2\/product_cat?post=10846"},{"taxonomy":"product_tag","embeddable":true,"href":"https:\/\/www.cinela.fr\/fr\/wp-json\/wp\/v2\/product_tag?post=10846"}],"curies":[{"name":"wp","href":"https:\/\/api.w.org\/{rel}","templated":true}]}}