{"id":10848,"date":"2020-05-05T11:42:32","date_gmt":"2020-05-05T09:42:32","guid":{"rendered":"https:\/\/www.cinela.fr\/gammes-de-produits\/non%20class\u00e9\/kit-isolateurs-av-ar-pour-osix-1-osix-2\/"},"modified":"2023-05-12T14:49:33","modified_gmt":"2023-05-12T12:49:33","slug":"kit-isolateurs-av-ar-pour-osix-1-osix-2","status":"publish","type":"product","link":"https:\/\/www.cinela.fr\/fr\/gammes-de-produits\/accessoires-autres\/kit-isolateurs-av-ar-pour-osix-1-osix-2\/","title":{"rendered":"Kit de rechange pour OSIX 1, OSIX 2 et OSIX 4-4017"},"content":{"rendered":"<p>Ensemble constitu\u00e9 de:<\/p>\n<ul>\n<li>1 isolateur plastique C3 (avant) + vis<\/li>\n<li>1 isolateur plastique D3 (arri\u00e8re) + vis<\/li>\n<li>1 paire de but\u00e9e caoutchouc<\/li>\n<li>1 cl\u00e9 6 pans 2mm<\/li>\n<li>1 notice de montage<\/li>\n<\/ul>\n<p>Kit adapt\u00e9 pour OSIX 1, OSIX 2 et OSIX 2-4017<\/p>\n<p>www.youtube.com\/cinelavideo<\/p>\n","protected":false},"excerpt":{"rendered":"Ensemble constitu\u00e9 de: 1 isolateur plastique C3 (avant) + vis 1 isolateur plastique D3 (arri\u00e8re) + vis 1 paire de but\u00e9e caoutchouc 1 cl\u00e9 6 pans 2mm 1 notice de montage Kit adapt\u00e9 pour OSIX 1, OSIX 2 et OSIX 2-4017 www.youtube.com\/cinelavideo","protected":false},"featured_media":0,"template":"","meta":[],"product_brand":[],"product_cat":[151],"product_tag":[],"class_list":{"0":"post-10848","1":"product","2":"type-product","3":"status-publish","5":"product_cat-accessoires-autres","7":"first","8":"instock","9":"shipping-taxable","10":"product-type-simple"},"_links":{"self":[{"href":"https:\/\/www.cinela.fr\/fr\/wp-json\/wp\/v2\/product\/10848","targetHints":{"allow":["GET"]}}],"collection":[{"href":"https:\/\/www.cinela.fr\/fr\/wp-json\/wp\/v2\/product"}],"about":[{"href":"https:\/\/www.cinela.fr\/fr\/wp-json\/wp\/v2\/types\/product"}],"wp:attachment":[{"href":"https:\/\/www.cinela.fr\/fr\/wp-json\/wp\/v2\/media?parent=10848"}],"wp:term":[{"taxonomy":"product_brand","embeddable":true,"href":"https:\/\/www.cinela.fr\/fr\/wp-json\/wp\/v2\/product_brand?post=10848"},{"taxonomy":"product_cat","embeddable":true,"href":"https:\/\/www.cinela.fr\/fr\/wp-json\/wp\/v2\/product_cat?post=10848"},{"taxonomy":"product_tag","embeddable":true,"href":"https:\/\/www.cinela.fr\/fr\/wp-json\/wp\/v2\/product_tag?post=10848"}],"curies":[{"name":"wp","href":"https:\/\/api.w.org\/{rel}","templated":true}]}}