{"id":10850,"date":"2020-05-05T11:42:32","date_gmt":"2020-05-05T09:42:32","guid":{"rendered":"https:\/\/www.cinela.fr\/gammes-de-produits\/non%20class\u00e9\/kit-isolateur-av-ar-pour-osix-3-60\/"},"modified":"2023-05-12T14:49:33","modified_gmt":"2023-05-12T12:49:33","slug":"kit-isolateur-av-ar-pour-osix-3-60","status":"publish","type":"product","link":"https:\/\/www.cinela.fr\/fr\/gammes-de-produits\/accessoires-autres\/kit-isolateur-av-ar-pour-osix-3-60\/","title":{"rendered":"Kit de rechange pour OSIX 3-60"},"content":{"rendered":"<p>Ensemble constitu\u00e9 de:<\/p>\n<ul>\n<li>1 isolateur plastique A4 (avant) + vis<\/li>\n<li>1 isolateur plastique B4 (arri\u00e8re) + vis<\/li>\n<li>1 paire de but\u00e9e caoutchouc<\/li>\n<li>1 cl\u00e9 6 pans 2mm<\/li>\n<li>1 notice de montage<\/li>\n<\/ul>\n<p>Kit adapt\u00e9 pour OSIX 3-60<\/p>\n<p>www.youtube.com\/cinelavideo<\/p>\n","protected":false},"excerpt":{"rendered":"Ensemble constitu\u00e9 de: 1 isolateur plastique A4 (avant) + vis 1 isolateur plastique B4 (arri\u00e8re) + vis 1 paire de but\u00e9e caoutchouc 1 cl\u00e9 6 pans 2mm 1 notice de montage Kit adapt\u00e9 pour OSIX 3-60 www.youtube.com\/cinelavideo","protected":false},"featured_media":0,"template":"","meta":[],"product_brand":[],"product_cat":[151],"product_tag":[],"class_list":{"0":"post-10850","1":"product","2":"type-product","3":"status-publish","5":"product_cat-accessoires-autres","7":"first","8":"instock","9":"shipping-taxable","10":"product-type-simple"},"_links":{"self":[{"href":"https:\/\/www.cinela.fr\/fr\/wp-json\/wp\/v2\/product\/10850","targetHints":{"allow":["GET"]}}],"collection":[{"href":"https:\/\/www.cinela.fr\/fr\/wp-json\/wp\/v2\/product"}],"about":[{"href":"https:\/\/www.cinela.fr\/fr\/wp-json\/wp\/v2\/types\/product"}],"wp:attachment":[{"href":"https:\/\/www.cinela.fr\/fr\/wp-json\/wp\/v2\/media?parent=10850"}],"wp:term":[{"taxonomy":"product_brand","embeddable":true,"href":"https:\/\/www.cinela.fr\/fr\/wp-json\/wp\/v2\/product_brand?post=10850"},{"taxonomy":"product_cat","embeddable":true,"href":"https:\/\/www.cinela.fr\/fr\/wp-json\/wp\/v2\/product_cat?post=10850"},{"taxonomy":"product_tag","embeddable":true,"href":"https:\/\/www.cinela.fr\/fr\/wp-json\/wp\/v2\/product_tag?post=10850"}],"curies":[{"name":"wp","href":"https:\/\/api.w.org\/{rel}","templated":true}]}}