{"id":10856,"date":"2020-05-05T11:42:33","date_gmt":"2020-05-05T09:42:33","guid":{"rendered":"https:\/\/www.cinela.fr\/gammes-de-produits\/non%20class\u00e9\/bonnette-albert-pour-ccm-ortf-xy-tri\/"},"modified":"2025-10-12T20:44:04","modified_gmt":"2025-10-12T18:44:04","slug":"bonnette-albert-pour-ccm-ortf-xy-tri","status":"publish","type":"product","link":"https:\/\/www.cinela.fr\/fr\/gammes-de-produits\/bonnettes-albert\/bonnette-albert-pour-ccm-ortf-xy-tri\/","title":{"rendered":"Bonnette ALBERT pour tripiste Schoeps CCM (ORTF + Centre)"},"content":{"rendered":"<p>Idem AL-ORTF-CCM mais avec un micro central suppl\u00e9mentaire.<br \/>\nIl ne s&rsquo;agit PAS d&rsquo;un ensemble \u00ab\u00a0LCR\u00a0\u00bb !<br \/>\nVoir page de gamme ALBERT pour explications.<\/p>\n<p>Micros Gauche et Droite: Cardio\u00eedes.<br \/>\nMicro central g\u00e9n\u00e9ralement utilis\u00e9: Hypercardio\u00efde.<\/p>\n<p>Micro central d\u00e9tachable permettant le montage (pseudo) XY.<\/p>\n<p>Rotule deux axes \u00ab\u00a0SW-2AX\u00a0\u00bb en standard. Voir la vid\u00e9o:<br \/>\n<a href=\"https:\/\/www.youtube.com\/watch?v=-wrzcO3qjbc\">https:\/\/www.youtube.com\/watch?v=-wrzcO3qjbc<\/a><\/p>\n<p>Sortie XLR7M<\/p>\n","protected":false},"excerpt":{"rendered":"Idem AL-ORTF-CCM mais avec un micro central suppl\u00e9mentaire. Il ne s&rsquo;agit PAS d&rsquo;un ensemble \u00ab\u00a0LCR\u00a0\u00bb ! Voir page de gamme ALBERT pour explications. Micros Gauche et Droite: Cardio\u00eedes. Micro central g\u00e9n\u00e9ralement utilis\u00e9: Hypercardio\u00efde. Micro central d\u00e9tachable permettant le montage (pseudo) XY. Rotule deux axes \u00ab\u00a0SW-2AX\u00a0\u00bb en standard. Voir la vid\u00e9o: https:\/\/www.youtube.com\/watch?v=-wrzcO3qjbc Sortie XLR7M","protected":false},"featured_media":0,"template":"","meta":[],"product_brand":[],"product_cat":[147],"product_tag":[],"class_list":{"0":"post-10856","1":"product","2":"type-product","3":"status-publish","5":"product_cat-bonnettes-albert","7":"first","8":"instock","9":"shipping-taxable","10":"product-type-simple"},"_links":{"self":[{"href":"https:\/\/www.cinela.fr\/fr\/wp-json\/wp\/v2\/product\/10856","targetHints":{"allow":["GET"]}}],"collection":[{"href":"https:\/\/www.cinela.fr\/fr\/wp-json\/wp\/v2\/product"}],"about":[{"href":"https:\/\/www.cinela.fr\/fr\/wp-json\/wp\/v2\/types\/product"}],"wp:attachment":[{"href":"https:\/\/www.cinela.fr\/fr\/wp-json\/wp\/v2\/media?parent=10856"}],"wp:term":[{"taxonomy":"product_brand","embeddable":true,"href":"https:\/\/www.cinela.fr\/fr\/wp-json\/wp\/v2\/product_brand?post=10856"},{"taxonomy":"product_cat","embeddable":true,"href":"https:\/\/www.cinela.fr\/fr\/wp-json\/wp\/v2\/product_cat?post=10856"},{"taxonomy":"product_tag","embeddable":true,"href":"https:\/\/www.cinela.fr\/fr\/wp-json\/wp\/v2\/product_tag?post=10856"}],"curies":[{"name":"wp","href":"https:\/\/api.w.org\/{rel}","templated":true}]}}