{"id":10860,"date":"2020-05-05T11:42:34","date_gmt":"2020-05-05T09:42:34","guid":{"rendered":"https:\/\/www.cinela.fr\/gammes-de-produits\/non%20class\u00e9\/bonnette-albert-pour-mkh8000-ortf-xy\/"},"modified":"2025-10-12T20:44:05","modified_gmt":"2025-10-12T18:44:05","slug":"bonnette-albert-pour-mkh8000-ortf-xy","status":"publish","type":"product","link":"https:\/\/www.cinela.fr\/fr\/gammes-de-produits\/bonnettes-albert\/bonnette-albert-pour-mkh8000-ortf-xy\/","title":{"rendered":"Bonnette ALBERT pour 2 x Sennheiser MKH8000 (ORTF, XY)"},"content":{"rendered":"<p>USAGE AVEC micros CARDIO\u00cfDES MKH8040<\/p>\n<p>Deux suspensions MINIX-8000 fix\u00e9es sur rail, permettant la mise en oeuvre d&rsquo;un couple ORTF ou autre combinaison d&rsquo;angle et de distance (20cm max). Compatibilit\u00e9 (pseudo) XY.<\/p>\n<p>Connecteurs Sennheiser MZL (pi\u00e8ces d&rsquo;origine) permettant le vissage direct de la partie principale des micros (adaptateur MZX d\u00e9viss\u00e9)<\/p>\n<p>Rotule deux axes \u00ab\u00a0SW-2AX\u00a0\u00bb en standard. Voir la vid\u00e9o:<br \/>\n<a href=\"https:\/\/www.youtube.com\/watch?v=-wrzcO3qjbc\">https:\/\/www.youtube.com\/watch?v=-wrzcO3qjbc<\/a><\/p>\n","protected":false},"excerpt":{"rendered":"USAGE AVEC micros CARDIO\u00cfDES MKH8040 Deux suspensions MINIX-8000 fix\u00e9es sur rail, permettant la mise en oeuvre d&rsquo;un couple ORTF ou autre combinaison d&rsquo;angle et de distance (20cm max). Compatibilit\u00e9 (pseudo) XY. Connecteurs Sennheiser MZL (pi\u00e8ces d&rsquo;origine) permettant le vissage direct de la partie principale des micros (adaptateur MZX d\u00e9viss\u00e9) Rotule deux axes \u00ab\u00a0SW-2AX\u00a0\u00bb en standard. [&hellip;]","protected":false},"featured_media":0,"template":"","meta":[],"product_brand":[],"product_cat":[147],"product_tag":[],"class_list":{"0":"post-10860","1":"product","2":"type-product","3":"status-publish","5":"product_cat-bonnettes-albert","7":"first","8":"instock","9":"shipping-taxable","10":"product-type-simple"},"_links":{"self":[{"href":"https:\/\/www.cinela.fr\/fr\/wp-json\/wp\/v2\/product\/10860","targetHints":{"allow":["GET"]}}],"collection":[{"href":"https:\/\/www.cinela.fr\/fr\/wp-json\/wp\/v2\/product"}],"about":[{"href":"https:\/\/www.cinela.fr\/fr\/wp-json\/wp\/v2\/types\/product"}],"wp:attachment":[{"href":"https:\/\/www.cinela.fr\/fr\/wp-json\/wp\/v2\/media?parent=10860"}],"wp:term":[{"taxonomy":"product_brand","embeddable":true,"href":"https:\/\/www.cinela.fr\/fr\/wp-json\/wp\/v2\/product_brand?post=10860"},{"taxonomy":"product_cat","embeddable":true,"href":"https:\/\/www.cinela.fr\/fr\/wp-json\/wp\/v2\/product_cat?post=10860"},{"taxonomy":"product_tag","embeddable":true,"href":"https:\/\/www.cinela.fr\/fr\/wp-json\/wp\/v2\/product_tag?post=10860"}],"curies":[{"name":"wp","href":"https:\/\/api.w.org\/{rel}","templated":true}]}}