{"id":10864,"date":"2020-05-05T11:42:34","date_gmt":"2020-05-05T09:42:34","guid":{"rendered":"https:\/\/www.cinela.fr\/gammes-de-produits\/non%20class\u00e9\/bonnette-albert-pour-schoeps-mstc\/"},"modified":"2023-05-12T14:49:35","modified_gmt":"2023-05-12T12:49:35","slug":"bonnette-albert-pour-schoeps-mstc","status":"publish","type":"product","link":"https:\/\/www.cinela.fr\/fr\/gammes-de-produits\/bonnettes-albert\/bonnette-albert-pour-schoeps-mstc\/","title":{"rendered":"Bonnette ALBERT pour Schoeps MSTC monobloc"},"content":{"rendered":"<p>Version adapt\u00e9e pour le traditionnel couple ORTF monobloc Schoeps MSTC.<br \/>\nEn d\u00e9pit de sa forme si particuli\u00e8re, la barre du \u00ab\u00a0T\u00a0\u00bb n&#8217;emp\u00eache pas un positionnement quasi parfait des capsules.<\/p>\n<p>La barre centrale du T est compl\u00e9t\u00e9e d&rsquo;une XLR particuli\u00e8rement raccourcie.<\/p>\n<p>Cette version ne permet pas l&rsquo;ajout d&rsquo;un micro central.<\/p>\n<p>Rotule deux axes (type Zephyx) \u00e0 molette unique.<br \/>\nTissu principal et fourrure additionnelle poils longs (idem Zephyx)<br \/>\nXLR 5 broches<br \/>\nEtui<\/p>\n","protected":false},"excerpt":{"rendered":"Version adapt\u00e9e pour le traditionnel couple ORTF monobloc Schoeps MSTC. En d\u00e9pit de sa forme si particuli\u00e8re, la barre du \u00ab\u00a0T\u00a0\u00bb n&#8217;emp\u00eache pas un positionnement quasi parfait des capsules. La barre centrale du T est compl\u00e9t\u00e9e d&rsquo;une XLR particuli\u00e8rement raccourcie. Cette version ne permet pas l&rsquo;ajout d&rsquo;un micro central. Rotule deux axes (type Zephyx) \u00e0 [&hellip;]","protected":false},"featured_media":0,"template":"","meta":[],"product_brand":[],"product_cat":[147],"product_tag":[],"class_list":{"0":"post-10864","1":"product","2":"type-product","3":"status-publish","5":"product_cat-bonnettes-albert","7":"first","8":"instock","9":"shipping-taxable","10":"product-type-simple"},"_links":{"self":[{"href":"https:\/\/www.cinela.fr\/fr\/wp-json\/wp\/v2\/product\/10864","targetHints":{"allow":["GET"]}}],"collection":[{"href":"https:\/\/www.cinela.fr\/fr\/wp-json\/wp\/v2\/product"}],"about":[{"href":"https:\/\/www.cinela.fr\/fr\/wp-json\/wp\/v2\/types\/product"}],"wp:attachment":[{"href":"https:\/\/www.cinela.fr\/fr\/wp-json\/wp\/v2\/media?parent=10864"}],"wp:term":[{"taxonomy":"product_brand","embeddable":true,"href":"https:\/\/www.cinela.fr\/fr\/wp-json\/wp\/v2\/product_brand?post=10864"},{"taxonomy":"product_cat","embeddable":true,"href":"https:\/\/www.cinela.fr\/fr\/wp-json\/wp\/v2\/product_cat?post=10864"},{"taxonomy":"product_tag","embeddable":true,"href":"https:\/\/www.cinela.fr\/fr\/wp-json\/wp\/v2\/product_tag?post=10864"}],"curies":[{"name":"wp","href":"https:\/\/api.w.org\/{rel}","templated":true}]}}