{"id":10866,"date":"2020-05-05T11:42:34","date_gmt":"2020-05-05T09:42:34","guid":{"rendered":"https:\/\/www.cinela.fr\/gammes-de-produits\/non%20class\u00e9\/boule-leonard-20mm-avec-fourrure\/"},"modified":"2023-05-12T14:49:35","modified_gmt":"2023-05-12T12:49:35","slug":"boule-leonard-20mm-avec-fourrure","status":"publish","type":"product","link":"https:\/\/www.cinela.fr\/fr\/gammes-de-produits\/bonnettes-leonard\/boule-leonard-20mm-avec-fourrure\/","title":{"rendered":"Boule LEONARD pour micros 20 mm. Avec fourrure"},"content":{"rendered":"<p>Protection anti-vent de 10 cm de diam\u00e8tre pour micro 20 mm tels que le Schoeps CMC6. Tissu primaire (idem Zephx) pour une utilisation int\u00e9rieure. Fourrure compl\u00e9mentaire pour une utilisation ext\u00e9rieure.<br \/>\nCompatibilit\u00e9 parfaite avec un CMC mont\u00e9 sur une OSIX 2 standard.<br \/>\nMat\u00e9riau incassable.<\/p>\n","protected":false},"excerpt":{"rendered":"Protection anti-vent de 10 cm de diam\u00e8tre pour micro 20 mm tels que le Schoeps CMC6. Tissu primaire (idem Zephx) pour une utilisation int\u00e9rieure. Fourrure compl\u00e9mentaire pour une utilisation ext\u00e9rieure. Compatibilit\u00e9 parfaite avec un CMC mont\u00e9 sur une OSIX 2 standard. Mat\u00e9riau incassable.","protected":false},"featured_media":0,"template":"","meta":[],"product_brand":[],"product_cat":[149],"product_tag":[],"class_list":{"0":"post-10866","1":"product","2":"type-product","3":"status-publish","5":"product_cat-bonnettes-leonard","7":"first","8":"instock","9":"shipping-taxable","10":"product-type-simple"},"_links":{"self":[{"href":"https:\/\/www.cinela.fr\/fr\/wp-json\/wp\/v2\/product\/10866","targetHints":{"allow":["GET"]}}],"collection":[{"href":"https:\/\/www.cinela.fr\/fr\/wp-json\/wp\/v2\/product"}],"about":[{"href":"https:\/\/www.cinela.fr\/fr\/wp-json\/wp\/v2\/types\/product"}],"wp:attachment":[{"href":"https:\/\/www.cinela.fr\/fr\/wp-json\/wp\/v2\/media?parent=10866"}],"wp:term":[{"taxonomy":"product_brand","embeddable":true,"href":"https:\/\/www.cinela.fr\/fr\/wp-json\/wp\/v2\/product_brand?post=10866"},{"taxonomy":"product_cat","embeddable":true,"href":"https:\/\/www.cinela.fr\/fr\/wp-json\/wp\/v2\/product_cat?post=10866"},{"taxonomy":"product_tag","embeddable":true,"href":"https:\/\/www.cinela.fr\/fr\/wp-json\/wp\/v2\/product_tag?post=10866"}],"curies":[{"name":"wp","href":"https:\/\/api.w.org\/{rel}","templated":true}]}}