{"id":10870,"date":"2020-05-05T11:42:35","date_gmt":"2020-05-05T09:42:35","guid":{"rendered":"https:\/\/www.cinela.fr\/gammes-de-produits\/non%20class\u00e9\/boule-leonard-25mm-avec-fourrure\/"},"modified":"2023-05-12T14:49:36","modified_gmt":"2023-05-12T12:49:36","slug":"boule-leonard-25mm-avec-fourrure","status":"publish","type":"product","link":"https:\/\/www.cinela.fr\/fr\/gammes-de-produits\/bonnettes-leonard\/boule-leonard-25mm-avec-fourrure\/","title":{"rendered":"Boule LEONARD pour micros 25 mm. Avec fourrure"},"content":{"rendered":"<p>Protection anti-vent de 10 cm de diam\u00e8tre pour micro 25 mm tels que le Sennheiser MKH50. Tissu primaire pour une utilisation int\u00e9rieure. Fourrure compl\u00e9mentaire pour utilisation ext\u00e9rieure.<br \/>\nCompatibilit\u00e9 avec un MKH50 mont\u00e9 sur une OSIX 3 standard, ou E-OSIX-MKH50-H.<br \/>\nMat\u00e9riau incassable<\/p>\n","protected":false},"excerpt":{"rendered":"Protection anti-vent de 10 cm de diam\u00e8tre pour micro 25 mm tels que le Sennheiser MKH50. Tissu primaire pour une utilisation int\u00e9rieure. Fourrure compl\u00e9mentaire pour utilisation ext\u00e9rieure. Compatibilit\u00e9 avec un MKH50 mont\u00e9 sur une OSIX 3 standard, ou E-OSIX-MKH50-H. Mat\u00e9riau incassable","protected":false},"featured_media":0,"template":"","meta":[],"product_brand":[],"product_cat":[149],"product_tag":[],"class_list":{"0":"post-10870","1":"product","2":"type-product","3":"status-publish","5":"product_cat-bonnettes-leonard","7":"first","8":"instock","9":"shipping-taxable","10":"product-type-simple"},"_links":{"self":[{"href":"https:\/\/www.cinela.fr\/fr\/wp-json\/wp\/v2\/product\/10870","targetHints":{"allow":["GET"]}}],"collection":[{"href":"https:\/\/www.cinela.fr\/fr\/wp-json\/wp\/v2\/product"}],"about":[{"href":"https:\/\/www.cinela.fr\/fr\/wp-json\/wp\/v2\/types\/product"}],"wp:attachment":[{"href":"https:\/\/www.cinela.fr\/fr\/wp-json\/wp\/v2\/media?parent=10870"}],"wp:term":[{"taxonomy":"product_brand","embeddable":true,"href":"https:\/\/www.cinela.fr\/fr\/wp-json\/wp\/v2\/product_brand?post=10870"},{"taxonomy":"product_cat","embeddable":true,"href":"https:\/\/www.cinela.fr\/fr\/wp-json\/wp\/v2\/product_cat?post=10870"},{"taxonomy":"product_tag","embeddable":true,"href":"https:\/\/www.cinela.fr\/fr\/wp-json\/wp\/v2\/product_tag?post=10870"}],"curies":[{"name":"wp","href":"https:\/\/api.w.org\/{rel}","templated":true}]}}