{"id":10872,"date":"2020-05-05T11:42:35","date_gmt":"2020-05-05T09:42:35","guid":{"rendered":"https:\/\/www.cinela.fr\/gammes-de-produits\/non%20class\u00e9\/boule-leonard-25mm-sans-fourrure\/"},"modified":"2025-09-23T13:59:49","modified_gmt":"2025-09-23T11:59:49","slug":"boule-leonard-25mm-sans-fourrure","status":"publish","type":"product","link":"https:\/\/www.cinela.fr\/fr\/gammes-de-produits\/bonnettes-leonard\/boule-leonard-25mm-sans-fourrure\/","title":{"rendered":"Boule LEONARD pour micros 25 mm. Sans fourrure"},"content":{"rendered":"<p>Protection anti-vent de 10 cm de diam\u00e8tre pour micro 25 mm tels que le Sennheiser MKH50. Tissu primaire pour une utilisation int\u00e9rieure.<br \/>\nCompatibilit\u00e9 avec un MKH50 mont\u00e9 sur une OSIX 3 standard ou E-OSIX-MKH50-S (Soft)<\/p>\n","protected":false},"excerpt":{"rendered":"Protection anti-vent de 10 cm de diam\u00e8tre pour micro 25 mm tels que le Sennheiser MKH50. Tissu primaire pour une utilisation int\u00e9rieure. Compatibilit\u00e9 avec un MKH50 mont\u00e9 sur une OSIX 3 standard ou E-OSIX-MKH50-S (Soft)","protected":false},"featured_media":0,"template":"","meta":[],"product_brand":[],"product_cat":[149],"product_tag":[],"class_list":{"0":"post-10872","1":"product","2":"type-product","3":"status-publish","5":"product_cat-bonnettes-leonard","7":"first","8":"instock","9":"shipping-taxable","10":"product-type-simple"},"_links":{"self":[{"href":"https:\/\/www.cinela.fr\/fr\/wp-json\/wp\/v2\/product\/10872","targetHints":{"allow":["GET"]}}],"collection":[{"href":"https:\/\/www.cinela.fr\/fr\/wp-json\/wp\/v2\/product"}],"about":[{"href":"https:\/\/www.cinela.fr\/fr\/wp-json\/wp\/v2\/types\/product"}],"wp:attachment":[{"href":"https:\/\/www.cinela.fr\/fr\/wp-json\/wp\/v2\/media?parent=10872"}],"wp:term":[{"taxonomy":"product_brand","embeddable":true,"href":"https:\/\/www.cinela.fr\/fr\/wp-json\/wp\/v2\/product_brand?post=10872"},{"taxonomy":"product_cat","embeddable":true,"href":"https:\/\/www.cinela.fr\/fr\/wp-json\/wp\/v2\/product_cat?post=10872"},{"taxonomy":"product_tag","embeddable":true,"href":"https:\/\/www.cinela.fr\/fr\/wp-json\/wp\/v2\/product_tag?post=10872"}],"curies":[{"name":"wp","href":"https:\/\/api.w.org\/{rel}","templated":true}]}}