{"id":10876,"date":"2020-05-05T11:42:35","date_gmt":"2020-05-05T09:42:35","guid":{"rendered":"https:\/\/www.cinela.fr\/gammes-de-produits\/non%20class\u00e9\/bonnette-piano-1-susp-1-fourrure-a-preciser\/"},"modified":"2025-10-12T20:44:05","modified_gmt":"2025-10-12T18:44:05","slug":"bonnette-piano-1-susp-1-fourrure-a-preciser","status":"publish","type":"product","link":"https:\/\/www.cinela.fr\/fr\/gammes-de-produits\/bonnettes-piano\/bonnette-piano-1-susp-1-fourrure-a-preciser\/","title":{"rendered":"Bonnette PIANO pour micros semi-canon"},"content":{"rendered":"<p>Bonnette adapt\u00e9e \u00e0 une large gamme de microphones semi-canon de longueur <strong>inf\u00e9rieure \u00e0 28 cm<\/strong>.<br \/>\nLa r\u00e9f\u00e9rence PIA-1 se compose de:<\/p>\n<ul>\n<li>Cage avec rotule simple axe et raccord XLR all\u00e9g\u00e9 (corps usin\u00e9s)<\/li>\n<li>Tissu principal<\/li>\n<li>Suspension au choix (R\u00e9f\u00e9rence micro \u00e0 indiquer)<\/li>\n<li>Fourrure (SP poils courts ou LP poils longs). Couleur: Noir (B), Gris (G) ou Noir\/Gris (B\/G)<\/li>\n<li>Coque de transport incassable (PIA-SHELL)<\/li>\n<\/ul>\n<p>Rotule deux axes \u00ab\u00a0SW-2AX\u00a0\u00bb en standard. Voir la vid\u00e9o:<br \/>\n<a href=\"https:\/\/www.youtube.com\/watch?v=-wrzcO3qjbc\">https:\/\/www.youtube.com\/watch?v=-wrzcO3qjbc<\/a><\/p>\n<p>Exemple de r\u00e9f\u00e9rence \u00e0 commander: <strong>PIA-1(CMIT, FUR-LP-B\/G)<\/strong>.<\/p>\n<p>Pour des raisons de simplicit\u00e9 et de l\u00e9g\u00e8ret\u00e9, l&rsquo;\u00e9volution du c\u00e2blage vers une version PIA-2 ou PIA-3 n&rsquo;est pas conseill\u00e9e (retour atelier). En pr\u00e9vision d&rsquo;un usage MS ou double MS, il est recommand\u00e9 d&rsquo;acqu\u00e9rir directement les r\u00e9f\u00e9rences PIA-2 ou PIA-3, parfaitement utilisables en Mono (c\u00e2bles micros d\u00e9tachables en interne).<\/p>\n","protected":false},"excerpt":{"rendered":"Bonnette adapt\u00e9e \u00e0 une large gamme de microphones semi-canon de longueur inf\u00e9rieure \u00e0 28 cm. La r\u00e9f\u00e9rence PIA-1 se compose de: Cage avec rotule simple axe et raccord XLR all\u00e9g\u00e9 (corps usin\u00e9s) Tissu principal Suspension au choix (R\u00e9f\u00e9rence micro \u00e0 indiquer) Fourrure (SP poils courts ou LP poils longs). Couleur: Noir (B), Gris (G) ou [&hellip;]","protected":false},"featured_media":0,"template":"","meta":[],"product_brand":[],"product_cat":[143],"product_tag":[],"class_list":{"0":"post-10876","1":"product","2":"type-product","3":"status-publish","5":"product_cat-bonnettes-piano","7":"first","8":"instock","9":"shipping-taxable","10":"product-type-simple"},"_links":{"self":[{"href":"https:\/\/www.cinela.fr\/fr\/wp-json\/wp\/v2\/product\/10876","targetHints":{"allow":["GET"]}}],"collection":[{"href":"https:\/\/www.cinela.fr\/fr\/wp-json\/wp\/v2\/product"}],"about":[{"href":"https:\/\/www.cinela.fr\/fr\/wp-json\/wp\/v2\/types\/product"}],"wp:attachment":[{"href":"https:\/\/www.cinela.fr\/fr\/wp-json\/wp\/v2\/media?parent=10876"}],"wp:term":[{"taxonomy":"product_brand","embeddable":true,"href":"https:\/\/www.cinela.fr\/fr\/wp-json\/wp\/v2\/product_brand?post=10876"},{"taxonomy":"product_cat","embeddable":true,"href":"https:\/\/www.cinela.fr\/fr\/wp-json\/wp\/v2\/product_cat?post=10876"},{"taxonomy":"product_tag","embeddable":true,"href":"https:\/\/www.cinela.fr\/fr\/wp-json\/wp\/v2\/product_tag?post=10876"}],"curies":[{"name":"wp","href":"https:\/\/api.w.org\/{rel}","templated":true}]}}