{"id":10890,"date":"2020-05-05T11:42:37","date_gmt":"2020-05-05T09:42:37","guid":{"rendered":"https:\/\/www.cinela.fr\/gammes-de-produits\/non%20class\u00e9\/bonnette-piano-ms-rotule-2-axes-1-susp1-fourr\/"},"modified":"2025-10-12T20:44:05","modified_gmt":"2025-10-12T18:44:05","slug":"bonnette-piano-ms-rotule-2-axes-1-susp1-fourr","status":"publish","type":"product","link":"https:\/\/www.cinela.fr\/fr\/gammes-de-produits\/bonnettes-piano\/bonnette-piano-ms-rotule-2-axes-1-susp1-fourr\/","title":{"rendered":"Bonnette anti-vent PIANO pour couple MS"},"content":{"rendered":"<p>Version MS de la bonnette PIA-1. Particuli\u00e8rement adapt\u00e9e au couple Schoeps CMIT + CCM8, la PIA-2 s&rsquo;adapte aussi \u00e0 d&rsquo;autres combinaisons selon la suspension et la connectique (Neumann KMR81, Ambient AT208 Emesser). Veuillez contacter votre revendeur pour toute demande sp\u00e9cifique.<br \/>\nLe micro bidirectionnel est reli\u00e9 par un cordon d\u00e9tachable \u00e0 l&rsquo;aide d&rsquo;un connecteur Binder (m\u00e2le + femelle sur ch\u00e2ssis).<\/p>\n<p>Rotule deux axes \u00ab\u00a0SW-2AX\u00a0\u00bb en standard. Voir la vid\u00e9o:<br \/>\n<a href=\"https:\/\/www.youtube.com\/watch?v=-wrzcO3qjbc\">https:\/\/www.youtube.com\/watch?v=-wrzcO3qjbc<\/a><\/p>\n<p>Fourrure incluse \u00e0 pr\u00e9ciser. (PIA-FUR-SP: poils court. PIA-FUR-LP: poils longs).<\/p>\n","protected":false},"excerpt":{"rendered":"Version MS de la bonnette PIA-1. Particuli\u00e8rement adapt\u00e9e au couple Schoeps CMIT + CCM8, la PIA-2 s&rsquo;adapte aussi \u00e0 d&rsquo;autres combinaisons selon la suspension et la connectique (Neumann KMR81, Ambient AT208 Emesser). Veuillez contacter votre revendeur pour toute demande sp\u00e9cifique. Le micro bidirectionnel est reli\u00e9 par un cordon d\u00e9tachable \u00e0 l&rsquo;aide d&rsquo;un connecteur Binder (m\u00e2le [&hellip;]","protected":false},"featured_media":0,"template":"","meta":[],"product_brand":[],"product_cat":[143],"product_tag":[],"class_list":{"0":"post-10890","1":"product","2":"type-product","3":"status-publish","5":"product_cat-bonnettes-piano","7":"first","8":"instock","9":"shipping-taxable","10":"product-type-simple"},"_links":{"self":[{"href":"https:\/\/www.cinela.fr\/fr\/wp-json\/wp\/v2\/product\/10890","targetHints":{"allow":["GET"]}}],"collection":[{"href":"https:\/\/www.cinela.fr\/fr\/wp-json\/wp\/v2\/product"}],"about":[{"href":"https:\/\/www.cinela.fr\/fr\/wp-json\/wp\/v2\/types\/product"}],"wp:attachment":[{"href":"https:\/\/www.cinela.fr\/fr\/wp-json\/wp\/v2\/media?parent=10890"}],"wp:term":[{"taxonomy":"product_brand","embeddable":true,"href":"https:\/\/www.cinela.fr\/fr\/wp-json\/wp\/v2\/product_brand?post=10890"},{"taxonomy":"product_cat","embeddable":true,"href":"https:\/\/www.cinela.fr\/fr\/wp-json\/wp\/v2\/product_cat?post=10890"},{"taxonomy":"product_tag","embeddable":true,"href":"https:\/\/www.cinela.fr\/fr\/wp-json\/wp\/v2\/product_tag?post=10890"}],"curies":[{"name":"wp","href":"https:\/\/api.w.org\/{rel}","templated":true}]}}