{"id":10904,"date":"2020-05-05T11:42:38","date_gmt":"2020-05-05T09:42:38","guid":{"rendered":"https:\/\/www.cinela.fr\/gammes-de-produits\/non%20class\u00e9\/boule-leonard-2-x-20mm-sans-fourrure\/"},"modified":"2023-05-12T14:49:41","modified_gmt":"2023-05-12T12:49:41","slug":"boule-leonard-2-x-20mm-sans-fourrure","status":"publish","type":"product","link":"https:\/\/www.cinela.fr\/fr\/gammes-de-produits\/bonnettes-leonard\/boule-leonard-2-x-20mm-sans-fourrure\/","title":{"rendered":"Boule LEONARD 2 x 20mm. SANS fourrure"},"content":{"rendered":"<p>Protection anti-vent pour couple MS Schoeps CMC + CCM8. Utilisation exclusive avec suspension sp\u00e9cifique OSIX 2MS ou OSIX 2MS-CAM (version cam\u00e9ra). Le micro CMC \u00e0 corps standard peut \u00eatre remplac\u00e9 par un CCM miniature sur adaptateur CCM-CMC (R\u00e9f. A-CCM-CMC).<br \/>\nVersion SANS FOURRURE<br \/>\nMateriau incassable<\/p>\n","protected":false},"excerpt":{"rendered":"Protection anti-vent pour couple MS Schoeps CMC + CCM8. Utilisation exclusive avec suspension sp\u00e9cifique OSIX 2MS ou OSIX 2MS-CAM (version cam\u00e9ra). Le micro CMC \u00e0 corps standard peut \u00eatre remplac\u00e9 par un CCM miniature sur adaptateur CCM-CMC (R\u00e9f. A-CCM-CMC). Version SANS FOURRURE Materiau incassable","protected":false},"featured_media":0,"template":"","meta":[],"product_brand":[],"product_cat":[149],"product_tag":[],"class_list":{"0":"post-10904","1":"product","2":"type-product","3":"status-publish","5":"product_cat-bonnettes-leonard","7":"first","8":"instock","9":"shipping-taxable","10":"product-type-simple"},"_links":{"self":[{"href":"https:\/\/www.cinela.fr\/fr\/wp-json\/wp\/v2\/product\/10904","targetHints":{"allow":["GET"]}}],"collection":[{"href":"https:\/\/www.cinela.fr\/fr\/wp-json\/wp\/v2\/product"}],"about":[{"href":"https:\/\/www.cinela.fr\/fr\/wp-json\/wp\/v2\/types\/product"}],"wp:attachment":[{"href":"https:\/\/www.cinela.fr\/fr\/wp-json\/wp\/v2\/media?parent=10904"}],"wp:term":[{"taxonomy":"product_brand","embeddable":true,"href":"https:\/\/www.cinela.fr\/fr\/wp-json\/wp\/v2\/product_brand?post=10904"},{"taxonomy":"product_cat","embeddable":true,"href":"https:\/\/www.cinela.fr\/fr\/wp-json\/wp\/v2\/product_cat?post=10904"},{"taxonomy":"product_tag","embeddable":true,"href":"https:\/\/www.cinela.fr\/fr\/wp-json\/wp\/v2\/product_tag?post=10904"}],"curies":[{"name":"wp","href":"https:\/\/api.w.org\/{rel}","templated":true}]}}