{"id":10914,"date":"2020-05-05T11:42:40","date_gmt":"2020-05-05T09:42:40","guid":{"rendered":"https:\/\/www.cinela.fr\/gammes-de-produits\/non%20class\u00e9\/protection-anti-pluie-pour-bonnette-piano\/"},"modified":"2023-05-12T14:49:41","modified_gmt":"2023-05-12T12:49:41","slug":"protection-anti-pluie-pour-bonnette-piano","status":"publish","type":"product","link":"https:\/\/www.cinela.fr\/fr\/gammes-de-produits\/protections-pluie-kelly\/protection-anti-pluie-pour-bonnette-piano\/","title":{"rendered":"Protection anti pluie pour bonnette PIANO"},"content":{"rendered":"<p>Enveloppe constitu\u00e9e de mousse l\u00e9g\u00e8re \u00e0 grosses alv\u00e9oles (3 cm d&rsquo;\u00e9paisseur constante). Mise en place tr\u00e8s rapide. Fermeture par Velcro. Spray imperm\u00e9abilisant fourni permettant de traiter le tissu primaire sous l&rsquo;enveloppe. Tr\u00e8s bonne protection anti-vent compl\u00e9mentaire en conditions de pluie. Aucune d\u00e9gradation acoustique.<\/p>\n","protected":false},"excerpt":{"rendered":"Enveloppe constitu\u00e9e de mousse l\u00e9g\u00e8re \u00e0 grosses alv\u00e9oles (3 cm d&rsquo;\u00e9paisseur constante). Mise en place tr\u00e8s rapide. Fermeture par Velcro. Spray imperm\u00e9abilisant fourni permettant de traiter le tissu primaire sous l&rsquo;enveloppe. Tr\u00e8s bonne protection anti-vent compl\u00e9mentaire en conditions de pluie. Aucune d\u00e9gradation acoustique.","protected":false},"featured_media":0,"template":"","meta":[],"product_brand":[],"product_cat":[262],"product_tag":[],"class_list":{"0":"post-10914","1":"product","2":"type-product","3":"status-publish","5":"product_cat-protections-pluie-kelly","7":"first","8":"instock","9":"shipping-taxable","10":"product-type-simple"},"_links":{"self":[{"href":"https:\/\/www.cinela.fr\/fr\/wp-json\/wp\/v2\/product\/10914","targetHints":{"allow":["GET"]}}],"collection":[{"href":"https:\/\/www.cinela.fr\/fr\/wp-json\/wp\/v2\/product"}],"about":[{"href":"https:\/\/www.cinela.fr\/fr\/wp-json\/wp\/v2\/types\/product"}],"wp:attachment":[{"href":"https:\/\/www.cinela.fr\/fr\/wp-json\/wp\/v2\/media?parent=10914"}],"wp:term":[{"taxonomy":"product_brand","embeddable":true,"href":"https:\/\/www.cinela.fr\/fr\/wp-json\/wp\/v2\/product_brand?post=10914"},{"taxonomy":"product_cat","embeddable":true,"href":"https:\/\/www.cinela.fr\/fr\/wp-json\/wp\/v2\/product_cat?post=10914"},{"taxonomy":"product_tag","embeddable":true,"href":"https:\/\/www.cinela.fr\/fr\/wp-json\/wp\/v2\/product_tag?post=10914"}],"curies":[{"name":"wp","href":"https:\/\/api.w.org\/{rel}","templated":true}]}}