{"id":10924,"date":"2020-05-05T11:42:41","date_gmt":"2020-05-05T09:42:41","guid":{"rendered":"https:\/\/www.cinela.fr\/gammes-de-produits\/non%20class\u00e9\/bonnette-piano-pour-neumann-rsm191-fur\/"},"modified":"2023-05-12T14:49:43","modified_gmt":"2023-05-12T12:49:43","slug":"bonnette-piano-pour-neumann-rsm191-fur","status":"publish","type":"product","link":"https:\/\/www.cinela.fr\/fr\/gammes-de-produits\/bonnettes-piano\/bonnette-piano-pour-neumann-rsm191-fur\/","title":{"rendered":"Bonnette PIANO pour Neumann RSM191"},"content":{"rendered":"<p>Bonnette PIANO adapt\u00e9e sp\u00e9cifiquement pour le micro Neumann RSM191. Fiche femelle DIN 7 broches c\u00f4t\u00e9 micro et XLR7 broches c\u00f4t\u00e9 rotule. C\u00e2ble multiconducteurs de tr\u00e8s grande souplesse (diam\u00e8tre 3mm). Ne n\u00e9cessite qu&rsquo;une rallonge XLR7M\/F vers l&rsquo;alimentation Neumann. Rotule double axe. Tissu principal. Fourrure. Etui.<\/p>\n","protected":false},"excerpt":{"rendered":"Bonnette PIANO adapt\u00e9e sp\u00e9cifiquement pour le micro Neumann RSM191. Fiche femelle DIN 7 broches c\u00f4t\u00e9 micro et XLR7 broches c\u00f4t\u00e9 rotule. C\u00e2ble multiconducteurs de tr\u00e8s grande souplesse (diam\u00e8tre 3mm). Ne n\u00e9cessite qu&rsquo;une rallonge XLR7M\/F vers l&rsquo;alimentation Neumann. Rotule double axe. Tissu principal. Fourrure. Etui.","protected":false},"featured_media":0,"template":"","meta":[],"product_brand":[],"product_cat":[143],"product_tag":[],"class_list":{"0":"post-10924","1":"product","2":"type-product","3":"status-publish","5":"product_cat-bonnettes-piano","7":"first","8":"instock","9":"shipping-taxable","10":"product-type-simple"},"_links":{"self":[{"href":"https:\/\/www.cinela.fr\/fr\/wp-json\/wp\/v2\/product\/10924","targetHints":{"allow":["GET"]}}],"collection":[{"href":"https:\/\/www.cinela.fr\/fr\/wp-json\/wp\/v2\/product"}],"about":[{"href":"https:\/\/www.cinela.fr\/fr\/wp-json\/wp\/v2\/types\/product"}],"wp:attachment":[{"href":"https:\/\/www.cinela.fr\/fr\/wp-json\/wp\/v2\/media?parent=10924"}],"wp:term":[{"taxonomy":"product_brand","embeddable":true,"href":"https:\/\/www.cinela.fr\/fr\/wp-json\/wp\/v2\/product_brand?post=10924"},{"taxonomy":"product_cat","embeddable":true,"href":"https:\/\/www.cinela.fr\/fr\/wp-json\/wp\/v2\/product_cat?post=10924"},{"taxonomy":"product_tag","embeddable":true,"href":"https:\/\/www.cinela.fr\/fr\/wp-json\/wp\/v2\/product_tag?post=10924"}],"curies":[{"name":"wp","href":"https:\/\/api.w.org\/{rel}","templated":true}]}}