{"id":10942,"date":"2020-05-05T11:42:43","date_gmt":"2020-05-05T09:42:43","guid":{"rendered":"https:\/\/www.cinela.fr\/gammes-de-produits\/non%20class\u00e9\/axe-interne-zephyx\/"},"modified":"2025-10-12T20:44:06","modified_gmt":"2025-10-12T18:44:06","slug":"axe-interne-zephyx","status":"publish","type":"product","link":"https:\/\/www.cinela.fr\/fr\/gammes-de-produits\/accessoires-autres\/axe-interne-zephyx\/","title":{"rendered":"ANCIEN Axe central + rotule 2 axes pour ZEPHYX ou ALBERT (\u00e0 pr\u00e9ciser)"},"content":{"rendered":"<p>Cette pi\u00e8ce d\u00e9tach\u00e9e est toujours propos\u00e9e \u00e0 la vente, mais il est fortement conseill\u00e9 d&rsquo;installer le KIT de mise \u00e0 niveau \u00ab\u00a02AX\u00a0\u00bb, r\u00e9f\u00e9rence KIT-2AX-AL (Albert) ou KIT-2AX-Z (Zephyx). Voir la vid\u00e9o:<br \/>\n<a href=\"https:\/\/www.youtube.com\/watch?v=-wrzcO3qjbc\">https:\/\/www.youtube.com\/watch?v=-wrzcO3qjbc<\/a><\/p>\n<p>L&rsquo;axe interne permet la fixation de la suspension par une rotule de type OSIX, au plus pr\u00e8s du micro, ce qui facilite la prise de son en int\u00e9rieur.<\/p>\n<p>Une vis unique permet la fixation de la cage anti-vent au point central de la croix.<\/p>\n<p>La rotule externe comporte un pivot principal \u00ab\u00a0mono\u00a0\u00bb et permet \u00e9galement la rotation autour de l&rsquo;axe central, tr\u00e8s utile aux prises de son st\u00e9r\u00e9ophoniques.<\/p>\n<p>Le porte prise est adapt\u00e9 au diam\u00e8tres et formes des XLR Neutrik S\u00e9ries X et XX.<\/p>\n<p>IMPORTANT: pr\u00e9ciser si c&rsquo;est pour une ALBERT ou une ZEPHYX<\/p>\n","protected":false},"excerpt":{"rendered":"Cette pi\u00e8ce d\u00e9tach\u00e9e est toujours propos\u00e9e \u00e0 la vente, mais il est fortement conseill\u00e9 d&rsquo;installer le KIT de mise \u00e0 niveau \u00ab\u00a02AX\u00a0\u00bb, r\u00e9f\u00e9rence KIT-2AX-AL (Albert) ou KIT-2AX-Z (Zephyx). Voir la vid\u00e9o: https:\/\/www.youtube.com\/watch?v=-wrzcO3qjbc L&rsquo;axe interne permet la fixation de la suspension par une rotule de type OSIX, au plus pr\u00e8s du micro, ce qui facilite la [&hellip;]","protected":false},"featured_media":0,"template":"","meta":[],"product_brand":[],"product_cat":[151],"product_tag":[],"class_list":{"0":"post-10942","1":"product","2":"type-product","3":"status-publish","5":"product_cat-accessoires-autres","7":"first","8":"instock","9":"shipping-taxable","10":"product-type-simple"},"_links":{"self":[{"href":"https:\/\/www.cinela.fr\/fr\/wp-json\/wp\/v2\/product\/10942","targetHints":{"allow":["GET"]}}],"collection":[{"href":"https:\/\/www.cinela.fr\/fr\/wp-json\/wp\/v2\/product"}],"about":[{"href":"https:\/\/www.cinela.fr\/fr\/wp-json\/wp\/v2\/types\/product"}],"wp:attachment":[{"href":"https:\/\/www.cinela.fr\/fr\/wp-json\/wp\/v2\/media?parent=10942"}],"wp:term":[{"taxonomy":"product_brand","embeddable":true,"href":"https:\/\/www.cinela.fr\/fr\/wp-json\/wp\/v2\/product_brand?post=10942"},{"taxonomy":"product_cat","embeddable":true,"href":"https:\/\/www.cinela.fr\/fr\/wp-json\/wp\/v2\/product_cat?post=10942"},{"taxonomy":"product_tag","embeddable":true,"href":"https:\/\/www.cinela.fr\/fr\/wp-json\/wp\/v2\/product_tag?post=10942"}],"curies":[{"name":"wp","href":"https:\/\/api.w.org\/{rel}","templated":true}]}}