{"id":10968,"date":"2020-05-05T11:42:46","date_gmt":"2020-05-05T09:42:46","guid":{"rendered":"https:\/\/www.cinela.fr\/gammes-de-produits\/non%20class\u00e9\/bonnette-pianissimo-xlr3-mic-fur\/"},"modified":"2026-02-21T22:36:03","modified_gmt":"2026-02-21T21:36:03","slug":"bonnette-pianissimo-xlr3-mic-fur","status":"publish","type":"product","link":"https:\/\/www.cinela.fr\/fr\/gammes-de-produits\/bonnettes-pianissimo\/bonnette-pianissimo-xlr3-mic-fur\/","title":{"rendered":"PIANISSIMO XLR3"},"content":{"rendered":"<p>Bonnette anti-vent pour tout microphone mono inf\u00e9rieur \u00e0 21cm<\/p>\n<p>La R\u00e9f\u00e9rence PIANI-1 est compos\u00e9e de:<\/p>\n<ul>\n<li>Cage principale et rotule<\/li>\n<li>Un module de suspension Mono: micro \u00e0 pr\u00e9ciser<\/li>\n<li>Tissu primaire 3D<\/li>\n<li>Fourrure: \u00e0 pr\u00e9ciser (LP poils longs, SP poils courts). Couleur Noir (B), Gris (G) ou Noir\/Gris (B\/G).<\/li>\n<li>Coque de protection transparente et incassable (PIANI-SHELL)<\/li>\n<\/ul>\n<p>Micros adaptables par suspension sp\u00e9cifique interchangeable, \u00e0 pr\u00e9ciser:<\/p>\n<ul>\n<li>Schoeps MiniCMIT, CMC6, CMC6+CUT60, CCM, CMC1, CMD42, KMIT+CMC1U&#8230;<\/li>\n<li>Sennheiser MKH8060, MKH40\/50<br \/>\nSennheiser MKH8060 + MZF<\/li>\n<li>DPA 4017B, 4017C, 2017, 4018B, 4018C<\/li>\n<li>Neumann KM140\/150 KM184\/185<\/li>\n<li>Sony ECM-778<\/li>\n<li>Ou tout micro inf\u00e9rieur \u00e0 21\/22cm (toute proposition est \u00e0 \u00e9tudier).<\/li>\n<\/ul>\n<p>Rotule deux axes \u00ab\u00a0SW-2AX\u00a0\u00bb en standard.<br \/>\nHttps:\/\/www.youtube.com\/watch?v=-wrzcO3qjbc<\/p>\n<p>Poids: 325grammes avec Module Suspension et tissu primaire 3D (sans fourrure).<br \/>\nTaille: Longueur 32cm, Diam\u00e8tre max 16 x 14cm<\/p>\n<p>Exemple de r\u00e9f\u00e9rence \u00e0 commander: PIANI-1(MKH50, FUR-LP-G)<\/p>\n<p>Evolution possible en MS (PIANI-2) ou Double MS (PIANI-3). Contactez-nous !<\/p>\n","protected":false},"excerpt":{"rendered":"Bonnette anti-vent pour tout microphone mono inf\u00e9rieur \u00e0 21cm La R\u00e9f\u00e9rence PIANI-1 est compos\u00e9e de: Cage principale et rotule Un module de suspension Mono: micro \u00e0 pr\u00e9ciser Tissu primaire 3D Fourrure: \u00e0 pr\u00e9ciser (LP poils longs, SP poils courts). Couleur Noir (B), Gris (G) ou Noir\/Gris (B\/G). Coque de protection transparente et incassable (PIANI-SHELL) Micros [&hellip;]","protected":false},"featured_media":0,"template":"","meta":[],"product_brand":[],"product_cat":[141],"product_tag":[],"class_list":{"0":"post-10968","1":"product","2":"type-product","3":"status-publish","5":"product_cat-bonnettes-pianissimo","7":"first","8":"instock","9":"shipping-taxable","10":"product-type-simple"},"_links":{"self":[{"href":"https:\/\/www.cinela.fr\/fr\/wp-json\/wp\/v2\/product\/10968","targetHints":{"allow":["GET"]}}],"collection":[{"href":"https:\/\/www.cinela.fr\/fr\/wp-json\/wp\/v2\/product"}],"about":[{"href":"https:\/\/www.cinela.fr\/fr\/wp-json\/wp\/v2\/types\/product"}],"wp:attachment":[{"href":"https:\/\/www.cinela.fr\/fr\/wp-json\/wp\/v2\/media?parent=10968"}],"wp:term":[{"taxonomy":"product_brand","embeddable":true,"href":"https:\/\/www.cinela.fr\/fr\/wp-json\/wp\/v2\/product_brand?post=10968"},{"taxonomy":"product_cat","embeddable":true,"href":"https:\/\/www.cinela.fr\/fr\/wp-json\/wp\/v2\/product_cat?post=10968"},{"taxonomy":"product_tag","embeddable":true,"href":"https:\/\/www.cinela.fr\/fr\/wp-json\/wp\/v2\/product_tag?post=10968"}],"curies":[{"name":"wp","href":"https:\/\/api.w.org\/{rel}","templated":true}]}}