{"id":10986,"date":"2020-05-05T11:42:48","date_gmt":"2020-05-05T09:42:48","guid":{"rendered":"https:\/\/www.cinela.fr\/gammes-de-produits\/non%20class\u00e9\/bonnette-pianissimo-xlr5-mkh30-8050-fur\/"},"modified":"2025-10-12T20:44:07","modified_gmt":"2025-10-12T18:44:07","slug":"bonnette-pianissimo-xlr5-mkh30-8050-fur","status":"publish","type":"product","link":"https:\/\/www.cinela.fr\/fr\/gammes-de-produits\/bonnettes-pianissimo\/bonnette-pianissimo-xlr5-mkh30-8050-fur\/","title":{"rendered":"PIANISSIMO XLR5 MS MKH30 et MKH8050"},"content":{"rendered":"<p>Bonnette anti-vent XLR5M pour couple MS Sennheiser MKH30 et MKH8050<\/p>\n<p>La R\u00e9f\u00e9rence PIANI-2-MKH30-8050 est compos\u00e9e de:<\/p>\n<ul>\n<li>Cage principale et rotule deux axes<\/li>\n<li>Module Suspension MS \u00e0 isolateurs elliptiques et Clip (MOD-E-OSIX-MKH30-8050) d\u00e9di\u00e9 au MKH30+8050<\/li>\n<li>Connecteur Sennheiser d&rsquo;origine pour le 8050 (MZL sans module XLR)<\/li>\n<li>Support 2 x Binder d\u00e9tachables + c\u00e2bles.<\/li>\n<li>Tissu primaire 3D<\/li>\n<li>Fourrure: \u00e0 pr\u00e9ciser (FUR-LP: poils longs; FUR-SP: poils courts)<\/li>\n<li>Coque de protection polycarbonate<\/li>\n<\/ul>\n<p>Rotule deux axes \u00ab\u00a0SW-2AX\u00a0\u00bb en standard. Voir la vid\u00e9o:<br \/>\n<a href=\"https:\/\/www.youtube.com\/watch?v=-wrzcO3qjbc\">https:\/\/www.youtube.com\/watch?v=-wrzcO3qjbc<\/a><\/p>\n<p>Nombreuses adaptations possible (Mono, MS, XY&#8230;) avec modules suspensions et c\u00e2blages appropri\u00e9s.<\/p>\n<p>Poids: 350grammes avec Module Suspension et tissu primaire 3D (sans fourrure).<br \/>\nTaille: Longueur 32cm, Diam\u00e8tre max 16 x 14cm<\/p>\n<p>En option:<\/p>\n<ul>\n<li>Tout autre Module Supension E-OSIX et Pianissimo (1 ou 2 micros)<\/li>\n<li>Fourrures Poils Long ou Poils courts: PIANI-FUR-LP ou PIANI-FUR-SP<\/li>\n<li>Protection pluie PIANI-KELLY<\/li>\n<\/ul>\n<p>Evolution possible en XLR3 ou 7 avec les kits PIANI-CAB-1 et PIANI-CAB-3<\/p>\n","protected":false},"excerpt":{"rendered":"Bonnette anti-vent XLR5M pour couple MS Sennheiser MKH30 et MKH8050 La R\u00e9f\u00e9rence PIANI-2-MKH30-8050 est compos\u00e9e de: Cage principale et rotule deux axes Module Suspension MS \u00e0 isolateurs elliptiques et Clip (MOD-E-OSIX-MKH30-8050) d\u00e9di\u00e9 au MKH30+8050 Connecteur Sennheiser d&rsquo;origine pour le 8050 (MZL sans module XLR) Support 2 x Binder d\u00e9tachables + c\u00e2bles. Tissu primaire 3D Fourrure: [&hellip;]","protected":false},"featured_media":0,"template":"","meta":[],"product_brand":[],"product_cat":[141],"product_tag":[],"class_list":{"0":"post-10986","1":"product","2":"type-product","3":"status-publish","5":"product_cat-bonnettes-pianissimo","7":"first","8":"instock","9":"shipping-taxable","10":"product-type-simple"},"_links":{"self":[{"href":"https:\/\/www.cinela.fr\/fr\/wp-json\/wp\/v2\/product\/10986","targetHints":{"allow":["GET"]}}],"collection":[{"href":"https:\/\/www.cinela.fr\/fr\/wp-json\/wp\/v2\/product"}],"about":[{"href":"https:\/\/www.cinela.fr\/fr\/wp-json\/wp\/v2\/types\/product"}],"wp:attachment":[{"href":"https:\/\/www.cinela.fr\/fr\/wp-json\/wp\/v2\/media?parent=10986"}],"wp:term":[{"taxonomy":"product_brand","embeddable":true,"href":"https:\/\/www.cinela.fr\/fr\/wp-json\/wp\/v2\/product_brand?post=10986"},{"taxonomy":"product_cat","embeddable":true,"href":"https:\/\/www.cinela.fr\/fr\/wp-json\/wp\/v2\/product_cat?post=10986"},{"taxonomy":"product_tag","embeddable":true,"href":"https:\/\/www.cinela.fr\/fr\/wp-json\/wp\/v2\/product_tag?post=10986"}],"curies":[{"name":"wp","href":"https:\/\/api.w.org\/{rel}","templated":true}]}}