{"id":11237,"date":"2020-05-05T11:43:20","date_gmt":"2020-05-05T09:43:20","guid":{"rendered":"https:\/\/www.cinela.fr\/gammes-de-produits\/non%20class\u00e9\/suspension-pour-mkh8060\/"},"modified":"2023-05-12T14:50:03","modified_gmt":"2023-05-12T12:50:03","slug":"suspension-pour-mkh8060","status":"publish","type":"product","link":"https:\/\/www.cinela.fr\/fr\/gammes-de-produits\/suspensions-gamme-classique-osix\/suspension-pour-mkh8060\/","title":{"rendered":"Suspension adapt\u00e9e au Sennheiser MKH8060"},"content":{"rendered":"<p>Sur une base de berceau Osix 1, l&rsquo;ergonomie de cette suspension a \u00e9t\u00e9 adapt\u00e9e au MKH 8060 (XLR). La XLR femelle est d\u00e9cal\u00e9e de 1cm vers l&rsquo;avant par rapport \u00e0 sa position habituelle, afin de laisser assez de place entre les ou\u00efes et le berceau pour la mise en place d&rsquo;une mousse ou autre protection anti-vent tr\u00e8s l\u00e9g\u00e8re.<\/p>\n<p>Usage int\u00e9rieur conseill\u00e9 (mousse seule).<br \/>\nPour une protection ext\u00e9rieure compacte, l&rsquo;usage de la COSI est recommand\u00e9 !<\/p>\n","protected":false},"excerpt":{"rendered":"Sur une base de berceau Osix 1, l&rsquo;ergonomie de cette suspension a \u00e9t\u00e9 adapt\u00e9e au MKH 8060 (XLR). La XLR femelle est d\u00e9cal\u00e9e de 1cm vers l&rsquo;avant par rapport \u00e0 sa position habituelle, afin de laisser assez de place entre les ou\u00efes et le berceau pour la mise en place d&rsquo;une mousse ou autre protection [&hellip;]","protected":false},"featured_media":0,"template":"","meta":[],"product_brand":[],"product_cat":[139],"product_tag":[],"class_list":{"0":"post-11237","1":"product","2":"type-product","3":"status-publish","5":"product_cat-suspensions-gamme-classique-osix","7":"first","8":"instock","9":"shipping-taxable","10":"product-type-simple"},"_links":{"self":[{"href":"https:\/\/www.cinela.fr\/fr\/wp-json\/wp\/v2\/product\/11237","targetHints":{"allow":["GET"]}}],"collection":[{"href":"https:\/\/www.cinela.fr\/fr\/wp-json\/wp\/v2\/product"}],"about":[{"href":"https:\/\/www.cinela.fr\/fr\/wp-json\/wp\/v2\/types\/product"}],"wp:attachment":[{"href":"https:\/\/www.cinela.fr\/fr\/wp-json\/wp\/v2\/media?parent=11237"}],"wp:term":[{"taxonomy":"product_brand","embeddable":true,"href":"https:\/\/www.cinela.fr\/fr\/wp-json\/wp\/v2\/product_brand?post=11237"},{"taxonomy":"product_cat","embeddable":true,"href":"https:\/\/www.cinela.fr\/fr\/wp-json\/wp\/v2\/product_cat?post=11237"},{"taxonomy":"product_tag","embeddable":true,"href":"https:\/\/www.cinela.fr\/fr\/wp-json\/wp\/v2\/product_tag?post=11237"}],"curies":[{"name":"wp","href":"https:\/\/api.w.org\/{rel}","templated":true}]}}