{"id":12206,"date":"2022-05-19T09:45:52","date_gmt":"2022-05-19T07:45:52","guid":{"rendered":"https:\/\/www.cinela.fr\/gammes-de-produits\/non%20class\u00e9\/suspension-pour-dpa-4017\/"},"modified":"2026-02-21T22:36:02","modified_gmt":"2026-02-21T21:36:02","slug":"suspension-pour-dpa-4017","status":"publish","type":"product","link":"https:\/\/www.cinela.fr\/fr\/gammes-de-produits\/suspensions-gamme-classique-osix\/suspension-pour-dpa-4017\/","title":{"rendered":"Suspension pour DPA 4017B"},"content":{"rendered":"<p>Suspension d\u00e9di\u00e9e au DPA 4017B.<\/p>\n<p>En compromis int\u00e9rieur\/ext\u00e9rieur, l&rsquo;OSIX 2-4017B accepte toute mousse ou protection \u00e0 fourrure mais l&rsquo;usage de protections trop lourdes est d\u00e9conseill\u00e9 (ballant important).<\/p>\n","protected":false},"excerpt":{"rendered":"Suspension d\u00e9di\u00e9e au DPA 4017B. En compromis int\u00e9rieur\/ext\u00e9rieur, l&rsquo;OSIX 2-4017B accepte toute mousse ou protection \u00e0 fourrure mais l&rsquo;usage de protections trop lourdes est d\u00e9conseill\u00e9 (ballant important).","protected":false},"featured_media":0,"template":"","meta":[],"product_brand":[],"product_cat":[139],"product_tag":[],"class_list":{"0":"post-12206","1":"product","2":"type-product","3":"status-publish","5":"product_cat-suspensions-gamme-classique-osix","7":"first","8":"instock","9":"shipping-taxable","10":"product-type-simple"},"_links":{"self":[{"href":"https:\/\/www.cinela.fr\/fr\/wp-json\/wp\/v2\/product\/12206","targetHints":{"allow":["GET"]}}],"collection":[{"href":"https:\/\/www.cinela.fr\/fr\/wp-json\/wp\/v2\/product"}],"about":[{"href":"https:\/\/www.cinela.fr\/fr\/wp-json\/wp\/v2\/types\/product"}],"wp:attachment":[{"href":"https:\/\/www.cinela.fr\/fr\/wp-json\/wp\/v2\/media?parent=12206"}],"wp:term":[{"taxonomy":"product_brand","embeddable":true,"href":"https:\/\/www.cinela.fr\/fr\/wp-json\/wp\/v2\/product_brand?post=12206"},{"taxonomy":"product_cat","embeddable":true,"href":"https:\/\/www.cinela.fr\/fr\/wp-json\/wp\/v2\/product_cat?post=12206"},{"taxonomy":"product_tag","embeddable":true,"href":"https:\/\/www.cinela.fr\/fr\/wp-json\/wp\/v2\/product_tag?post=12206"}],"curies":[{"name":"wp","href":"https:\/\/api.w.org\/{rel}","templated":true}]}}