{"id":12238,"date":"2022-05-19T09:45:53","date_gmt":"2022-05-19T07:45:53","guid":{"rendered":"https:\/\/www.cinela.fr\/gammes-de-produits\/non%20class\u00e9\/protection-anti-pluie-pour-bonnette-albert\/"},"modified":"2023-05-12T14:49:44","modified_gmt":"2023-05-12T12:49:44","slug":"protection-anti-pluie-pour-bonnette-albert","status":"publish","type":"product","link":"https:\/\/www.cinela.fr\/fr\/gammes-de-produits\/protections-pluie-kelly\/protection-anti-pluie-pour-bonnette-albert\/","title":{"rendered":"Protection anti-pluie pour bonnette ALBERT"},"content":{"rendered":"<p>Protection anti-pluie d\u00e9di\u00e9e \u00e0 la bonnette ALBERT, constitu\u00e9e d&rsquo;une mousse d&rsquo;\u00e9paisseur de 3 cm \u00e0 grosses alv\u00e9oles ouvertes.<br \/>\nPour que cette protection soit efficace, il est indispensable d\u2019imperm\u00e9abiliser, au pr\u00e9alable, les 2 tissus constituant la premi\u00e8re peau de la bonnette ALBERT mais SURTOUT PAS la mousse elle-m\u00eame (voir fiche explicative) afin que l\u2019eau ne traverse pas le tissu. La protection est accompagn\u00e9e d\u2019un spray anti-d\u00e9perlant Nikwak de 150ml.<br \/>\nSa forme ajust\u00e9e permet de conserver la maniabilit\u00e9 de la bonnette mais il est impossible d&rsquo;ajouter une fourrure en dessous de la protection anti-pluie (la cons\u00e9quence serait une alt\u00e9ration significative de la courbe de r\u00e9ponse car la fourrure se gorgerait d\u2019eau)<br \/>\nIl faudra en fonction de la force du vent et de l\u2019intensit\u00e9 de la pluie trouver le meilleur compromis pour faire le choix entre l\u2019ajout d\u2019une fourrure ou de la protection anti-pluie.<\/p>\n","protected":false},"excerpt":{"rendered":"Protection anti-pluie d\u00e9di\u00e9e \u00e0 la bonnette ALBERT, constitu\u00e9e d&rsquo;une mousse d&rsquo;\u00e9paisseur de 3 cm \u00e0 grosses alv\u00e9oles ouvertes. Pour que cette protection soit efficace, il est indispensable d\u2019imperm\u00e9abiliser, au pr\u00e9alable, les 2 tissus constituant la premi\u00e8re peau de la bonnette ALBERT mais SURTOUT PAS la mousse elle-m\u00eame (voir fiche explicative) afin que l\u2019eau ne traverse [&hellip;]","protected":false},"featured_media":0,"template":"","meta":[],"product_brand":[],"product_cat":[262],"product_tag":[],"class_list":{"0":"post-12238","1":"product","2":"type-product","3":"status-publish","5":"product_cat-protections-pluie-kelly","7":"first","8":"instock","9":"shipping-taxable","10":"product-type-simple"},"_links":{"self":[{"href":"https:\/\/www.cinela.fr\/fr\/wp-json\/wp\/v2\/product\/12238","targetHints":{"allow":["GET"]}}],"collection":[{"href":"https:\/\/www.cinela.fr\/fr\/wp-json\/wp\/v2\/product"}],"about":[{"href":"https:\/\/www.cinela.fr\/fr\/wp-json\/wp\/v2\/types\/product"}],"wp:attachment":[{"href":"https:\/\/www.cinela.fr\/fr\/wp-json\/wp\/v2\/media?parent=12238"}],"wp:term":[{"taxonomy":"product_brand","embeddable":true,"href":"https:\/\/www.cinela.fr\/fr\/wp-json\/wp\/v2\/product_brand?post=12238"},{"taxonomy":"product_cat","embeddable":true,"href":"https:\/\/www.cinela.fr\/fr\/wp-json\/wp\/v2\/product_cat?post=12238"},{"taxonomy":"product_tag","embeddable":true,"href":"https:\/\/www.cinela.fr\/fr\/wp-json\/wp\/v2\/product_tag?post=12238"}],"curies":[{"name":"wp","href":"https:\/\/api.w.org\/{rel}","templated":true}]}}