{"id":12254,"date":"2022-05-19T09:45:54","date_gmt":"2022-05-19T07:45:54","guid":{"rendered":"https:\/\/www.cinela.fr\/gammes-de-produits\/non%20class\u00e9\/bonnette-pianissimo-xlr5-mkh30-40-fur\/"},"modified":"2024-04-12T23:46:20","modified_gmt":"2024-04-12T21:46:20","slug":"bonnette-pianissimo-xlr5-mkh30-40-fur","status":"publish","type":"product","link":"https:\/\/www.cinela.fr\/fr\/gammes-de-produits\/bonnettes-pianissimo\/bonnette-pianissimo-xlr5-mkh30-40-fur\/","title":{"rendered":"Bonnette PIANISSIMO XLR5 (MKH30\/40 Fur) D\u00e9di\u00e9e"},"content":{"rendered":"<p>Bonnette anti-vent pr\u00e9vue pour accueillir un couple MKH30 et MKH40 (ou 50).<\/p>\n<p>Version \u00ab\u00a0d\u00e9di\u00e9e\u00a0\u00bb: Meilleures performances (protection anti-vent et bruits de manipulation) mais il est impossible d&rsquo;installer d&rsquo;autres micros (suspension fix\u00e9e \u00e0 demeure). Suspension \u00e0 isolateurs crois\u00e9s et positionnement surbaiss\u00e9 pour une optimisation du placement du couple. Sortie XLR5M.<\/p>\n<p>Existe en deux versions: \u00ab\u00a0d\u00e9di\u00e9e\u00a0\u00bb ou \u00ab\u00a0versatile\u00a0\u00bb:<br \/>\nVersion polyvalente ou\u00a0\u00bbversatile\u00a0\u00bb:  PIANI-2-MKH30\/40-V<br \/>\nVersion d\u00e9di\u00e9e :  PIANI-2-MKH30\/40-D<br \/>\nA pr\u00e9ciser lors de la commande.<\/p>\n","protected":false},"excerpt":{"rendered":"Bonnette anti-vent pr\u00e9vue pour accueillir un couple MKH30 et MKH40 (ou 50). Version \u00ab\u00a0d\u00e9di\u00e9e\u00a0\u00bb: Meilleures performances (protection anti-vent et bruits de manipulation) mais il est impossible d&rsquo;installer d&rsquo;autres micros (suspension fix\u00e9e \u00e0 demeure). Suspension \u00e0 isolateurs crois\u00e9s et positionnement surbaiss\u00e9 pour une optimisation du placement du couple. Sortie XLR5M. Existe en deux versions: \u00ab\u00a0d\u00e9di\u00e9e\u00a0\u00bb ou [&hellip;]","protected":false},"featured_media":0,"template":"","meta":[],"product_brand":[],"product_cat":[141],"product_tag":[],"class_list":{"0":"post-12254","1":"product","2":"type-product","3":"status-publish","5":"product_cat-bonnettes-pianissimo","7":"first","8":"instock","9":"shipping-taxable","10":"product-type-simple"},"_links":{"self":[{"href":"https:\/\/www.cinela.fr\/fr\/wp-json\/wp\/v2\/product\/12254","targetHints":{"allow":["GET"]}}],"collection":[{"href":"https:\/\/www.cinela.fr\/fr\/wp-json\/wp\/v2\/product"}],"about":[{"href":"https:\/\/www.cinela.fr\/fr\/wp-json\/wp\/v2\/types\/product"}],"wp:attachment":[{"href":"https:\/\/www.cinela.fr\/fr\/wp-json\/wp\/v2\/media?parent=12254"}],"wp:term":[{"taxonomy":"product_brand","embeddable":true,"href":"https:\/\/www.cinela.fr\/fr\/wp-json\/wp\/v2\/product_brand?post=12254"},{"taxonomy":"product_cat","embeddable":true,"href":"https:\/\/www.cinela.fr\/fr\/wp-json\/wp\/v2\/product_cat?post=12254"},{"taxonomy":"product_tag","embeddable":true,"href":"https:\/\/www.cinela.fr\/fr\/wp-json\/wp\/v2\/product_tag?post=12254"}],"curies":[{"name":"wp","href":"https:\/\/api.w.org\/{rel}","templated":true}]}}