{"id":12361,"date":"2022-05-19T09:45:57","date_gmt":"2022-05-19T07:45:57","guid":{"rendered":"https:\/\/www.cinela.fr\/gammes-de-produits\/non%20class\u00e9\/tissu-albert-complet-dessus-dessous\/"},"modified":"2023-07-20T19:16:11","modified_gmt":"2023-07-20T17:16:11","slug":"tissu-albert-complet-dessus-dessous","status":"publish","type":"product","link":"https:\/\/www.cinela.fr\/fr\/gammes-de-produits\/bonnettes-albert\/tissu-albert-complet-dessus-dessous\/","title":{"rendered":"Tissu ALBERT complet (avant\/arri\u00e8re)"},"content":{"rendered":"<p>il est n\u00e9cessaire de pr\u00e9ciser le type de cage arri\u00e8re (ancienne version cage noire ou nouvelle version cage grise) car le mod\u00e8le est l\u00e9g\u00e8rement diff\u00e9rent selon la version de cage<\/p>\n","protected":false},"excerpt":{"rendered":"il est n\u00e9cessaire de pr\u00e9ciser le type de cage arri\u00e8re (ancienne version cage noire ou nouvelle version cage grise) car le mod\u00e8le est l\u00e9g\u00e8rement diff\u00e9rent selon la version de cage","protected":false},"featured_media":0,"template":"","meta":[],"product_brand":[],"product_cat":[147],"product_tag":[],"class_list":{"0":"post-12361","1":"product","2":"type-product","3":"status-publish","5":"product_cat-bonnettes-albert","7":"first","8":"instock","9":"shipping-taxable","10":"product-type-simple"},"_links":{"self":[{"href":"https:\/\/www.cinela.fr\/fr\/wp-json\/wp\/v2\/product\/12361","targetHints":{"allow":["GET"]}}],"collection":[{"href":"https:\/\/www.cinela.fr\/fr\/wp-json\/wp\/v2\/product"}],"about":[{"href":"https:\/\/www.cinela.fr\/fr\/wp-json\/wp\/v2\/types\/product"}],"wp:attachment":[{"href":"https:\/\/www.cinela.fr\/fr\/wp-json\/wp\/v2\/media?parent=12361"}],"wp:term":[{"taxonomy":"product_brand","embeddable":true,"href":"https:\/\/www.cinela.fr\/fr\/wp-json\/wp\/v2\/product_brand?post=12361"},{"taxonomy":"product_cat","embeddable":true,"href":"https:\/\/www.cinela.fr\/fr\/wp-json\/wp\/v2\/product_cat?post=12361"},{"taxonomy":"product_tag","embeddable":true,"href":"https:\/\/www.cinela.fr\/fr\/wp-json\/wp\/v2\/product_tag?post=12361"}],"curies":[{"name":"wp","href":"https:\/\/api.w.org\/{rel}","templated":true}]}}