{"id":12495,"date":"2022-05-19T09:46:02","date_gmt":"2022-05-19T07:46:02","guid":{"rendered":"https:\/\/www.cinela.fr\/gammes-de-produits\/non%20class\u00e9\/support-micro-pour-cosi-pour-cmc6-20-19mm\/"},"modified":"2024-06-10T17:10:26","modified_gmt":"2024-06-10T15:10:26","slug":"support-micro-pour-cosi-pour-cmc6-20-19mm","status":"publish","type":"product","link":"https:\/\/www.cinela.fr\/fr\/gammes-de-produits\/cosi-3\/support-micro-pour-cosi-pour-cmc6-20-19mm\/","title":{"rendered":"Support micro COSI,  pour CMC6 (20-19mm)"},"content":{"rendered":"<p>Support micro COSI, pour CMC6 (diam\u00e8tre frontal 20mm, diam\u00e8tre arri\u00e8re 20mm).<\/p>\n<p>Non compatible avec les corps CMC1U et CMD42.<br \/>\nPour ceux-ci, vous devez commander la r\u00e9f\u00e9rence OSI-HLD-CMC1U (20-20mm)<\/p>\n","protected":false},"excerpt":{"rendered":"Support micro COSI, pour CMC6 (diam\u00e8tre frontal 20mm, diam\u00e8tre arri\u00e8re 20mm). Non compatible avec les corps CMC1U et CMD42. Pour ceux-ci, vous devez commander la r\u00e9f\u00e9rence OSI-HLD-CMC1U (20-20mm)","protected":false},"featured_media":0,"template":"","meta":[],"product_brand":[],"product_cat":[219],"product_tag":[],"class_list":{"0":"post-12495","1":"product","2":"type-product","3":"status-publish","5":"product_cat-cosi-3","7":"first","8":"instock","9":"shipping-taxable","10":"product-type-simple"},"_links":{"self":[{"href":"https:\/\/www.cinela.fr\/fr\/wp-json\/wp\/v2\/product\/12495","targetHints":{"allow":["GET"]}}],"collection":[{"href":"https:\/\/www.cinela.fr\/fr\/wp-json\/wp\/v2\/product"}],"about":[{"href":"https:\/\/www.cinela.fr\/fr\/wp-json\/wp\/v2\/types\/product"}],"wp:attachment":[{"href":"https:\/\/www.cinela.fr\/fr\/wp-json\/wp\/v2\/media?parent=12495"}],"wp:term":[{"taxonomy":"product_brand","embeddable":true,"href":"https:\/\/www.cinela.fr\/fr\/wp-json\/wp\/v2\/product_brand?post=12495"},{"taxonomy":"product_cat","embeddable":true,"href":"https:\/\/www.cinela.fr\/fr\/wp-json\/wp\/v2\/product_cat?post=12495"},{"taxonomy":"product_tag","embeddable":true,"href":"https:\/\/www.cinela.fr\/fr\/wp-json\/wp\/v2\/product_tag?post=12495"}],"curies":[{"name":"wp","href":"https:\/\/api.w.org\/{rel}","templated":true}]}}