{"id":12510,"date":"2022-05-19T09:46:02","date_gmt":"2022-05-19T07:46:02","guid":{"rendered":"https:\/\/www.cinela.fr\/gammes-de-produits\/non%20class\u00e9\/bonnette-pianissimo-xlr7-minicmit2x-ccmfurv1\/"},"modified":"2025-10-12T20:44:09","modified_gmt":"2025-10-12T18:44:09","slug":"bonnette-pianissimo-xlr7-minicmit2x-ccmfurv1","status":"publish","type":"product","link":"https:\/\/www.cinela.fr\/fr\/gammes-de-produits\/bonnettes-pianissimo\/bonnette-pianissimo-xlr7-minicmit2x-ccmfurv1\/","title":{"rendered":"Bonnette PIANISSIMO XLR7 (MiniCMIT,2x CCM,Fur)V1"},"content":{"rendered":"<p>la diff\u00e9rence entre les versions V1 et V2 est le c\u00e2blage de base de la PIANI-3 .<\/p>\n<ul>\n<li>\n<p>La version V1 a le c\u00e2blage PIANI-CAB-3-S avec un seul support Binder<br \/>\n(2 Binder 3F) et un connecteur XLRF directement reli\u00e9 au circuit imprim\u00e9 de raccordement au c\u00e2ble de sortie de la PIANISSIMO).<\/p>\n<\/li>\n<li>\n<p>La version V2 a le c\u00e2blage PIANI-CAB-3-D avec deux supports Binder<br \/>\n(3 Binder 3F).<\/p>\n<\/li>\n<\/ul>\n<p>Rotule deux axes \u00ab\u00a0SW-2AX\u00a0\u00bb en standard. Voir la vid\u00e9o:<br \/>\n<a href=\"https:\/\/www.youtube.com\/watch?v=-wrzcO3qjbc\">https:\/\/www.youtube.com\/watch?v=-wrzcO3qjbc<\/a><\/p>\n","protected":false},"excerpt":{"rendered":"la diff\u00e9rence entre les versions V1 et V2 est le c\u00e2blage de base de la PIANI-3 . La version V1 a le c\u00e2blage PIANI-CAB-3-S avec un seul support Binder (2 Binder 3F) et un connecteur XLRF directement reli\u00e9 au circuit imprim\u00e9 de raccordement au c\u00e2ble de sortie de la PIANISSIMO). La version V2 a le [&hellip;]","protected":false},"featured_media":0,"template":"","meta":[],"product_brand":[],"product_cat":[141],"product_tag":[],"class_list":{"0":"post-12510","1":"product","2":"type-product","3":"status-publish","5":"product_cat-bonnettes-pianissimo","7":"first","8":"instock","9":"shipping-taxable","10":"product-type-simple"},"_links":{"self":[{"href":"https:\/\/www.cinela.fr\/fr\/wp-json\/wp\/v2\/product\/12510","targetHints":{"allow":["GET"]}}],"collection":[{"href":"https:\/\/www.cinela.fr\/fr\/wp-json\/wp\/v2\/product"}],"about":[{"href":"https:\/\/www.cinela.fr\/fr\/wp-json\/wp\/v2\/types\/product"}],"wp:attachment":[{"href":"https:\/\/www.cinela.fr\/fr\/wp-json\/wp\/v2\/media?parent=12510"}],"wp:term":[{"taxonomy":"product_brand","embeddable":true,"href":"https:\/\/www.cinela.fr\/fr\/wp-json\/wp\/v2\/product_brand?post=12510"},{"taxonomy":"product_cat","embeddable":true,"href":"https:\/\/www.cinela.fr\/fr\/wp-json\/wp\/v2\/product_cat?post=12510"},{"taxonomy":"product_tag","embeddable":true,"href":"https:\/\/www.cinela.fr\/fr\/wp-json\/wp\/v2\/product_tag?post=12510"}],"curies":[{"name":"wp","href":"https:\/\/api.w.org\/{rel}","templated":true}]}}