{"id":12518,"date":"2022-05-19T09:46:03","date_gmt":"2022-05-19T07:46:03","guid":{"rendered":"https:\/\/www.cinela.fr\/gammes-de-produits\/non%20class\u00e9\/cosi-cage-courte-specifique-schoeps-ccm\/"},"modified":"2023-05-12T14:50:06","modified_gmt":"2023-05-12T12:50:06","slug":"cosi-cage-courte-specifique-schoeps-ccm","status":"publish","type":"product","link":"https:\/\/www.cinela.fr\/fr\/gammes-de-produits\/cosi-3\/cosi-cage-courte-specifique-schoeps-ccm\/","title":{"rendered":"COSI, Cage Courte, sp\u00e9cifique Schoeps CCM"},"content":{"rendered":"<p>Usage avec le CCM ou CMC1L + MK4\/41 SANS le CUT60.<\/p>\n<p>Avec un CCM reli\u00e9 \u00e0 un \u00e9metteur num\u00e9rique, il est fortement conseill\u00e9 de commander la COSI-S-CCM avec l&rsquo;option RF (ligne \u00ab\u00a0RF-OPT\u00a0\u00bb \u00e0 ajouter sur la commande). Aucune n\u00e9cessit\u00e9 avec un CMC1L.<\/p>\n<p>Holder HLD-19 (19mm AV,  19mm AR)<br \/>\nC\u00e2ble sp\u00e9cifique avec adaptateur Lemo \u00ab\u00a0long\u00a0\u00bb<\/p>\n","protected":false},"excerpt":{"rendered":"Usage avec le CCM ou CMC1L + MK4\/41 SANS le CUT60. Avec un CCM reli\u00e9 \u00e0 un \u00e9metteur num\u00e9rique, il est fortement conseill\u00e9 de commander la COSI-S-CCM avec l&rsquo;option RF (ligne \u00ab\u00a0RF-OPT\u00a0\u00bb \u00e0 ajouter sur la commande). Aucune n\u00e9cessit\u00e9 avec un CMC1L. Holder HLD-19 (19mm AV, 19mm AR) C\u00e2ble sp\u00e9cifique avec adaptateur Lemo \u00ab\u00a0long\u00a0\u00bb","protected":false},"featured_media":0,"template":"","meta":[],"product_brand":[],"product_cat":[219],"product_tag":[],"class_list":{"0":"post-12518","1":"product","2":"type-product","3":"status-publish","5":"product_cat-cosi-3","7":"first","8":"instock","9":"shipping-taxable","10":"product-type-simple"},"_links":{"self":[{"href":"https:\/\/www.cinela.fr\/fr\/wp-json\/wp\/v2\/product\/12518","targetHints":{"allow":["GET"]}}],"collection":[{"href":"https:\/\/www.cinela.fr\/fr\/wp-json\/wp\/v2\/product"}],"about":[{"href":"https:\/\/www.cinela.fr\/fr\/wp-json\/wp\/v2\/types\/product"}],"wp:attachment":[{"href":"https:\/\/www.cinela.fr\/fr\/wp-json\/wp\/v2\/media?parent=12518"}],"wp:term":[{"taxonomy":"product_brand","embeddable":true,"href":"https:\/\/www.cinela.fr\/fr\/wp-json\/wp\/v2\/product_brand?post=12518"},{"taxonomy":"product_cat","embeddable":true,"href":"https:\/\/www.cinela.fr\/fr\/wp-json\/wp\/v2\/product_cat?post=12518"},{"taxonomy":"product_tag","embeddable":true,"href":"https:\/\/www.cinela.fr\/fr\/wp-json\/wp\/v2\/product_tag?post=12518"}],"curies":[{"name":"wp","href":"https:\/\/api.w.org\/{rel}","templated":true}]}}