{"id":12534,"date":"2022-05-19T09:46:03","date_gmt":"2022-05-19T07:46:03","guid":{"rendered":"https:\/\/www.cinela.fr\/gammes-de-produits\/non%20class\u00e9\/cable-pour-cosi-8060-avec-piece-3d\/"},"modified":"2023-05-12T14:50:06","modified_gmt":"2023-05-12T12:50:06","slug":"cable-pour-cosi-8060-avec-piece-3d","status":"publish","type":"product","link":"https:\/\/www.cinela.fr\/fr\/gammes-de-produits\/cosi-3\/cable-pour-cosi-8060-avec-piece-3d\/","title":{"rendered":"C\u00e2ble pour COSI-L-8060 (avec pi\u00e8ce 3D)"},"content":{"rendered":"<p>C\u00e2ble sp\u00e9cifique pour MKH8060 dans la COSI-L-8060.<br \/>\nConnecteur MZL (Sennheiser d&rsquo;origine) vers XLR3 m\u00e2le.<br \/>\nUsage SANS le MZF.<br \/>\nPi\u00e8ce 3D plus longue que la version d\u00e9di\u00e9e MZL + MZF.<br \/>\nA associer au Holder HLD-19 (Diam\u00e8tres 19mm Avant et Arri\u00e8re)<\/p>\n","protected":false},"excerpt":{"rendered":"C\u00e2ble sp\u00e9cifique pour MKH8060 dans la COSI-L-8060. Connecteur MZL (Sennheiser d&rsquo;origine) vers XLR3 m\u00e2le. Usage SANS le MZF. Pi\u00e8ce 3D plus longue que la version d\u00e9di\u00e9e MZL + MZF. A associer au Holder HLD-19 (Diam\u00e8tres 19mm Avant et Arri\u00e8re)","protected":false},"featured_media":0,"template":"","meta":[],"product_brand":[],"product_cat":[219],"product_tag":[],"class_list":{"0":"post-12534","1":"product","2":"type-product","3":"status-publish","5":"product_cat-cosi-3","7":"first","8":"instock","9":"shipping-taxable","10":"product-type-simple"},"_links":{"self":[{"href":"https:\/\/www.cinela.fr\/fr\/wp-json\/wp\/v2\/product\/12534","targetHints":{"allow":["GET"]}}],"collection":[{"href":"https:\/\/www.cinela.fr\/fr\/wp-json\/wp\/v2\/product"}],"about":[{"href":"https:\/\/www.cinela.fr\/fr\/wp-json\/wp\/v2\/types\/product"}],"wp:attachment":[{"href":"https:\/\/www.cinela.fr\/fr\/wp-json\/wp\/v2\/media?parent=12534"}],"wp:term":[{"taxonomy":"product_brand","embeddable":true,"href":"https:\/\/www.cinela.fr\/fr\/wp-json\/wp\/v2\/product_brand?post=12534"},{"taxonomy":"product_cat","embeddable":true,"href":"https:\/\/www.cinela.fr\/fr\/wp-json\/wp\/v2\/product_cat?post=12534"},{"taxonomy":"product_tag","embeddable":true,"href":"https:\/\/www.cinela.fr\/fr\/wp-json\/wp\/v2\/product_tag?post=12534"}],"curies":[{"name":"wp","href":"https:\/\/api.w.org\/{rel}","templated":true}]}}