{"id":12645,"date":"2022-05-25T12:27:58","date_gmt":"2022-05-25T10:27:58","guid":{"rendered":"https:\/\/www.cinela.fr\/gammes-de-produits\/non%20class\u00e9\/suspension-hard-pour-neumann-km180-et-kma180\/"},"modified":"2023-05-12T14:50:13","modified_gmt":"2023-05-12T12:50:13","slug":"suspension-hard-pour-neumann-km180-et-kma180","status":"publish","type":"product","link":"https:\/\/www.cinela.fr\/fr\/gammes-de-produits\/suspensions-gamme-classique-osix\/suspension-hard-pour-neumann-km180-et-kma180\/","title":{"rendered":"Suspension HARD pour Neumann KM180 et KMA180"},"content":{"rendered":"<p>OSIX 1-H est con\u00e7ue pour les microphones Neumann KM  s\u00e9rie 180 (capsule fixe) et les KMA s\u00e9rie modulaire 180 .<br \/>\nLe connecteur XLR femelle  est d\u00e9cal\u00e9 vers l&rsquo;avant et  l&rsquo;isolation est adapt\u00e9e pour  permettre de rajouter une protection anti-vent du type LEO avec sa fourrure. De ce fait pour un usage avec une protection anti-vent minimale type mousse l&rsquo;isolation ne sera pas optimum car un peu trop rigide.<br \/>\nPour un usage exclusivement en int\u00e9rieur il est pr\u00e9f\u00e9rable d&rsquo;opter pour l&rsquo;E-OSIX-KM-S plus souple et plus compacte.<\/p>\n","protected":false},"excerpt":{"rendered":"OSIX 1-H est con\u00e7ue pour les microphones Neumann KM s\u00e9rie 180 (capsule fixe) et les KMA s\u00e9rie modulaire 180 . Le connecteur XLR femelle est d\u00e9cal\u00e9 vers l&rsquo;avant et l&rsquo;isolation est adapt\u00e9e pour permettre de rajouter une protection anti-vent du type LEO avec sa fourrure. De ce fait pour un usage avec une protection anti-vent [&hellip;]","protected":false},"featured_media":0,"template":"","meta":[],"product_brand":[],"product_cat":[139],"product_tag":[],"class_list":{"0":"post-12645","1":"product","2":"type-product","3":"status-publish","5":"product_cat-suspensions-gamme-classique-osix","7":"first","8":"instock","9":"shipping-taxable","10":"product-type-simple"},"_links":{"self":[{"href":"https:\/\/www.cinela.fr\/fr\/wp-json\/wp\/v2\/product\/12645","targetHints":{"allow":["GET"]}}],"collection":[{"href":"https:\/\/www.cinela.fr\/fr\/wp-json\/wp\/v2\/product"}],"about":[{"href":"https:\/\/www.cinela.fr\/fr\/wp-json\/wp\/v2\/types\/product"}],"wp:attachment":[{"href":"https:\/\/www.cinela.fr\/fr\/wp-json\/wp\/v2\/media?parent=12645"}],"wp:term":[{"taxonomy":"product_brand","embeddable":true,"href":"https:\/\/www.cinela.fr\/fr\/wp-json\/wp\/v2\/product_brand?post=12645"},{"taxonomy":"product_cat","embeddable":true,"href":"https:\/\/www.cinela.fr\/fr\/wp-json\/wp\/v2\/product_cat?post=12645"},{"taxonomy":"product_tag","embeddable":true,"href":"https:\/\/www.cinela.fr\/fr\/wp-json\/wp\/v2\/product_tag?post=12645"}],"curies":[{"name":"wp","href":"https:\/\/api.w.org\/{rel}","templated":true}]}}