{"id":12693,"date":"2022-06-28T16:51:19","date_gmt":"2022-06-28T14:51:19","guid":{"rendered":"https:\/\/www.cinela.fr\/gammes-de-produits\/non%20class\u00e9\/e-osix-pour-schoeps-cmc-1l-hard10-1-00\/"},"modified":"2023-05-12T14:50:14","modified_gmt":"2023-05-12T12:50:14","slug":"e-osix-pour-schoeps-cmc-1l-hard10-1-00","status":"publish","type":"product","link":"https:\/\/www.cinela.fr\/fr\/gammes-de-produits\/suspensions-a-isolateurs-elliptiques-e-osix\/e-osix-pour-schoeps-cmc-1l-hard10-1-00\/","title":{"rendered":"E-OSIX pour Schoeps CMC-1L HARD(10-1-00)"},"content":{"rendered":"<p>Mini Suspension pour le micro Schoeps CMC1L + CUT60 + capsule MK + boule LEO-20 (usage SANS fourrure). A utiliser en prise de son int\u00e9rieure (d\u00e9placements rapides).<\/p>\n<p>Pour une utilisation SANS la LEO-20 et SANS le filtre CUT60, alors la MINIX-CCM-UL est recommand\u00e9e.<\/p>\n<p>Pour une prtotection sup\u00e9rieure en utilisation ext\u00e9rieure, la COSI-XS-CMC1L sera parfaite en tant que potection anti-vent compacte. Pour une protection maximale, choisissez la PIANISSIMO !<\/p>\n","protected":false},"excerpt":{"rendered":"Mini Suspension pour le micro Schoeps CMC1L + CUT60 + capsule MK + boule LEO-20 (usage SANS fourrure). A utiliser en prise de son int\u00e9rieure (d\u00e9placements rapides). Pour une utilisation SANS la LEO-20 et SANS le filtre CUT60, alors la MINIX-CCM-UL est recommand\u00e9e. Pour une prtotection sup\u00e9rieure en utilisation ext\u00e9rieure, la COSI-XS-CMC1L sera parfaite en [&hellip;]","protected":false},"featured_media":0,"template":"","meta":[],"product_brand":[],"product_cat":[137],"product_tag":[],"class_list":{"0":"post-12693","1":"product","2":"type-product","3":"status-publish","5":"product_cat-suspensions-a-isolateurs-elliptiques-e-osix","7":"first","8":"instock","9":"shipping-taxable","10":"product-type-simple"},"_links":{"self":[{"href":"https:\/\/www.cinela.fr\/fr\/wp-json\/wp\/v2\/product\/12693","targetHints":{"allow":["GET"]}}],"collection":[{"href":"https:\/\/www.cinela.fr\/fr\/wp-json\/wp\/v2\/product"}],"about":[{"href":"https:\/\/www.cinela.fr\/fr\/wp-json\/wp\/v2\/types\/product"}],"wp:attachment":[{"href":"https:\/\/www.cinela.fr\/fr\/wp-json\/wp\/v2\/media?parent=12693"}],"wp:term":[{"taxonomy":"product_brand","embeddable":true,"href":"https:\/\/www.cinela.fr\/fr\/wp-json\/wp\/v2\/product_brand?post=12693"},{"taxonomy":"product_cat","embeddable":true,"href":"https:\/\/www.cinela.fr\/fr\/wp-json\/wp\/v2\/product_cat?post=12693"},{"taxonomy":"product_tag","embeddable":true,"href":"https:\/\/www.cinela.fr\/fr\/wp-json\/wp\/v2\/product_tag?post=12693"}],"curies":[{"name":"wp","href":"https:\/\/api.w.org\/{rel}","templated":true}]}}