{"id":13855,"date":"2023-03-24T10:44:12","date_gmt":"2023-03-24T09:44:12","guid":{"rendered":"https:\/\/www.cinela.fr\/gammes-de-produits\/non%20class\u00e9\/cable-xlr3-m-f-pour-piano-mono\/"},"modified":"2023-09-18T12:34:39","modified_gmt":"2023-09-18T10:34:39","slug":"cable-xlr3-m-f-pour-piano-mono","status":"publish","type":"product","link":"https:\/\/www.cinela.fr\/fr\/gammes-de-produits\/bonnettes-piano\/cable-xlr3-m-f-pour-piano-mono\/","title":{"rendered":"C\u00e2ble XLR3 M\/F pour Piano Mono"},"content":{"rendered":"<p>C\u00e2ble interne pour bonnette PIANO.<br \/>\nXLR Neutrik all\u00e9g\u00e9es.<\/p>\n<p>Existe en version \u00ab\u00a0RF\u00a0\u00bb (renforcement de la protection contre les interf\u00e9rences dues \u00e0 l&rsquo;usage d&rsquo;\u00e9metteurs num\u00e9rique). Pour toute demande de c\u00e2blage \u00ab\u00a0RF\u00a0\u00bb, vous devez ajouter la ligne \u00ab\u00a0RF-OPT\u00a0\u00bb \u00e0 votre commande de r\u00e9f\u00e9rence PIA-1 ou PIA-CAB-1.<br \/>\nMarquage rouge<\/p>\n","protected":false},"excerpt":{"rendered":"C\u00e2ble interne pour bonnette PIANO. XLR Neutrik all\u00e9g\u00e9es. Existe en version \u00ab\u00a0RF\u00a0\u00bb (renforcement de la protection contre les interf\u00e9rences dues \u00e0 l&rsquo;usage d&rsquo;\u00e9metteurs num\u00e9rique). Pour toute demande de c\u00e2blage \u00ab\u00a0RF\u00a0\u00bb, vous devez ajouter la ligne \u00ab\u00a0RF-OPT\u00a0\u00bb \u00e0 votre commande de r\u00e9f\u00e9rence PIA-1 ou PIA-CAB-1. Marquage rouge","protected":false},"featured_media":0,"template":"","meta":[],"product_brand":[],"product_cat":[143],"product_tag":[],"class_list":{"0":"post-13855","1":"product","2":"type-product","3":"status-publish","5":"product_cat-bonnettes-piano","7":"first","8":"instock","9":"shipping-taxable","10":"product-type-simple"},"_links":{"self":[{"href":"https:\/\/www.cinela.fr\/fr\/wp-json\/wp\/v2\/product\/13855","targetHints":{"allow":["GET"]}}],"collection":[{"href":"https:\/\/www.cinela.fr\/fr\/wp-json\/wp\/v2\/product"}],"about":[{"href":"https:\/\/www.cinela.fr\/fr\/wp-json\/wp\/v2\/types\/product"}],"wp:attachment":[{"href":"https:\/\/www.cinela.fr\/fr\/wp-json\/wp\/v2\/media?parent=13855"}],"wp:term":[{"taxonomy":"product_brand","embeddable":true,"href":"https:\/\/www.cinela.fr\/fr\/wp-json\/wp\/v2\/product_brand?post=13855"},{"taxonomy":"product_cat","embeddable":true,"href":"https:\/\/www.cinela.fr\/fr\/wp-json\/wp\/v2\/product_cat?post=13855"},{"taxonomy":"product_tag","embeddable":true,"href":"https:\/\/www.cinela.fr\/fr\/wp-json\/wp\/v2\/product_tag?post=13855"}],"curies":[{"name":"wp","href":"https:\/\/api.w.org\/{rel}","templated":true}]}}