{"id":13994,"date":"2023-03-30T14:41:48","date_gmt":"2023-03-30T12:41:48","guid":{"rendered":"https:\/\/www.cinela.fr\/gammes-de-produits\/non%20class\u00e9\/bonnette-albert-pour-dpa-4011c\/"},"modified":"2025-10-12T20:44:10","modified_gmt":"2025-10-12T18:44:10","slug":"bonnette-albert-pour-dpa-4011c","status":"publish","type":"product","link":"https:\/\/www.cinela.fr\/fr\/gammes-de-produits\/bonnettes-albert\/bonnette-albert-pour-dpa-4011c\/","title":{"rendered":"Bonnette ORTF pour DPA 4011C et Schoeps CMC1U"},"content":{"rendered":"<p>Bonnette st\u00e9r\u00e9o (sortie XLR5M) adapt\u00e9e \u00e0 une paire de micros cardio\u00efdes DPA 4011C ou Schoeps CMC1U (XLR, without CUT60).<\/p>\n<p>Usage principal ORTF et (pseudo) XY occasionnel.<br \/>\nVersion TRI impossible ! (not enough place)<\/p>\n<p>Rotule deux axes \u00ab\u00a0SW-2AX\u00a0\u00bb en standard. Voir la vid\u00e9o:<br \/>\n<a href=\"https:\/\/www.youtube.com\/watch?v=-wrzcO3qjbc\">https:\/\/www.youtube.com\/watch?v=-wrzcO3qjbc<\/a><\/p>\n","protected":false},"excerpt":{"rendered":"Bonnette st\u00e9r\u00e9o (sortie XLR5M) adapt\u00e9e \u00e0 une paire de micros cardio\u00efdes DPA 4011C ou Schoeps CMC1U (XLR, without CUT60). Usage principal ORTF et (pseudo) XY occasionnel. Version TRI impossible ! (not enough place) Rotule deux axes \u00ab\u00a0SW-2AX\u00a0\u00bb en standard. Voir la vid\u00e9o: https:\/\/www.youtube.com\/watch?v=-wrzcO3qjbc","protected":false},"featured_media":0,"template":"","meta":[],"product_brand":[],"product_cat":[147],"product_tag":[],"class_list":{"0":"post-13994","1":"product","2":"type-product","3":"status-publish","5":"product_cat-bonnettes-albert","7":"first","8":"instock","9":"shipping-taxable","10":"product-type-simple"},"_links":{"self":[{"href":"https:\/\/www.cinela.fr\/fr\/wp-json\/wp\/v2\/product\/13994","targetHints":{"allow":["GET"]}}],"collection":[{"href":"https:\/\/www.cinela.fr\/fr\/wp-json\/wp\/v2\/product"}],"about":[{"href":"https:\/\/www.cinela.fr\/fr\/wp-json\/wp\/v2\/types\/product"}],"wp:attachment":[{"href":"https:\/\/www.cinela.fr\/fr\/wp-json\/wp\/v2\/media?parent=13994"}],"wp:term":[{"taxonomy":"product_brand","embeddable":true,"href":"https:\/\/www.cinela.fr\/fr\/wp-json\/wp\/v2\/product_brand?post=13994"},{"taxonomy":"product_cat","embeddable":true,"href":"https:\/\/www.cinela.fr\/fr\/wp-json\/wp\/v2\/product_cat?post=13994"},{"taxonomy":"product_tag","embeddable":true,"href":"https:\/\/www.cinela.fr\/fr\/wp-json\/wp\/v2\/product_tag?post=13994"}],"curies":[{"name":"wp","href":"https:\/\/api.w.org\/{rel}","templated":true}]}}