{"id":14008,"date":"2023-03-30T15:20:49","date_gmt":"2023-03-30T13:20:49","guid":{"rendered":"https:\/\/www.cinela.fr\/gammes-de-produits\/non%20class\u00e9\/cable-pour-cosi-8060-avec-piece-3d-2\/"},"modified":"2023-05-12T14:50:16","modified_gmt":"2023-05-12T12:50:16","slug":"cable-pour-cosi-8060-avec-piece-3d-2","status":"publish","type":"product","link":"https:\/\/www.cinela.fr\/fr\/gammes-de-produits\/cosi-3\/cable-pour-cosi-8060-avec-piece-3d-2\/","title":{"rendered":"C\u00e2ble pour COSI-8060-MZF (avec pi\u00e8ce 3D)"},"content":{"rendered":"<p>C\u00e2ble sp\u00e9cifique pour MKH8060 dans la COSI-L.<br \/>\nConnecteur Sennheiser MZL d&rsquo;origine, vers XLR 3broches m\u00e2le.<br \/>\nUsage <strong>AVEC<\/strong> le MZF.<\/p>\n<p>Pi\u00e8ce 3D plus courte que la version sans MZF.<\/p>\n<p><strong>Incompatible<\/strong> avec le 8060 en terminaison XLR (MZX).<\/p>\n<p>Holder adapt\u00e9: HLD-19 (19mm Avant et Arri\u00e8re)<\/p>\n","protected":false},"excerpt":{"rendered":"C\u00e2ble sp\u00e9cifique pour MKH8060 dans la COSI-L. Connecteur Sennheiser MZL d&rsquo;origine, vers XLR 3broches m\u00e2le. Usage AVEC le MZF. Pi\u00e8ce 3D plus courte que la version sans MZF. Incompatible avec le 8060 en terminaison XLR (MZX). Holder adapt\u00e9: HLD-19 (19mm Avant et Arri\u00e8re)","protected":false},"featured_media":0,"template":"","meta":[],"product_brand":[],"product_cat":[219],"product_tag":[],"class_list":{"0":"post-14008","1":"product","2":"type-product","3":"status-publish","5":"product_cat-cosi-3","7":"first","8":"instock","9":"shipping-taxable","10":"product-type-simple"},"_links":{"self":[{"href":"https:\/\/www.cinela.fr\/fr\/wp-json\/wp\/v2\/product\/14008","targetHints":{"allow":["GET"]}}],"collection":[{"href":"https:\/\/www.cinela.fr\/fr\/wp-json\/wp\/v2\/product"}],"about":[{"href":"https:\/\/www.cinela.fr\/fr\/wp-json\/wp\/v2\/types\/product"}],"wp:attachment":[{"href":"https:\/\/www.cinela.fr\/fr\/wp-json\/wp\/v2\/media?parent=14008"}],"wp:term":[{"taxonomy":"product_brand","embeddable":true,"href":"https:\/\/www.cinela.fr\/fr\/wp-json\/wp\/v2\/product_brand?post=14008"},{"taxonomy":"product_cat","embeddable":true,"href":"https:\/\/www.cinela.fr\/fr\/wp-json\/wp\/v2\/product_cat?post=14008"},{"taxonomy":"product_tag","embeddable":true,"href":"https:\/\/www.cinela.fr\/fr\/wp-json\/wp\/v2\/product_tag?post=14008"}],"curies":[{"name":"wp","href":"https:\/\/api.w.org\/{rel}","templated":true}]}}