{"id":14012,"date":"2023-03-30T15:29:17","date_gmt":"2023-03-30T13:29:17","guid":{"rendered":"https:\/\/www.cinela.fr\/gammes-de-produits\/non%20class\u00e9\/cable-pour-cosi-xs-cmc1l-avec-piece-3d\/"},"modified":"2023-05-12T14:50:16","modified_gmt":"2023-05-12T12:50:16","slug":"cable-pour-cosi-xs-cmc1l-avec-piece-3d","status":"publish","type":"product","link":"https:\/\/www.cinela.fr\/fr\/gammes-de-produits\/cosi-3\/cable-pour-cosi-xs-cmc1l-avec-piece-3d\/","title":{"rendered":"C\u00e2ble pour COSI-XS-CMC1L (avec pi\u00e8ce 3D)"},"content":{"rendered":"<p>C\u00e2ble sp\u00e9cifique pour CMC1L dans la COSI-XS . Pi\u00e8ce 3D plus courte que la version pour CCM dans COSI-S.<\/p>\n<p>Compatible AVEC or SANS CUT60.<\/p>\n<p>Compatible CCM.<\/p>\n<p>Holder adapt\u00e9: COSI-HLD-20 (diam\u00e8tre avant 20mm, diam\u00e8tre arri\u00e8re 19mm). Compatible COSI-HLD-20-20.<\/p>\n","protected":false},"excerpt":{"rendered":"C\u00e2ble sp\u00e9cifique pour CMC1L dans la COSI-XS . Pi\u00e8ce 3D plus courte que la version pour CCM dans COSI-S. Compatible AVEC or SANS CUT60. Compatible CCM. Holder adapt\u00e9: COSI-HLD-20 (diam\u00e8tre avant 20mm, diam\u00e8tre arri\u00e8re 19mm). Compatible COSI-HLD-20-20.","protected":false},"featured_media":0,"template":"","meta":[],"product_brand":[],"product_cat":[219],"product_tag":[],"class_list":{"0":"post-14012","1":"product","2":"type-product","3":"status-publish","5":"product_cat-cosi-3","7":"first","8":"instock","9":"shipping-taxable","10":"product-type-simple"},"_links":{"self":[{"href":"https:\/\/www.cinela.fr\/fr\/wp-json\/wp\/v2\/product\/14012","targetHints":{"allow":["GET"]}}],"collection":[{"href":"https:\/\/www.cinela.fr\/fr\/wp-json\/wp\/v2\/product"}],"about":[{"href":"https:\/\/www.cinela.fr\/fr\/wp-json\/wp\/v2\/types\/product"}],"wp:attachment":[{"href":"https:\/\/www.cinela.fr\/fr\/wp-json\/wp\/v2\/media?parent=14012"}],"wp:term":[{"taxonomy":"product_brand","embeddable":true,"href":"https:\/\/www.cinela.fr\/fr\/wp-json\/wp\/v2\/product_brand?post=14012"},{"taxonomy":"product_cat","embeddable":true,"href":"https:\/\/www.cinela.fr\/fr\/wp-json\/wp\/v2\/product_cat?post=14012"},{"taxonomy":"product_tag","embeddable":true,"href":"https:\/\/www.cinela.fr\/fr\/wp-json\/wp\/v2\/product_tag?post=14012"}],"curies":[{"name":"wp","href":"https:\/\/api.w.org\/{rel}","templated":true}]}}