{"id":14037,"date":"2023-03-30T17:54:51","date_gmt":"2023-03-30T15:54:51","guid":{"rendered":"https:\/\/www.cinela.fr\/gammes-de-produits\/non%20class\u00e9\/cosi-cage-extra-courte-cmc1l-cut60-conseille\/"},"modified":"2023-05-12T14:50:17","modified_gmt":"2023-05-12T12:50:17","slug":"cosi-cage-extra-courte-cmc1l-cut60-conseille","status":"publish","type":"product","link":"https:\/\/www.cinela.fr\/fr\/gammes-de-produits\/cosi-3\/cosi-cage-extra-courte-cmc1l-cut60-conseille\/","title":{"rendered":"COSI, Cage extra courte, CMC1L (CUT60 conseill\u00e9)"},"content":{"rendered":"<p>COSI pour CMC1L (Lemo), avec ou sans CUT60.<br \/>\nCAGE de taille XS<br \/>\nCompatible CCM4\/41<\/p>\n<p>C\u00e2ble sp\u00e9cifique Lemo-XLR avec adaptation par pi\u00e8ce 3D (plus courte que la version CCM dans COSI-S)<\/p>\n<p>Holder inclus: COSI-HLD-20 (diam\u00e8tre avant 20mm, diam\u00e8tre arri\u00e8re 19mm).<br \/>\nCompatible COSI-HLD-20-20 (20mm, 20mm)<\/p>\n","protected":false},"excerpt":{"rendered":"COSI pour CMC1L (Lemo), avec ou sans CUT60. CAGE de taille XS Compatible CCM4\/41 C\u00e2ble sp\u00e9cifique Lemo-XLR avec adaptation par pi\u00e8ce 3D (plus courte que la version CCM dans COSI-S) Holder inclus: COSI-HLD-20 (diam\u00e8tre avant 20mm, diam\u00e8tre arri\u00e8re 19mm). Compatible COSI-HLD-20-20 (20mm, 20mm)","protected":false},"featured_media":0,"template":"","meta":[],"product_brand":[],"product_cat":[219],"product_tag":[],"class_list":{"0":"post-14037","1":"product","2":"type-product","3":"status-publish","5":"product_cat-cosi-3","7":"first","8":"instock","9":"shipping-taxable","10":"product-type-simple"},"_links":{"self":[{"href":"https:\/\/www.cinela.fr\/fr\/wp-json\/wp\/v2\/product\/14037","targetHints":{"allow":["GET"]}}],"collection":[{"href":"https:\/\/www.cinela.fr\/fr\/wp-json\/wp\/v2\/product"}],"about":[{"href":"https:\/\/www.cinela.fr\/fr\/wp-json\/wp\/v2\/types\/product"}],"wp:attachment":[{"href":"https:\/\/www.cinela.fr\/fr\/wp-json\/wp\/v2\/media?parent=14037"}],"wp:term":[{"taxonomy":"product_brand","embeddable":true,"href":"https:\/\/www.cinela.fr\/fr\/wp-json\/wp\/v2\/product_brand?post=14037"},{"taxonomy":"product_cat","embeddable":true,"href":"https:\/\/www.cinela.fr\/fr\/wp-json\/wp\/v2\/product_cat?post=14037"},{"taxonomy":"product_tag","embeddable":true,"href":"https:\/\/www.cinela.fr\/fr\/wp-json\/wp\/v2\/product_tag?post=14037"}],"curies":[{"name":"wp","href":"https:\/\/api.w.org\/{rel}","templated":true}]}}