{"id":14162,"date":"2023-03-31T23:24:29","date_gmt":"2023-03-31T21:24:29","guid":{"rendered":"https:\/\/www.cinela.fr\/gammes-de-produits\/non class\u00e9\/suspension-pour-schoeps-ccm-sw-ul\/"},"modified":"2023-07-06T15:46:15","modified_gmt":"2023-07-06T13:46:15","slug":"suspension-pour-schoeps-ccm-sw-ul","status":"publish","type":"product","link":"https:\/\/www.cinela.fr\/fr\/gammes-de-produits\/suspensions-a-isolateurs-elliptiques-e-osix\/suspension-pour-schoeps-ccm-sw-ul\/","title":{"rendered":"Suspension pour Schoeps CCM, SW-UL"},"content":{"rendered":"<p>Mini Suspension pour micro compact Schoeps CCM ou CMC1L sans CUT60. Usage int\u00e9rieur exclusif. Mousse B5 ou B5D.<br \/>\nPour une utilisation avec un CCM connect\u00e9 \u00e0 un \u00e9metteur num\u00e9rique, l&rsquo;option RF est fortement recommand\u00e9e (RF-OPT) !  Inutile avec le CMC1L.<\/p>\n","protected":false},"excerpt":{"rendered":"Mini Suspension pour micro compact Schoeps CCM ou CMC1L sans CUT60. Usage int\u00e9rieur exclusif. Mousse B5 ou B5D. Pour une utilisation avec un CCM connect\u00e9 \u00e0 un \u00e9metteur num\u00e9rique, l&rsquo;option RF est fortement recommand\u00e9e (RF-OPT) ! Inutile avec le CMC1L.","protected":false},"featured_media":0,"template":"","meta":[],"product_brand":[],"product_cat":[137],"product_tag":[],"class_list":{"0":"post-14162","1":"product","2":"type-product","3":"status-publish","5":"product_cat-suspensions-a-isolateurs-elliptiques-e-osix","7":"first","8":"instock","9":"shipping-taxable","10":"product-type-simple"},"_links":{"self":[{"href":"https:\/\/www.cinela.fr\/fr\/wp-json\/wp\/v2\/product\/14162","targetHints":{"allow":["GET"]}}],"collection":[{"href":"https:\/\/www.cinela.fr\/fr\/wp-json\/wp\/v2\/product"}],"about":[{"href":"https:\/\/www.cinela.fr\/fr\/wp-json\/wp\/v2\/types\/product"}],"wp:attachment":[{"href":"https:\/\/www.cinela.fr\/fr\/wp-json\/wp\/v2\/media?parent=14162"}],"wp:term":[{"taxonomy":"product_brand","embeddable":true,"href":"https:\/\/www.cinela.fr\/fr\/wp-json\/wp\/v2\/product_brand?post=14162"},{"taxonomy":"product_cat","embeddable":true,"href":"https:\/\/www.cinela.fr\/fr\/wp-json\/wp\/v2\/product_cat?post=14162"},{"taxonomy":"product_tag","embeddable":true,"href":"https:\/\/www.cinela.fr\/fr\/wp-json\/wp\/v2\/product_tag?post=14162"}],"curies":[{"name":"wp","href":"https:\/\/api.w.org\/{rel}","templated":true}]}}