{"id":14174,"date":"2023-04-01T09:33:28","date_gmt":"2023-04-01T07:33:28","guid":{"rendered":"https:\/\/www.cinela.fr\/gammes-de-produits\/non%20class\u00e9\/sangle-longue-pour-osix-1-3-3-60\/"},"modified":"2023-05-12T14:49:28","modified_gmt":"2023-05-12T12:49:28","slug":"sangle-longue-pour-osix-1-3-3-60","status":"publish","type":"product","link":"https:\/\/www.cinela.fr\/fr\/gammes-de-produits\/accessoires-autres\/sangle-longue-pour-osix-1-3-3-60\/","title":{"rendered":"Sangle longue pour OSIX \u00e0 isolateurs crois\u00e9s pour micros de \u00f8&nbsp;: 21 \u00e0 25mm"},"content":{"rendered":"<p>Sangle longue pour fixer le microphone dans une suspension OSIX (avec isolateurs crois\u00e9s) pour micros de \u00f8 : 21 \u00e0 25 mm<\/p>\n","protected":false},"excerpt":{"rendered":"Sangle longue pour fixer le microphone dans une suspension OSIX (avec isolateurs crois\u00e9s) pour micros de \u00f8 : 21 \u00e0 25 mm","protected":false},"featured_media":0,"template":"","meta":[],"product_brand":[],"product_cat":[151],"product_tag":[],"class_list":{"0":"post-14174","1":"product","2":"type-product","3":"status-publish","5":"product_cat-accessoires-autres","7":"first","8":"instock","9":"shipping-taxable","10":"product-type-simple"},"_links":{"self":[{"href":"https:\/\/www.cinela.fr\/fr\/wp-json\/wp\/v2\/product\/14174","targetHints":{"allow":["GET"]}}],"collection":[{"href":"https:\/\/www.cinela.fr\/fr\/wp-json\/wp\/v2\/product"}],"about":[{"href":"https:\/\/www.cinela.fr\/fr\/wp-json\/wp\/v2\/types\/product"}],"wp:attachment":[{"href":"https:\/\/www.cinela.fr\/fr\/wp-json\/wp\/v2\/media?parent=14174"}],"wp:term":[{"taxonomy":"product_brand","embeddable":true,"href":"https:\/\/www.cinela.fr\/fr\/wp-json\/wp\/v2\/product_brand?post=14174"},{"taxonomy":"product_cat","embeddable":true,"href":"https:\/\/www.cinela.fr\/fr\/wp-json\/wp\/v2\/product_cat?post=14174"},{"taxonomy":"product_tag","embeddable":true,"href":"https:\/\/www.cinela.fr\/fr\/wp-json\/wp\/v2\/product_tag?post=14174"}],"curies":[{"name":"wp","href":"https:\/\/api.w.org\/{rel}","templated":true}]}}