{"id":14209,"date":"2023-04-04T17:46:32","date_gmt":"2023-04-04T15:46:32","guid":{"rendered":"https:\/\/www.cinela.fr\/gammes-de-produits\/non%20class\u00e9\/zephyx-complete-pour-couple-ms-schoeps-cmc\/"},"modified":"2025-10-12T20:44:04","modified_gmt":"2025-10-12T18:44:04","slug":"zephyx-complete-pour-couple-ms-schoeps-cmc","status":"publish","type":"product","link":"https:\/\/www.cinela.fr\/fr\/gammes-de-produits\/bonnettes-zephyx\/zephyx-complete-pour-couple-ms-schoeps-cmc\/","title":{"rendered":"ZEPHYX compl\u00e8te pour couple MS Schoeps CMC"},"content":{"rendered":"<p>Bonnette compl\u00e8te compos\u00e9e d&rsquo;un Bloc suspension pour couple CMC MS Schoeps (R\u00e9f X-SET-CMC-MS) et d&rsquo;un ensemble anti-vent Z-WIND. <\/p>\n<p>Le c\u00e2blage se termine par une XLR 5 broches standard. L&rsquo;ensemble est utilisable en int\u00e9rieur \u00e0 l&rsquo;aide des deux bonnettes d&rsquo;origine ou autres.<\/p>\n<p>Rotule deux axes \u00ab\u00a0SW-2AX\u00a0\u00bb en standard. Voir la vid\u00e9o:<br \/>\n<a href=\"https:\/\/www.youtube.com\/watch?v=-wrzcO3qjbc\">https:\/\/www.youtube.com\/watch?v=-wrzcO3qjbc<\/a><\/p>\n","protected":false},"excerpt":{"rendered":"Bonnette compl\u00e8te compos\u00e9e d&rsquo;un Bloc suspension pour couple CMC MS Schoeps (R\u00e9f X-SET-CMC-MS) et d&rsquo;un ensemble anti-vent Z-WIND. Le c\u00e2blage se termine par une XLR 5 broches standard. L&rsquo;ensemble est utilisable en int\u00e9rieur \u00e0 l&rsquo;aide des deux bonnettes d&rsquo;origine ou autres. Rotule deux axes \u00ab\u00a0SW-2AX\u00a0\u00bb en standard. Voir la vid\u00e9o: https:\/\/www.youtube.com\/watch?v=-wrzcO3qjbc","protected":false},"featured_media":0,"template":"","meta":[],"product_brand":[],"product_cat":[145],"product_tag":[],"class_list":{"0":"post-14209","1":"product","2":"type-product","3":"status-publish","5":"product_cat-bonnettes-zephyx","7":"first","8":"instock","9":"shipping-taxable","10":"product-type-simple"},"_links":{"self":[{"href":"https:\/\/www.cinela.fr\/fr\/wp-json\/wp\/v2\/product\/14209","targetHints":{"allow":["GET"]}}],"collection":[{"href":"https:\/\/www.cinela.fr\/fr\/wp-json\/wp\/v2\/product"}],"about":[{"href":"https:\/\/www.cinela.fr\/fr\/wp-json\/wp\/v2\/types\/product"}],"wp:attachment":[{"href":"https:\/\/www.cinela.fr\/fr\/wp-json\/wp\/v2\/media?parent=14209"}],"wp:term":[{"taxonomy":"product_brand","embeddable":true,"href":"https:\/\/www.cinela.fr\/fr\/wp-json\/wp\/v2\/product_brand?post=14209"},{"taxonomy":"product_cat","embeddable":true,"href":"https:\/\/www.cinela.fr\/fr\/wp-json\/wp\/v2\/product_cat?post=14209"},{"taxonomy":"product_tag","embeddable":true,"href":"https:\/\/www.cinela.fr\/fr\/wp-json\/wp\/v2\/product_tag?post=14209"}],"curies":[{"name":"wp","href":"https:\/\/api.w.org\/{rel}","templated":true}]}}