{"id":14213,"date":"2023-04-04T17:46:40","date_gmt":"2023-04-04T15:46:40","guid":{"rendered":"https:\/\/www.cinela.fr\/gammes-de-produits\/non%20class\u00e9\/crosse-centrale-piano-rotule-2-axes\/"},"modified":"2025-10-12T20:44:07","modified_gmt":"2025-10-12T18:44:07","slug":"crosse-centrale-piano-rotule-2-axes","status":"publish","type":"product","link":"https:\/\/www.cinela.fr\/fr\/gammes-de-produits\/bonnettes-piano\/crosse-centrale-piano-rotule-2-axes\/","title":{"rendered":"ANCIENNE Crosse centrale PIANO (rotule 2 axes)"},"content":{"rendered":"<p>ANCIENNE \u00ab\u00a0Crosse\u00a0\u00bb centrale pour bonnette PIANO (mod\u00e8le DOUBLE axe).<\/p>\n<p>Cette pi\u00e8ce d\u00e9tach\u00e9e est toujours propos\u00e9e \u00e0 la vente, mais il est fortement conseill\u00e9 d&rsquo;acqu\u00e9rir le KIT de mise \u00e0 niveau KIT-2AX-PIA (Rotule deux axes et embase \u00ab\u00a0large\u00a0\u00bb SW-UL):<br \/>\n<a href=\"https:\/\/www.youtube.com\/watch?v=-wrzcO3qjbc\">https:\/\/www.youtube.com\/watch?v=-wrzcO3qjbc<\/a><\/p>\n","protected":false},"excerpt":{"rendered":"ANCIENNE \u00ab\u00a0Crosse\u00a0\u00bb centrale pour bonnette PIANO (mod\u00e8le DOUBLE axe). Cette pi\u00e8ce d\u00e9tach\u00e9e est toujours propos\u00e9e \u00e0 la vente, mais il est fortement conseill\u00e9 d&rsquo;acqu\u00e9rir le KIT de mise \u00e0 niveau KIT-2AX-PIA (Rotule deux axes et embase \u00ab\u00a0large\u00a0\u00bb SW-UL): https:\/\/www.youtube.com\/watch?v=-wrzcO3qjbc","protected":false},"featured_media":0,"template":"","meta":[],"product_brand":[],"product_cat":[143],"product_tag":[],"class_list":{"0":"post-14213","1":"product","2":"type-product","3":"status-publish","5":"product_cat-bonnettes-piano","7":"first","8":"instock","9":"shipping-taxable","10":"product-type-simple"},"_links":{"self":[{"href":"https:\/\/www.cinela.fr\/fr\/wp-json\/wp\/v2\/product\/14213","targetHints":{"allow":["GET"]}}],"collection":[{"href":"https:\/\/www.cinela.fr\/fr\/wp-json\/wp\/v2\/product"}],"about":[{"href":"https:\/\/www.cinela.fr\/fr\/wp-json\/wp\/v2\/types\/product"}],"wp:attachment":[{"href":"https:\/\/www.cinela.fr\/fr\/wp-json\/wp\/v2\/media?parent=14213"}],"wp:term":[{"taxonomy":"product_brand","embeddable":true,"href":"https:\/\/www.cinela.fr\/fr\/wp-json\/wp\/v2\/product_brand?post=14213"},{"taxonomy":"product_cat","embeddable":true,"href":"https:\/\/www.cinela.fr\/fr\/wp-json\/wp\/v2\/product_cat?post=14213"},{"taxonomy":"product_tag","embeddable":true,"href":"https:\/\/www.cinela.fr\/fr\/wp-json\/wp\/v2\/product_tag?post=14213"}],"curies":[{"name":"wp","href":"https:\/\/api.w.org\/{rel}","templated":true}]}}